{"id":2298,"date":"2025-05-23T09:10:02","date_gmt":"2025-05-23T01:10:02","guid":{"rendered":"https:\/\/www.andelutech.com\/?post_type=product&#038;p=2298"},"modified":"2026-01-09T11:47:43","modified_gmt":"2026-01-09T03:47:43","slug":"high-precision-high-performance-fog-ins","status":"publish","type":"product","link":"https:\/\/www.andelutech.com\/fr\/product\/high-precision-high-performance-fog-ins\/","title":{"rendered":"AND-FINS-120 High Precision &#038; High Performance"},"content":{"rendered":"","protected":false},"excerpt":{"rendered":"<p><strong><b>Introduction\u00a0<\/b><\/strong><\/p>\n<p>Et fins-120 haute pr\u00e9cision et haute performance\u00a0<a href=\"https:\/\/www.ericcointernational.com\/inertial-navigation-system\/fog-inertial-navigation-system\/\">BROUILLARD<\/a>\u00a0sont tous des produits de navigation inertielle \u00e0 la sangle. Les composants de base de la s\u00e9rie de produits de navigation inertielle sont trois gyroscopes \u00e0 fibre optique de grade correspondant, trois acc\u00e9l\u00e9rom\u00e8tres pendaires flexibles en quartz, circuit d'ordinateur de navigation, circuit de traitement de l'information, circuit de conversion de fr\u00e9quence actuel, appareil de changement de puissance, plate-forme structurelle \/structural Bo\u00eete de vibration. Le produit peut \u00eatre utilis\u00e9 pour la mesure en temps r\u00e9el de trois informations de translation et de trois informations mobiles de divers avions ou objets en mouvement, et peut produire des informations de navigation en temps r\u00e9el telles que l'incr\u00e9ment angulaire, l'incr\u00e9ment de vitesse apparente, l'attitude, la vitesse et la position du transporteur. Cette s\u00e9rie de produits a les caract\u00e9ristiques d'une large gamme de travail dynamique, une forte adaptabilit\u00e9 \u00e0 l'environnement et des informations de navigation compl\u00e8tes.<\/p>","protected":false},"featured_media":2299,"comment_status":"open","ping_status":"closed","template":"","meta":[],"product_brand":[],"product_cat":[26],"product_tag":[],"class_list":{"0":"post-2298","1":"product","2":"type-product","3":"status-publish","4":"has-post-thumbnail","6":"product_cat-imu-mems-ins","8":"first","9":"instock","10":"shipping-taxable","11":"product-type-simple"},"_links":{"self":[{"href":"https:\/\/www.andelutech.com\/fr\/wp-json\/wp\/v2\/product\/2298","targetHints":{"allow":["GET"]}}],"collection":[{"href":"https:\/\/www.andelutech.com\/fr\/wp-json\/wp\/v2\/product"}],"about":[{"href":"https:\/\/www.andelutech.com\/fr\/wp-json\/wp\/v2\/types\/product"}],"replies":[{"embeddable":true,"href":"https:\/\/www.andelutech.com\/fr\/wp-json\/wp\/v2\/comments?post=2298"}],"wp:featuredmedia":[{"embeddable":true,"href":"https:\/\/www.andelutech.com\/fr\/wp-json\/wp\/v2\/media\/2299"}],"wp:attachment":[{"href":"https:\/\/www.andelutech.com\/fr\/wp-json\/wp\/v2\/media?parent=2298"}],"wp:term":[{"taxonomy":"product_brand","embeddable":true,"href":"https:\/\/www.andelutech.com\/fr\/wp-json\/wp\/v2\/product_brand?post=2298"},{"taxonomy":"product_cat","embeddable":true,"href":"https:\/\/www.andelutech.com\/fr\/wp-json\/wp\/v2\/product_cat?post=2298"},{"taxonomy":"product_tag","embeddable":true,"href":"https:\/\/www.andelutech.com\/fr\/wp-json\/wp\/v2\/product_tag?post=2298"}],"curies":[{"name":"wp","href":"https:\/\/api.w.org\/{rel}","templated":true}]}}