{"id":2296,"date":"2025-05-23T09:02:39","date_gmt":"2025-05-23T01:02:39","guid":{"rendered":"https:\/\/www.andelutech.com\/?post_type=product&#038;p=2296"},"modified":"2025-06-30T15:46:54","modified_gmt":"2025-06-30T07:46:54","slug":"and-fins-98-high-performance-fog-ins-replace-phins","status":"publish","type":"product","link":"https:\/\/www.andelutech.com\/fr\/product\/and-fins-98-high-performance-fog-ins-replace-phins\/","title":{"rendered":"Et FINS-98 Fog High Performance (Remplacer les phins)\u00a0"},"content":{"rendered":"","protected":false},"excerpt":{"rendered":"<p><strong><b>Introduction<\/b><\/strong><\/p>\n<p>AND-FINS-98\u00a0<a href=\"https:\/\/www.ericcointernational.com\/inertial-navigation-system\/fog-inertial-navigation-system\/\">Syst\u00e8me de navigation inertielle de brouillard\u2002<\/a>(Substitut des phins) utilise un gyroscope \u00e0 fibre optique \u00e0 trois axes pour d\u00e9tecter les mouvements angulaires et sortir un signal num\u00e9rique proportionnel \u00e0 la vitesse angulaire du mouvement des porteurs. Les trois collocations en quadrature de l'acc\u00e9l\u00e9rom\u00e8tre de quartz sont utilis\u00e9es pour d\u00e9tecter l'acc\u00e9l\u00e9ration lin\u00e9aire de la porteuse et sortir un signal de courant proportionnel, qui est converti en un signal de fr\u00e9quence par le circuit de conversion I-F, et enfin saisir l'ordinateur de navigation. L'ordinateur compl\u00e8te la r\u00e9ception de donn\u00e9es du gyroscope, de l'acc\u00e9l\u00e9rom\u00e8tre et du GPS externe, du calcul des erreurs de compensation du syst\u00e8me, de la solution de navigation et envoie des informations suppl\u00e9mentaires sur la vitesse, la position, l'attitude et la navigation en temps r\u00e9el \u00e0 l'ext\u00e9rieur via le port de surveillance.<\/p>\n<p>L'alignement initial de et des fins-98 est divis\u00e9 en deux modes: alignement statique et alignement \u00e0 double position. La pr\u00e9cision de la position de l'alignement des deux positions est sup\u00e9rieure \u00e0 celle de l'alignement statique.<\/p>\n<p>Et les FIN-98 ont une haute pr\u00e9cision et la meilleure stabilit\u00e9 et ont montr\u00e9 d'excellentes performances dans le test de comparaison avec les produits INS li\u00e9s aux phins.<\/p>","protected":false},"featured_media":2297,"comment_status":"open","ping_status":"closed","template":"","meta":[],"product_brand":[],"product_cat":[26],"product_tag":[],"class_list":{"0":"post-2296","1":"product","2":"type-product","3":"status-publish","4":"has-post-thumbnail","6":"product_cat-imu-mems-ins","8":"first","9":"instock","10":"shipping-taxable","11":"product-type-simple"},"_links":{"self":[{"href":"https:\/\/www.andelutech.com\/fr\/wp-json\/wp\/v2\/product\/2296","targetHints":{"allow":["GET"]}}],"collection":[{"href":"https:\/\/www.andelutech.com\/fr\/wp-json\/wp\/v2\/product"}],"about":[{"href":"https:\/\/www.andelutech.com\/fr\/wp-json\/wp\/v2\/types\/product"}],"replies":[{"embeddable":true,"href":"https:\/\/www.andelutech.com\/fr\/wp-json\/wp\/v2\/comments?post=2296"}],"wp:featuredmedia":[{"embeddable":true,"href":"https:\/\/www.andelutech.com\/fr\/wp-json\/wp\/v2\/media\/2297"}],"wp:attachment":[{"href":"https:\/\/www.andelutech.com\/fr\/wp-json\/wp\/v2\/media?parent=2296"}],"wp:term":[{"taxonomy":"product_brand","embeddable":true,"href":"https:\/\/www.andelutech.com\/fr\/wp-json\/wp\/v2\/product_brand?post=2296"},{"taxonomy":"product_cat","embeddable":true,"href":"https:\/\/www.andelutech.com\/fr\/wp-json\/wp\/v2\/product_cat?post=2296"},{"taxonomy":"product_tag","embeddable":true,"href":"https:\/\/www.andelutech.com\/fr\/wp-json\/wp\/v2\/product_tag?post=2296"}],"curies":[{"name":"wp","href":"https:\/\/api.w.org\/{rel}","templated":true}]}}