{"id":2272,"date":"2025-05-20T19:51:23","date_gmt":"2025-05-20T11:51:23","guid":{"rendered":"https:\/\/www.andelutech.com\/?post_type=product&#038;p=2272"},"modified":"2025-05-29T14:52:48","modified_gmt":"2025-05-29T06:52:48","slug":"py-series-circular-electrical-connector","status":"publish","type":"product","link":"https:\/\/www.andelutech.com\/fr\/product\/py-series-circular-electrical-connector\/","title":{"rendered":"Connecteur \u00e9lectrique circulaire de la s\u00e9rie PY"},"content":{"rendered":"<p>Si int\u00e9ress\u00e9 par, pls nous contacter:<strong><b>\u00a0<\/b><\/strong><a href=\"mailto:info@joinsunny.cn\"><span style=\"color: #0000ff;\"><strong><b>info@andelu.cn<\/b><\/strong><\/span><\/a><\/p>","protected":false},"excerpt":{"rendered":"<p>Les produits de la s\u00e9rie sont conformes aux exigences techniques HB6-77-83, pr\u00e9sent\u00e9es par une connexion rapide, une fiabilit\u00e9 des contacts \u00e9lev\u00e9s et autres, et utilis\u00e9 pour la connexion \u00e9lectrique de l'a\u00e9rospatiale, du char et d'autres \u00e9quipements \u00e9lectriques.<\/p>","protected":false},"featured_media":2474,"comment_status":"open","ping_status":"closed","template":"","meta":[],"product_brand":[],"product_cat":[36],"product_tag":[],"class_list":{"0":"post-2272","1":"product","2":"type-product","3":"status-publish","4":"has-post-thumbnail","6":"product_cat-electrical-connector","8":"first","9":"instock","10":"shipping-taxable","11":"product-type-simple"},"_links":{"self":[{"href":"https:\/\/www.andelutech.com\/fr\/wp-json\/wp\/v2\/product\/2272","targetHints":{"allow":["GET"]}}],"collection":[{"href":"https:\/\/www.andelutech.com\/fr\/wp-json\/wp\/v2\/product"}],"about":[{"href":"https:\/\/www.andelutech.com\/fr\/wp-json\/wp\/v2\/types\/product"}],"replies":[{"embeddable":true,"href":"https:\/\/www.andelutech.com\/fr\/wp-json\/wp\/v2\/comments?post=2272"}],"wp:featuredmedia":[{"embeddable":true,"href":"https:\/\/www.andelutech.com\/fr\/wp-json\/wp\/v2\/media\/2474"}],"wp:attachment":[{"href":"https:\/\/www.andelutech.com\/fr\/wp-json\/wp\/v2\/media?parent=2272"}],"wp:term":[{"taxonomy":"product_brand","embeddable":true,"href":"https:\/\/www.andelutech.com\/fr\/wp-json\/wp\/v2\/product_brand?post=2272"},{"taxonomy":"product_cat","embeddable":true,"href":"https:\/\/www.andelutech.com\/fr\/wp-json\/wp\/v2\/product_cat?post=2272"},{"taxonomy":"product_tag","embeddable":true,"href":"https:\/\/www.andelutech.com\/fr\/wp-json\/wp\/v2\/product_tag?post=2272"}],"curies":[{"name":"wp","href":"https:\/\/api.w.org\/{rel}","templated":true}]}}