{"id":2267,"date":"2025-05-20T19:48:15","date_gmt":"2025-05-20T11:48:15","guid":{"rendered":"https:\/\/www.andelutech.com\/?post_type=product&#038;p=2267"},"modified":"2025-05-29T14:59:39","modified_gmt":"2025-05-29T06:59:39","slug":"gp-series-circular-electrical-connector","status":"publish","type":"product","link":"https:\/\/www.andelutech.com\/fr\/product\/gp-series-circular-electrical-connector\/","title":{"rendered":"Connecteur \u00e9lectrique circulaire de la s\u00e9rie GP"},"content":{"rendered":"<p>Si int\u00e9ress\u00e9 par, pls nous contacter:<strong><b>\u00a0<\/b><\/strong><a href=\"mailto:info@joinsunny.cn\"><span style=\"color: #0000ff;\"><strong><b>info@andelu.cn<\/b><\/strong><\/span><\/a><\/p>","protected":false},"excerpt":{"rendered":"<p>Produit modifi\u00e9 du connecteur \u00e9lectrique P<br \/>\nLa taille de montage et de positionnement est totalement coh\u00e9rente avec P<br \/>\n10 tailles de coquille et 5 sp\u00e9cifications de contact Connexion \u00e0 ba\u00efonnette<br \/>\nPositionnement \u00e0 cinq touches avec fonction d'insertion aveugle<br \/>\nL'identification de positionnement \u00e0 cinq touches peut emp\u00eacher l'insertion incorrecte de Springtactm \u00e0 double courb\u00e9 tr\u00e8s fiable<br \/>\nLe collier de c\u00e2ble de flexion enti\u00e8rement ferm\u00e9 est avec une fonction anti-rotation<br \/>\nContact PIN et Contact de socket sont disponibles pour la prise et la prise<\/p>","protected":false},"featured_media":2476,"comment_status":"open","ping_status":"closed","template":"","meta":[],"product_brand":[],"product_cat":[36],"product_tag":[],"class_list":{"0":"post-2267","1":"product","2":"type-product","3":"status-publish","4":"has-post-thumbnail","6":"product_cat-electrical-connector","8":"first","9":"instock","10":"shipping-taxable","11":"product-type-simple"},"_links":{"self":[{"href":"https:\/\/www.andelutech.com\/fr\/wp-json\/wp\/v2\/product\/2267","targetHints":{"allow":["GET"]}}],"collection":[{"href":"https:\/\/www.andelutech.com\/fr\/wp-json\/wp\/v2\/product"}],"about":[{"href":"https:\/\/www.andelutech.com\/fr\/wp-json\/wp\/v2\/types\/product"}],"replies":[{"embeddable":true,"href":"https:\/\/www.andelutech.com\/fr\/wp-json\/wp\/v2\/comments?post=2267"}],"wp:featuredmedia":[{"embeddable":true,"href":"https:\/\/www.andelutech.com\/fr\/wp-json\/wp\/v2\/media\/2476"}],"wp:attachment":[{"href":"https:\/\/www.andelutech.com\/fr\/wp-json\/wp\/v2\/media?parent=2267"}],"wp:term":[{"taxonomy":"product_brand","embeddable":true,"href":"https:\/\/www.andelutech.com\/fr\/wp-json\/wp\/v2\/product_brand?post=2267"},{"taxonomy":"product_cat","embeddable":true,"href":"https:\/\/www.andelutech.com\/fr\/wp-json\/wp\/v2\/product_cat?post=2267"},{"taxonomy":"product_tag","embeddable":true,"href":"https:\/\/www.andelutech.com\/fr\/wp-json\/wp\/v2\/product_tag?post=2267"}],"curies":[{"name":"wp","href":"https:\/\/api.w.org\/{rel}","templated":true}]}}