{"id":2253,"date":"2025-05-20T19:36:36","date_gmt":"2025-05-20T11:36:36","guid":{"rendered":"https:\/\/www.andelutech.com\/?post_type=product&#038;p=2253"},"modified":"2025-05-29T15:04:39","modified_gmt":"2025-05-29T07:04:39","slug":"kh-series-circular-electrical-connector","status":"publish","type":"product","link":"https:\/\/www.andelutech.com\/fr\/product\/kh-series-circular-electrical-connector\/","title":{"rendered":"Connecteur \u00e9lectrique circulaire de la s\u00e9rie KH"},"content":{"rendered":"<p>Si vous \u00eates int\u00e9ress\u00e9, pls contactez-nous:<strong><b>\u00a0<\/b><\/strong><a href=\"mailto:info@joinsunny.cn\"><span style=\"color: #0000ff;\"><strong><b>info@andelu.cn<\/b><\/strong><\/span><\/a><\/p>","protected":false},"excerpt":{"rendered":"<p>Les produits de la s\u00e9rie sont conformes aux exigences de 3e5 249<\/p>\n<p>256\/299 300\/399<\/p>\n<p>JT Standard, et figurent par un faible volume, un poids l\u00e9ger, une connexion rapide, un auto-verrouillage et d'autres. Il convient \u00e0 la connexion \u00e9lectrique de l'aviation, de l'a\u00e9rospatiale, du char et d'autres unit\u00e9s \u00e9lectriques.<\/p>","protected":false},"featured_media":2479,"comment_status":"open","ping_status":"closed","template":"","meta":[],"product_brand":[],"product_cat":[36],"product_tag":[],"class_list":{"0":"post-2253","1":"product","2":"type-product","3":"status-publish","4":"has-post-thumbnail","6":"product_cat-electrical-connector","8":"first","9":"instock","10":"shipping-taxable","11":"product-type-simple"},"_links":{"self":[{"href":"https:\/\/www.andelutech.com\/fr\/wp-json\/wp\/v2\/product\/2253","targetHints":{"allow":["GET"]}}],"collection":[{"href":"https:\/\/www.andelutech.com\/fr\/wp-json\/wp\/v2\/product"}],"about":[{"href":"https:\/\/www.andelutech.com\/fr\/wp-json\/wp\/v2\/types\/product"}],"replies":[{"embeddable":true,"href":"https:\/\/www.andelutech.com\/fr\/wp-json\/wp\/v2\/comments?post=2253"}],"wp:featuredmedia":[{"embeddable":true,"href":"https:\/\/www.andelutech.com\/fr\/wp-json\/wp\/v2\/media\/2479"}],"wp:attachment":[{"href":"https:\/\/www.andelutech.com\/fr\/wp-json\/wp\/v2\/media?parent=2253"}],"wp:term":[{"taxonomy":"product_brand","embeddable":true,"href":"https:\/\/www.andelutech.com\/fr\/wp-json\/wp\/v2\/product_brand?post=2253"},{"taxonomy":"product_cat","embeddable":true,"href":"https:\/\/www.andelutech.com\/fr\/wp-json\/wp\/v2\/product_cat?post=2253"},{"taxonomy":"product_tag","embeddable":true,"href":"https:\/\/www.andelutech.com\/fr\/wp-json\/wp\/v2\/product_tag?post=2253"}],"curies":[{"name":"wp","href":"https:\/\/api.w.org\/{rel}","templated":true}]}}