{"id":2249,"date":"2025-05-20T19:33:18","date_gmt":"2025-05-20T11:33:18","guid":{"rendered":"https:\/\/www.andelutech.com\/?post_type=product&#038;p=2249"},"modified":"2025-05-29T15:15:10","modified_gmt":"2025-05-29T07:15:10","slug":"ct-m-series-glass-sealed-socket","status":"publish","type":"product","link":"https:\/\/www.andelutech.com\/fr\/product\/ct-m-series-glass-sealed-socket\/","title":{"rendered":"Prise scell\u00e9e en verre de la s\u00e9rie CT-M"},"content":{"rendered":"<p>Si int\u00e9ress\u00e9 par, pls nous contacter:<strong><b>\u00a0<\/b><\/strong><a href=\"mailto:info@joinsunny.cn\"><span style=\"color: #0000ff;\"><strong><b>info@andelu.cn<\/b><\/strong><\/span><\/a><\/p>","protected":false},"excerpt":{"rendered":"<p>Le produit est conforme aux exigences de Q \/3E 58-59 \u00c9l\u00e9ments standard et partiels (tels que l'insertion et la s\u00e9paration du couple, liquide<\/p>\n<p>L'immersion et d'autres adoptent MIL-C-26482G et MIL-C-83723D<\/p>\n<p>Connecteurs \u00e9lectriques circulaires r\u00e9sistants \u00e0 l'environnement - \u00c9tats-Unis Militaire<\/p>\n<p>Sp\u00e9cification Le produit est utilis\u00e9 pour la connexion \u00e9lectrique de l'aircraft<\/p>\n<p>cabin et autres unit\u00e9s \u00e9lectriques avec des exigences \u00e9tanch\u00e9it\u00e9.<\/p>","protected":false},"featured_media":2481,"comment_status":"open","ping_status":"closed","template":"","meta":[],"product_brand":[],"product_cat":[36],"product_tag":[],"class_list":{"0":"post-2249","1":"product","2":"type-product","3":"status-publish","4":"has-post-thumbnail","6":"product_cat-electrical-connector","8":"first","9":"instock","10":"shipping-taxable","11":"product-type-simple"},"_links":{"self":[{"href":"https:\/\/www.andelutech.com\/fr\/wp-json\/wp\/v2\/product\/2249","targetHints":{"allow":["GET"]}}],"collection":[{"href":"https:\/\/www.andelutech.com\/fr\/wp-json\/wp\/v2\/product"}],"about":[{"href":"https:\/\/www.andelutech.com\/fr\/wp-json\/wp\/v2\/types\/product"}],"replies":[{"embeddable":true,"href":"https:\/\/www.andelutech.com\/fr\/wp-json\/wp\/v2\/comments?post=2249"}],"wp:featuredmedia":[{"embeddable":true,"href":"https:\/\/www.andelutech.com\/fr\/wp-json\/wp\/v2\/media\/2481"}],"wp:attachment":[{"href":"https:\/\/www.andelutech.com\/fr\/wp-json\/wp\/v2\/media?parent=2249"}],"wp:term":[{"taxonomy":"product_brand","embeddable":true,"href":"https:\/\/www.andelutech.com\/fr\/wp-json\/wp\/v2\/product_brand?post=2249"},{"taxonomy":"product_cat","embeddable":true,"href":"https:\/\/www.andelutech.com\/fr\/wp-json\/wp\/v2\/product_cat?post=2249"},{"taxonomy":"product_tag","embeddable":true,"href":"https:\/\/www.andelutech.com\/fr\/wp-json\/wp\/v2\/product_tag?post=2249"}],"curies":[{"name":"wp","href":"https:\/\/api.w.org\/{rel}","templated":true}]}}