{"id":2240,"date":"2025-05-20T19:21:33","date_gmt":"2025-05-20T11:21:33","guid":{"rendered":"https:\/\/www.andelutech.com\/?post_type=product&#038;p=2240"},"modified":"2025-05-29T15:21:02","modified_gmt":"2025-05-29T07:21:02","slug":"pd-series-common-low-voltage-electrical-connector","status":"publish","type":"product","link":"https:\/\/www.andelutech.com\/fr\/product\/pd-series-common-low-voltage-electrical-connector\/","title":{"rendered":"S\u00e9rie PD Connecteur \u00e9lectrique \u00e0 basse tension commun"},"content":{"rendered":"<p>Si int\u00e9ress\u00e9 par, pls nous contacter:<strong><b>\u00a0<\/b><\/strong><a href=\"mailto:info@joinsunny.cn\"><span style=\"color: #0000ff;\"><strong><b>info@andelu.cn<\/b><\/strong><\/span><\/a><\/p>","protected":false},"excerpt":{"rendered":"<p>Les produits de la s\u00e9rie sont utilis\u00e9s \u00e0 des fins de l'aviation et \u00e0 d'autres fins militaires, et pour la connexion \u00e9lectrique des circuits \u00e9lectriques basse tension \u00e0 usage civil.<\/p>\n<p>Le produit est conforme aux exigences de la norme Q \/3E20025-2003, et correspond au produit russe avec le code de nom de \u0449\u0449\u0440, \u0449\u0449\u0440\u0433 et des sp\u00e9cifications techniques de B\u043b0.364.003\u0442\u0443.<\/p>\n<p>&nbsp;<\/p>","protected":false},"featured_media":2485,"comment_status":"open","ping_status":"closed","template":"","meta":[],"product_brand":[],"product_cat":[36],"product_tag":[],"class_list":{"0":"post-2240","1":"product","2":"type-product","3":"status-publish","4":"has-post-thumbnail","6":"product_cat-electrical-connector","8":"first","9":"instock","10":"shipping-taxable","11":"product-type-simple"},"_links":{"self":[{"href":"https:\/\/www.andelutech.com\/fr\/wp-json\/wp\/v2\/product\/2240","targetHints":{"allow":["GET"]}}],"collection":[{"href":"https:\/\/www.andelutech.com\/fr\/wp-json\/wp\/v2\/product"}],"about":[{"href":"https:\/\/www.andelutech.com\/fr\/wp-json\/wp\/v2\/types\/product"}],"replies":[{"embeddable":true,"href":"https:\/\/www.andelutech.com\/fr\/wp-json\/wp\/v2\/comments?post=2240"}],"wp:featuredmedia":[{"embeddable":true,"href":"https:\/\/www.andelutech.com\/fr\/wp-json\/wp\/v2\/media\/2485"}],"wp:attachment":[{"href":"https:\/\/www.andelutech.com\/fr\/wp-json\/wp\/v2\/media?parent=2240"}],"wp:term":[{"taxonomy":"product_brand","embeddable":true,"href":"https:\/\/www.andelutech.com\/fr\/wp-json\/wp\/v2\/product_brand?post=2240"},{"taxonomy":"product_cat","embeddable":true,"href":"https:\/\/www.andelutech.com\/fr\/wp-json\/wp\/v2\/product_cat?post=2240"},{"taxonomy":"product_tag","embeddable":true,"href":"https:\/\/www.andelutech.com\/fr\/wp-json\/wp\/v2\/product_tag?post=2240"}],"curies":[{"name":"wp","href":"https:\/\/api.w.org\/{rel}","templated":true}]}}