{"id":2218,"date":"2025-05-20T19:05:06","date_gmt":"2025-05-20T11:05:06","guid":{"rendered":"https:\/\/www.andelutech.com\/?post_type=product&#038;p=2218"},"modified":"2025-08-29T14:22:04","modified_gmt":"2025-08-29T06:22:04","slug":"zh-series-high-density-subminiature-electrical-connector","status":"publish","type":"product","link":"https:\/\/www.andelutech.com\/fr\/product\/zh-series-high-density-subminiature-electrical-connector\/","title":{"rendered":"S\u00e9rie ZH Connecteur \u00e9lectrique de submination haute densit\u00e9"},"content":{"rendered":"<p>Si vous \u00eates int\u00e9ress\u00e9, pls contactez-nous:<strong><b>\u00a0<\/b><\/strong><a href=\"mailto:info@joinsunny.cn\"><span style=\"color: #0000ff;\"><strong><b>info@andelu.cn<\/b><\/strong><\/span><\/a><\/p>","protected":false},"excerpt":{"rendered":"<p>CH\u044613, CH\u044614 et CH\u044642 \u00c9lectricit\u00e9 circulaire de submination haute densit\u00e9<br \/>\nLe connecteur est utilis\u00e9 la connexion du circuit d'impulsion DC ORAC (inf\u00e9rieur \u00e0 3 MHz). M\u00e9thodes de montage \u00e0 douille sur l'instrument:<br \/>\nCH\u044613 - Soudage de fusion<br \/>\nCH\u044614 - NUT CH\u044642 - Mod\u00e8le domestique de soudage braze: ZH13, ZH14, ZH42<\/p>","protected":false},"featured_media":2467,"comment_status":"closed","ping_status":"closed","template":"","meta":[],"product_brand":[],"product_cat":[36],"product_tag":[],"class_list":{"0":"post-2218","1":"product","2":"type-product","3":"status-publish","4":"has-post-thumbnail","6":"product_cat-electrical-connector","8":"first","9":"instock","10":"shipping-taxable","11":"product-type-simple"},"_links":{"self":[{"href":"https:\/\/www.andelutech.com\/fr\/wp-json\/wp\/v2\/product\/2218","targetHints":{"allow":["GET"]}}],"collection":[{"href":"https:\/\/www.andelutech.com\/fr\/wp-json\/wp\/v2\/product"}],"about":[{"href":"https:\/\/www.andelutech.com\/fr\/wp-json\/wp\/v2\/types\/product"}],"replies":[{"embeddable":true,"href":"https:\/\/www.andelutech.com\/fr\/wp-json\/wp\/v2\/comments?post=2218"}],"wp:featuredmedia":[{"embeddable":true,"href":"https:\/\/www.andelutech.com\/fr\/wp-json\/wp\/v2\/media\/2467"}],"wp:attachment":[{"href":"https:\/\/www.andelutech.com\/fr\/wp-json\/wp\/v2\/media?parent=2218"}],"wp:term":[{"taxonomy":"product_brand","embeddable":true,"href":"https:\/\/www.andelutech.com\/fr\/wp-json\/wp\/v2\/product_brand?post=2218"},{"taxonomy":"product_cat","embeddable":true,"href":"https:\/\/www.andelutech.com\/fr\/wp-json\/wp\/v2\/product_cat?post=2218"},{"taxonomy":"product_tag","embeddable":true,"href":"https:\/\/www.andelutech.com\/fr\/wp-json\/wp\/v2\/product_tag?post=2218"}],"curies":[{"name":"wp","href":"https:\/\/api.w.org\/{rel}","templated":true}]}}