{"id":2214,"date":"2025-05-20T19:01:41","date_gmt":"2025-05-20T11:01:41","guid":{"rendered":"https:\/\/www.andelutech.com\/?post_type=product&#038;p=2214"},"modified":"2025-08-29T14:18:58","modified_gmt":"2025-08-29T06:18:58","slug":"pc-series-subminiature-electrical-connector","status":"publish","type":"product","link":"https:\/\/www.andelutech.com\/fr\/product\/pc-series-subminiature-electrical-connector\/","title":{"rendered":"Connecteur \u00e9lectrique de submination de la s\u00e9rie PC"},"content":{"rendered":"<p>Si vous \u00eates int\u00e9ress\u00e9, pls contactez-nous:<strong><b>\u00a0<\/b><\/strong><a href=\"mailto:info@joinsunny.cn\"><span style=\"color: #0000ff;\"><strong><b>info@andelu.cn<\/b><\/strong><\/span><\/a><\/p>","protected":false},"excerpt":{"rendered":"<p>Le connecteur \u00e9lectrique circulaire de submination de la s\u00e9rie PC est utilis\u00e9 pour la connexion \u00e9lectrique sur les appareils radio et \u00e9lectriques. L'\u00e9crou de connexion du filetage est utilis\u00e9 pour connecter la fiche de c\u00e2ble \u00e0 la prise fix\u00e9e sur l'appareil. Les deux appareils peuvent \u00eatre directement ins\u00e9r\u00e9s avec des bouchons et des douilles mont\u00e9es sur des appareils pour r\u00e9aliser la connexion (joint en greffe).<br \/>\nLe connecteur \u00e9lectrique circulaire de submination couvre un type scell\u00e9 et non s\u00e9ch\u00e9, et le bouchon et la douille sont respectivement accessoires de queue \u00e9quip\u00e9s. La prise est pour le contact PIN et la fiche est pour le contact de socket.<br \/>\nMod\u00e8le domestique: PC<\/p>","protected":false},"featured_media":2494,"comment_status":"closed","ping_status":"closed","template":"","meta":[],"product_brand":[],"product_cat":[36],"product_tag":[],"class_list":{"0":"post-2214","1":"product","2":"type-product","3":"status-publish","4":"has-post-thumbnail","6":"product_cat-electrical-connector","8":"first","9":"instock","10":"shipping-taxable","11":"product-type-simple"},"_links":{"self":[{"href":"https:\/\/www.andelutech.com\/fr\/wp-json\/wp\/v2\/product\/2214","targetHints":{"allow":["GET"]}}],"collection":[{"href":"https:\/\/www.andelutech.com\/fr\/wp-json\/wp\/v2\/product"}],"about":[{"href":"https:\/\/www.andelutech.com\/fr\/wp-json\/wp\/v2\/types\/product"}],"replies":[{"embeddable":true,"href":"https:\/\/www.andelutech.com\/fr\/wp-json\/wp\/v2\/comments?post=2214"}],"wp:featuredmedia":[{"embeddable":true,"href":"https:\/\/www.andelutech.com\/fr\/wp-json\/wp\/v2\/media\/2494"}],"wp:attachment":[{"href":"https:\/\/www.andelutech.com\/fr\/wp-json\/wp\/v2\/media?parent=2214"}],"wp:term":[{"taxonomy":"product_brand","embeddable":true,"href":"https:\/\/www.andelutech.com\/fr\/wp-json\/wp\/v2\/product_brand?post=2214"},{"taxonomy":"product_cat","embeddable":true,"href":"https:\/\/www.andelutech.com\/fr\/wp-json\/wp\/v2\/product_cat?post=2214"},{"taxonomy":"product_tag","embeddable":true,"href":"https:\/\/www.andelutech.com\/fr\/wp-json\/wp\/v2\/product_tag?post=2214"}],"curies":[{"name":"wp","href":"https:\/\/api.w.org\/{rel}","templated":true}]}}