{"id":2210,"date":"2025-05-20T18:57:54","date_gmt":"2025-05-20T10:57:54","guid":{"rendered":"https:\/\/www.andelutech.com\/?post_type=product&#038;p=2210"},"modified":"2025-08-29T14:17:05","modified_gmt":"2025-08-29T06:17:05","slug":"ohs-series-subminiature-electrical-connector","status":"publish","type":"product","link":"https:\/\/www.andelutech.com\/fr\/product\/ohs-series-subminiature-electrical-connector\/","title":{"rendered":"Connecteur \u00e9lectrique de submination de la s\u00e9rie OHS"},"content":{"rendered":"<p>Si vous \u00eates int\u00e9ress\u00e9 par l'acc\u00e9l\u00e9rom\u00e8tre \u00e0 quartz haute performance, les pls nous contactent:<strong><b>\u00a0<\/b><\/strong><a href=\"mailto:info@joinsunny.cn\"><span style=\"color: #0000ff;\"><strong><b>info@andelu.cn<\/b><\/strong><\/span><\/a><\/p>","protected":false},"excerpt":{"rendered":"<p>OH\u0446-\u0431 \u0431C-1 (2) Le connecteur \u00e9lectrique est utilis\u00e9 pour les circuits DC Andac, et les bouchons et la douille adoptent la connexion \u00e0 la ba\u00efonnette.<br \/>\nLe bouchon n'est pas \u00e9quip\u00e9 d'accessoire de queue et la prise est \u00e9quip\u00e9e d'accessoires de queue en plastique droit.<br \/>\nMod\u00e8le domestique: OST<\/p>","protected":false},"featured_media":2461,"comment_status":"closed","ping_status":"closed","template":"","meta":[],"product_brand":[],"product_cat":[36],"product_tag":[],"class_list":{"0":"post-2210","1":"product","2":"type-product","3":"status-publish","4":"has-post-thumbnail","6":"product_cat-electrical-connector","8":"first","9":"instock","10":"shipping-taxable","11":"product-type-simple"},"_links":{"self":[{"href":"https:\/\/www.andelutech.com\/fr\/wp-json\/wp\/v2\/product\/2210","targetHints":{"allow":["GET"]}}],"collection":[{"href":"https:\/\/www.andelutech.com\/fr\/wp-json\/wp\/v2\/product"}],"about":[{"href":"https:\/\/www.andelutech.com\/fr\/wp-json\/wp\/v2\/types\/product"}],"replies":[{"embeddable":true,"href":"https:\/\/www.andelutech.com\/fr\/wp-json\/wp\/v2\/comments?post=2210"}],"wp:featuredmedia":[{"embeddable":true,"href":"https:\/\/www.andelutech.com\/fr\/wp-json\/wp\/v2\/media\/2461"}],"wp:attachment":[{"href":"https:\/\/www.andelutech.com\/fr\/wp-json\/wp\/v2\/media?parent=2210"}],"wp:term":[{"taxonomy":"product_brand","embeddable":true,"href":"https:\/\/www.andelutech.com\/fr\/wp-json\/wp\/v2\/product_brand?post=2210"},{"taxonomy":"product_cat","embeddable":true,"href":"https:\/\/www.andelutech.com\/fr\/wp-json\/wp\/v2\/product_cat?post=2210"},{"taxonomy":"product_tag","embeddable":true,"href":"https:\/\/www.andelutech.com\/fr\/wp-json\/wp\/v2\/product_tag?post=2210"}],"curies":[{"name":"wp","href":"https:\/\/api.w.org\/{rel}","templated":true}]}}