{"id":2193,"date":"2025-05-20T17:58:44","date_gmt":"2025-05-20T09:58:44","guid":{"rendered":"https:\/\/www.andelutech.com\/?post_type=product&#038;p=2193"},"modified":"2025-08-29T14:09:40","modified_gmt":"2025-08-29T06:09:40","slug":"2px-series-electrical-connector","status":"publish","type":"product","link":"https:\/\/www.andelutech.com\/fr\/product\/2px-series-electrical-connector\/","title":{"rendered":"Connecteur \u00e9lectrique de la s\u00e9rie 2px"},"content":{"rendered":"<p>Si int\u00e9ress\u00e9 par, pls nous contacter:<strong><b>\u00a0<\/b><\/strong><a href=\"mailto:info@joinsunny.cn\"><span style=\"color: #0000ff;\"><strong><b>info@andelu.cn<\/b><\/strong><\/span><\/a><\/p>","protected":false},"excerpt":{"rendered":"<p>14 h et 14 pm connecteur \u00e9lectrique circulaire de petite taille sont utilis\u00e9s pour la connexion \u00e9lectrique des appareils \u00e9lectriques et des dispositifs radio. Le bouchon et la douille sont connect\u00e9s \u00e0 l'aide d'\u00e9crou enfileux.<br \/>\nMod\u00e8le domestique: 2px<br \/>\n(14h00. Les s\u00e9ries PM\u0434 ont le mod\u00e8le uniforme de 2px avec le code combin\u00e9 uniforme)<\/p>","protected":false},"featured_media":2499,"comment_status":"closed","ping_status":"closed","template":"","meta":[],"product_brand":[],"product_cat":[36],"product_tag":[],"class_list":{"0":"post-2193","1":"product","2":"type-product","3":"status-publish","4":"has-post-thumbnail","6":"product_cat-electrical-connector","8":"first","9":"instock","10":"shipping-taxable","11":"product-type-simple"},"_links":{"self":[{"href":"https:\/\/www.andelutech.com\/fr\/wp-json\/wp\/v2\/product\/2193","targetHints":{"allow":["GET"]}}],"collection":[{"href":"https:\/\/www.andelutech.com\/fr\/wp-json\/wp\/v2\/product"}],"about":[{"href":"https:\/\/www.andelutech.com\/fr\/wp-json\/wp\/v2\/types\/product"}],"replies":[{"embeddable":true,"href":"https:\/\/www.andelutech.com\/fr\/wp-json\/wp\/v2\/comments?post=2193"}],"wp:featuredmedia":[{"embeddable":true,"href":"https:\/\/www.andelutech.com\/fr\/wp-json\/wp\/v2\/media\/2499"}],"wp:attachment":[{"href":"https:\/\/www.andelutech.com\/fr\/wp-json\/wp\/v2\/media?parent=2193"}],"wp:term":[{"taxonomy":"product_brand","embeddable":true,"href":"https:\/\/www.andelutech.com\/fr\/wp-json\/wp\/v2\/product_brand?post=2193"},{"taxonomy":"product_cat","embeddable":true,"href":"https:\/\/www.andelutech.com\/fr\/wp-json\/wp\/v2\/product_cat?post=2193"},{"taxonomy":"product_tag","embeddable":true,"href":"https:\/\/www.andelutech.com\/fr\/wp-json\/wp\/v2\/product_tag?post=2193"}],"curies":[{"name":"wp","href":"https:\/\/api.w.org\/{rel}","templated":true}]}}