{"id":2179,"date":"2025-05-20T17:46:45","date_gmt":"2025-05-20T09:46:45","guid":{"rendered":"https:\/\/www.andelutech.com\/?post_type=product&#038;p=2179"},"modified":"2025-08-29T14:02:06","modified_gmt":"2025-08-29T06:02:06","slug":"prg-high-temperature-electrical-connector","status":"publish","type":"product","link":"https:\/\/www.andelutech.com\/fr\/product\/prg-high-temperature-electrical-connector\/","title":{"rendered":"Connecteur \u00e9lectrique \u00e0 haute temp\u00e9rature PRG"},"content":{"rendered":"<p>Si int\u00e9ress\u00e9 par, pls nous contacter:<strong><b>\u00a0<\/b><\/strong><a href=\"mailto:info@joinsunny.cn\"><span style=\"color: #0000ff;\"><strong><b>info@andelu.cn<\/b><\/strong><\/span><\/a><\/p>","protected":false},"excerpt":{"rendered":"<p>Le connecteur \u00e9lectrique 4Pt est utilis\u00e9 pour la connexion \u00e9lectrique des circuits CC et CA, et sa fiche et sa douille sont arm\u00e9es de \u00e9crou de queue blind\u00e9s et non blind\u00e9s ou sans \u00e9crou de queue.<\/p>\n<p>Mod\u00e8le domestique: PRG<\/p>","protected":false},"featured_media":2506,"comment_status":"closed","ping_status":"closed","template":"","meta":[],"product_brand":[],"product_cat":[36],"product_tag":[],"class_list":{"0":"post-2179","1":"product","2":"type-product","3":"status-publish","4":"has-post-thumbnail","6":"product_cat-electrical-connector","8":"first","9":"instock","10":"shipping-taxable","11":"product-type-simple"},"_links":{"self":[{"href":"https:\/\/www.andelutech.com\/fr\/wp-json\/wp\/v2\/product\/2179","targetHints":{"allow":["GET"]}}],"collection":[{"href":"https:\/\/www.andelutech.com\/fr\/wp-json\/wp\/v2\/product"}],"about":[{"href":"https:\/\/www.andelutech.com\/fr\/wp-json\/wp\/v2\/types\/product"}],"replies":[{"embeddable":true,"href":"https:\/\/www.andelutech.com\/fr\/wp-json\/wp\/v2\/comments?post=2179"}],"wp:featuredmedia":[{"embeddable":true,"href":"https:\/\/www.andelutech.com\/fr\/wp-json\/wp\/v2\/media\/2506"}],"wp:attachment":[{"href":"https:\/\/www.andelutech.com\/fr\/wp-json\/wp\/v2\/media?parent=2179"}],"wp:term":[{"taxonomy":"product_brand","embeddable":true,"href":"https:\/\/www.andelutech.com\/fr\/wp-json\/wp\/v2\/product_brand?post=2179"},{"taxonomy":"product_cat","embeddable":true,"href":"https:\/\/www.andelutech.com\/fr\/wp-json\/wp\/v2\/product_cat?post=2179"},{"taxonomy":"product_tag","embeddable":true,"href":"https:\/\/www.andelutech.com\/fr\/wp-json\/wp\/v2\/product_tag?post=2179"}],"curies":[{"name":"wp","href":"https:\/\/api.w.org\/{rel}","templated":true}]}}