{"id":2172,"date":"2025-05-20T17:41:01","date_gmt":"2025-05-20T09:41:01","guid":{"rendered":"https:\/\/www.andelutech.com\/?post_type=product&#038;p=2172"},"modified":"2025-08-29T14:00:05","modified_gmt":"2025-08-29T06:00:05","slug":"p-zp-pr-series-electrical-connector","status":"publish","type":"product","link":"https:\/\/www.andelutech.com\/fr\/product\/p-zp-pr-series-electrical-connector\/","title":{"rendered":"Connecteur \u00e9lectrique de la s\u00e9rie P.ZP.PR"},"content":{"rendered":"<p>Si int\u00e9ress\u00e9 par, pls nous contacter:<strong><b>\u00a0<\/b><\/strong><a href=\"mailto:info@joinsunny.cn\"><span style=\"color: #0000ff;\"><strong><b>info@andelu.cn<\/b><\/strong><\/span><\/a><\/p>","protected":false},"excerpt":{"rendered":"<p>Le connecteur \u00e9lectrique circulaire commun est un connecteur \u00e9lectrique standard et couvre un type scell\u00e9 et non scell\u00e9. Le connecteur se compose g\u00e9n\u00e9ralement de la pi\u00e8ce (socket) fix\u00e9e sur l'instrument et la pi\u00e8ce (bougie) fix\u00e9e sur le c\u00e2ble et connect\u00e9e par des \u00e9crous de couplage.<\/p>\n<p>Mod\u00e8le domestique: P (\u0448p, ZP (C\u0448p), Pr-B (2ptt)<\/p>","protected":false},"featured_media":2507,"comment_status":"closed","ping_status":"closed","template":"","meta":[],"product_brand":[],"product_cat":[36],"product_tag":[],"class_list":{"0":"post-2172","1":"product","2":"type-product","3":"status-publish","4":"has-post-thumbnail","6":"product_cat-electrical-connector","8":"first","9":"instock","10":"shipping-taxable","11":"product-type-simple"},"_links":{"self":[{"href":"https:\/\/www.andelutech.com\/fr\/wp-json\/wp\/v2\/product\/2172","targetHints":{"allow":["GET"]}}],"collection":[{"href":"https:\/\/www.andelutech.com\/fr\/wp-json\/wp\/v2\/product"}],"about":[{"href":"https:\/\/www.andelutech.com\/fr\/wp-json\/wp\/v2\/types\/product"}],"replies":[{"embeddable":true,"href":"https:\/\/www.andelutech.com\/fr\/wp-json\/wp\/v2\/comments?post=2172"}],"wp:featuredmedia":[{"embeddable":true,"href":"https:\/\/www.andelutech.com\/fr\/wp-json\/wp\/v2\/media\/2507"}],"wp:attachment":[{"href":"https:\/\/www.andelutech.com\/fr\/wp-json\/wp\/v2\/media?parent=2172"}],"wp:term":[{"taxonomy":"product_brand","embeddable":true,"href":"https:\/\/www.andelutech.com\/fr\/wp-json\/wp\/v2\/product_brand?post=2172"},{"taxonomy":"product_cat","embeddable":true,"href":"https:\/\/www.andelutech.com\/fr\/wp-json\/wp\/v2\/product_cat?post=2172"},{"taxonomy":"product_tag","embeddable":true,"href":"https:\/\/www.andelutech.com\/fr\/wp-json\/wp\/v2\/product_tag?post=2172"}],"curies":[{"name":"wp","href":"https:\/\/api.w.org\/{rel}","templated":true}]}}