{"id":2160,"date":"2025-05-20T14:45:31","date_gmt":"2025-05-20T06:45:31","guid":{"rendered":"https:\/\/www.andelutech.com\/?post_type=product&#038;p=2160"},"modified":"2025-08-04T09:41:18","modified_gmt":"2025-08-04T01:41:18","slug":"k-series-hermetic-electrical-connector","status":"publish","type":"product","link":"https:\/\/www.andelutech.com\/fr\/product\/k-series-hermetic-electrical-connector\/","title":{"rendered":"Connecteur \u00e9lectrique herm\u00e9tique de la s\u00e9rie K"},"content":{"rendered":"<p>Si vous \u00eates int\u00e9ress\u00e9, pls contactez-nous:<strong><b>\u00a0<\/b><\/strong><a href=\"mailto:info@joinsunny.cn\"><span style=\"color: #0000ff;\"><strong><b>info@andelu.cn<\/b><\/strong><\/span><\/a><\/p>","protected":false},"excerpt":{"rendered":"<p>Introduction du produit<\/p>\n<p>Les produits de la s\u00e9rie sont conformes aux exigences de GJB598A-1996 (U.S.Strand MIL-C-26482G et standard de l'industrie HB6-77-83), et peuvent \u00eatre \u00e9gal\u00e9s et utilis\u00e9s conjointement avec le Plug avec la m\u00eame taille de coque et le m\u00eame num\u00e9ro d'insertion de la s\u00e9rie ZH8525. Le contact K est emball\u00e9 pendant que le contact K-F est soud\u00e9, qui convient \u00e0 la connexion et \u00e0 la d\u00e9connexion fiables et fiables de l'\u00e9quipement \u00e9lectrique et des circuits de dispositif radio.<\/p>\n<p>&nbsp;<\/p>","protected":false},"featured_media":2498,"comment_status":"closed","ping_status":"closed","template":"","meta":[],"product_brand":[],"product_cat":[36],"product_tag":[],"class_list":{"0":"post-2160","1":"product","2":"type-product","3":"status-publish","4":"has-post-thumbnail","6":"product_cat-electrical-connector","8":"first","9":"instock","10":"shipping-taxable","11":"product-type-simple"},"_links":{"self":[{"href":"https:\/\/www.andelutech.com\/fr\/wp-json\/wp\/v2\/product\/2160","targetHints":{"allow":["GET"]}}],"collection":[{"href":"https:\/\/www.andelutech.com\/fr\/wp-json\/wp\/v2\/product"}],"about":[{"href":"https:\/\/www.andelutech.com\/fr\/wp-json\/wp\/v2\/types\/product"}],"replies":[{"embeddable":true,"href":"https:\/\/www.andelutech.com\/fr\/wp-json\/wp\/v2\/comments?post=2160"}],"wp:featuredmedia":[{"embeddable":true,"href":"https:\/\/www.andelutech.com\/fr\/wp-json\/wp\/v2\/media\/2498"}],"wp:attachment":[{"href":"https:\/\/www.andelutech.com\/fr\/wp-json\/wp\/v2\/media?parent=2160"}],"wp:term":[{"taxonomy":"product_brand","embeddable":true,"href":"https:\/\/www.andelutech.com\/fr\/wp-json\/wp\/v2\/product_brand?post=2160"},{"taxonomy":"product_cat","embeddable":true,"href":"https:\/\/www.andelutech.com\/fr\/wp-json\/wp\/v2\/product_cat?post=2160"},{"taxonomy":"product_tag","embeddable":true,"href":"https:\/\/www.andelutech.com\/fr\/wp-json\/wp\/v2\/product_tag?post=2160"}],"curies":[{"name":"wp","href":"https:\/\/api.w.org\/{rel}","templated":true}]}}