{"id":2151,"date":"2025-05-19T11:07:14","date_gmt":"2025-05-19T03:07:14","guid":{"rendered":"https:\/\/www.andelutech.com\/?post_type=product&#038;p=2151"},"modified":"2026-01-16T10:06:17","modified_gmt":"2026-01-16T02:06:17","slug":"and-3qa-02e-high-performance-triaxial-quartz-accelerometer","status":"publish","type":"product","link":"https:\/\/www.andelutech.com\/fr\/product\/and-3qa-02e-high-performance-triaxial-quartz-accelerometer\/","title":{"rendered":"Et -3QA-02E Acc\u00e9l\u00e9rom\u00e8tre triaxial \u00e0 haute performance"},"content":{"rendered":"<p>Si vous \u00eates int\u00e9ress\u00e9 par l'acc\u00e9l\u00e9rom\u00e8tre \u00e0 quartz haute performance, les pls nous contactent:<strong><b> info@andelutech.com<\/b><\/strong><\/p>","protected":false},"excerpt":{"rendered":"<p><strong><b>Introduction<\/b><\/strong><\/p>\n<p>Et -3QA-02E Quartz triaxial haute performance\u00a0<a href=\"https:\/\/www.ericcointernational.com\/accelerometer\/\">Acc\u00e9l\u00e9rom\u00e8tre<\/a>\u00a0Avec des performances \u00e9lev\u00e9es est compos\u00e9e de TROIS capteurs d'acc\u00e9l\u00e9ration A15, un convertisseur {\/D {\/D, 16 BITS, un micro-ordinateur \u00e0 puce \u00e0 puce \u00e0 bascule 16 bits. Et -3QA-02E a les caract\u00e9ristiques de la sortie num\u00e9rique, de l'erreur d'installation de haute pr\u00e9cision, de la compensation de temp\u00e9rature et de la faible consommation d'\u00e9nergie.<\/p>","protected":false},"featured_media":3560,"comment_status":"open","ping_status":"closed","template":"","meta":[],"product_brand":[],"product_cat":[25],"product_tag":[],"class_list":{"0":"post-2151","1":"product","2":"type-product","3":"status-publish","4":"has-post-thumbnail","6":"product_cat-accelerometer","8":"first","9":"instock","10":"shipping-taxable","11":"product-type-simple"},"_links":{"self":[{"href":"https:\/\/www.andelutech.com\/fr\/wp-json\/wp\/v2\/product\/2151","targetHints":{"allow":["GET"]}}],"collection":[{"href":"https:\/\/www.andelutech.com\/fr\/wp-json\/wp\/v2\/product"}],"about":[{"href":"https:\/\/www.andelutech.com\/fr\/wp-json\/wp\/v2\/types\/product"}],"replies":[{"embeddable":true,"href":"https:\/\/www.andelutech.com\/fr\/wp-json\/wp\/v2\/comments?post=2151"}],"wp:featuredmedia":[{"embeddable":true,"href":"https:\/\/www.andelutech.com\/fr\/wp-json\/wp\/v2\/media\/3560"}],"wp:attachment":[{"href":"https:\/\/www.andelutech.com\/fr\/wp-json\/wp\/v2\/media?parent=2151"}],"wp:term":[{"taxonomy":"product_brand","embeddable":true,"href":"https:\/\/www.andelutech.com\/fr\/wp-json\/wp\/v2\/product_brand?post=2151"},{"taxonomy":"product_cat","embeddable":true,"href":"https:\/\/www.andelutech.com\/fr\/wp-json\/wp\/v2\/product_cat?post=2151"},{"taxonomy":"product_tag","embeddable":true,"href":"https:\/\/www.andelutech.com\/fr\/wp-json\/wp\/v2\/product_tag?post=2151"}],"curies":[{"name":"wp","href":"https:\/\/api.w.org\/{rel}","templated":true}]}}