{"id":2148,"date":"2025-05-19T11:05:22","date_gmt":"2025-05-19T03:05:22","guid":{"rendered":"https:\/\/www.andelutech.com\/?post_type=product&#038;p=2148"},"modified":"2026-01-16T10:05:52","modified_gmt":"2026-01-16T02:05:52","slug":"and-3qa-02d-high-precision-three-axis-quartz-accelerometer","status":"publish","type":"product","link":"https:\/\/www.andelutech.com\/fr\/product\/and-3qa-02d-high-precision-three-axis-quartz-accelerometer\/","title":{"rendered":"Et -3qa-02d Acc\u00e9l\u00e9rom\u00e8tre \u00e0 quartz \u00e0 trois axes de haute pr\u00e9cision\u00a0"},"content":{"rendered":"<p>Si vous \u00eates int\u00e9ress\u00e9 par l'acc\u00e9l\u00e9rom\u00e8tre \u00e0 quartz haute performance, les pls nous contactent:<strong><b> info@andelutech.com<\/b><\/strong><\/p>","protected":false},"excerpt":{"rendered":"<p><strong><b>Introduction<\/b><\/strong><\/p>\n<p>Et -3qa-02d haute pr\u00e9cision \u00e0 trois axes\u00a0<a href=\"https:\/\/www.ericcointernational.com\/accelerometer\/quartz-accelerometer\/\">Acc\u00e9l\u00e9rom\u00e8tre de quartz<\/a>\u00a0Avec une pr\u00e9cision \u00e9lev\u00e9e est compos\u00e9 de TROIS capteurs d'acc\u00e9l\u00e9ration A15, un convertisseur {\/D {\/D 24 bits, micro-ordinateur et structure m\u00e9canique de consommation de puissance ultra \u00e0 faible consommation 16 bits. Et -3QA-02D dispose de la sortie num\u00e9rique, de l'erreur d'installation de haute pr\u00e9cision, de la compensation de temp\u00e9rature et de la faible consommation d'\u00e9nergie.<\/p>","protected":false},"featured_media":3561,"comment_status":"open","ping_status":"closed","template":"","meta":[],"product_brand":[],"product_cat":[25],"product_tag":[],"class_list":{"0":"post-2148","1":"product","2":"type-product","3":"status-publish","4":"has-post-thumbnail","6":"product_cat-accelerometer","8":"first","9":"instock","10":"shipping-taxable","11":"product-type-simple"},"_links":{"self":[{"href":"https:\/\/www.andelutech.com\/fr\/wp-json\/wp\/v2\/product\/2148","targetHints":{"allow":["GET"]}}],"collection":[{"href":"https:\/\/www.andelutech.com\/fr\/wp-json\/wp\/v2\/product"}],"about":[{"href":"https:\/\/www.andelutech.com\/fr\/wp-json\/wp\/v2\/types\/product"}],"replies":[{"embeddable":true,"href":"https:\/\/www.andelutech.com\/fr\/wp-json\/wp\/v2\/comments?post=2148"}],"wp:featuredmedia":[{"embeddable":true,"href":"https:\/\/www.andelutech.com\/fr\/wp-json\/wp\/v2\/media\/3561"}],"wp:attachment":[{"href":"https:\/\/www.andelutech.com\/fr\/wp-json\/wp\/v2\/media?parent=2148"}],"wp:term":[{"taxonomy":"product_brand","embeddable":true,"href":"https:\/\/www.andelutech.com\/fr\/wp-json\/wp\/v2\/product_brand?post=2148"},{"taxonomy":"product_cat","embeddable":true,"href":"https:\/\/www.andelutech.com\/fr\/wp-json\/wp\/v2\/product_cat?post=2148"},{"taxonomy":"product_tag","embeddable":true,"href":"https:\/\/www.andelutech.com\/fr\/wp-json\/wp\/v2\/product_tag?post=2148"}],"curies":[{"name":"wp","href":"https:\/\/api.w.org\/{rel}","templated":true}]}}