{"id":2146,"date":"2025-05-19T10:56:08","date_gmt":"2025-05-19T02:56:08","guid":{"rendered":"https:\/\/www.andelutech.com\/?post_type=product&#038;p=2146"},"modified":"2026-01-16T10:03:56","modified_gmt":"2026-01-16T02:03:56","slug":"and-qa-02b-anti-vibration-and-high-temp-accelerometer-for-oil-gas-fields","status":"publish","type":"product","link":"https:\/\/www.andelutech.com\/fr\/product\/and-qa-02b-anti-vibration-and-high-temp-accelerometer-for-oil-gas-fields\/","title":{"rendered":"Et -QA-02B Anti-vibration et acc\u00e9l\u00e9rom\u00e8tre \u00e0 haut temp\u00eate pour les champs de p\u00e9trole et de gaz"},"content":{"rendered":"<p>Si vous \u00eates int\u00e9ress\u00e9 par l'acc\u00e9l\u00e9rom\u00e8tre \u00e0 quartz haute performance, les pls nous contactent:<strong><b> info@andelutech.com<\/b><\/strong><\/p>","protected":false},"excerpt":{"rendered":"<p>Applications<br \/>\nEt -QA-02B Anti-vibration et acc\u00e9l\u00e9rom\u00e8tre \u00e0 haute temp\u00e9rature pour le champ p\u00e9trolier et gazier sont sp\u00e9cialement appliqu\u00e9s pour les syst\u00e8mes de recherche de Nord continue, peuvent \u00e9galement \u00eatre largement utilis\u00e9s dans d'autres conditions de travail s\u00e9v\u00e8res.<br \/>\nCaract\u00e9ristiques<br \/>\nAnti-vibration<br \/>\nGrande pr\u00e9cision<\/p>","protected":false},"featured_media":3563,"comment_status":"open","ping_status":"closed","template":"","meta":[],"product_brand":[],"product_cat":[25],"product_tag":[],"class_list":{"0":"post-2146","1":"product","2":"type-product","3":"status-publish","4":"has-post-thumbnail","6":"product_cat-accelerometer","8":"first","9":"instock","10":"shipping-taxable","11":"product-type-simple"},"_links":{"self":[{"href":"https:\/\/www.andelutech.com\/fr\/wp-json\/wp\/v2\/product\/2146","targetHints":{"allow":["GET"]}}],"collection":[{"href":"https:\/\/www.andelutech.com\/fr\/wp-json\/wp\/v2\/product"}],"about":[{"href":"https:\/\/www.andelutech.com\/fr\/wp-json\/wp\/v2\/types\/product"}],"replies":[{"embeddable":true,"href":"https:\/\/www.andelutech.com\/fr\/wp-json\/wp\/v2\/comments?post=2146"}],"wp:featuredmedia":[{"embeddable":true,"href":"https:\/\/www.andelutech.com\/fr\/wp-json\/wp\/v2\/media\/3563"}],"wp:attachment":[{"href":"https:\/\/www.andelutech.com\/fr\/wp-json\/wp\/v2\/media?parent=2146"}],"wp:term":[{"taxonomy":"product_brand","embeddable":true,"href":"https:\/\/www.andelutech.com\/fr\/wp-json\/wp\/v2\/product_brand?post=2146"},{"taxonomy":"product_cat","embeddable":true,"href":"https:\/\/www.andelutech.com\/fr\/wp-json\/wp\/v2\/product_cat?post=2146"},{"taxonomy":"product_tag","embeddable":true,"href":"https:\/\/www.andelutech.com\/fr\/wp-json\/wp\/v2\/product_tag?post=2146"}],"curies":[{"name":"wp","href":"https:\/\/api.w.org\/{rel}","templated":true}]}}