{"id":2145,"date":"2025-05-19T10:50:06","date_gmt":"2025-05-19T02:50:06","guid":{"rendered":"https:\/\/www.andelutech.com\/?post_type=product&#038;p=2145"},"modified":"2026-01-16T10:03:21","modified_gmt":"2026-01-16T02:03:21","slug":"and-qa-02a-high-precision-and-anti-vibration-quartz-accelerometer","status":"publish","type":"product","link":"https:\/\/www.andelutech.com\/fr\/product\/and-qa-02a-high-precision-and-anti-vibration-quartz-accelerometer\/","title":{"rendered":"Et -QA-02A Acc\u00e9l\u00e9rom\u00e8tre de quartz haute pr\u00e9cision et anti-vibration\u00a0"},"content":{"rendered":"<p>Si vous \u00eates int\u00e9ress\u00e9 par l'acc\u00e9l\u00e9rom\u00e8tre \u00e0 quartz haute performance, les pls nous contactent:<strong><b> info@andelutech.com<\/b><\/strong><\/p>","protected":false},"excerpt":{"rendered":"<p>Application<br \/>\nEt -QA-02A acc\u00e9l\u00e9rom\u00e8tre de quartz de haute pr\u00e9cision et anti-vibration pour l'a\u00e9rospatiale convient \u00e0 l'environnement qui a une forte exigence de circonstance et de pr\u00e9cision.<\/p>","protected":false},"featured_media":3563,"comment_status":"open","ping_status":"closed","template":"","meta":[],"product_brand":[],"product_cat":[25],"product_tag":[],"class_list":{"0":"post-2145","1":"product","2":"type-product","3":"status-publish","4":"has-post-thumbnail","6":"product_cat-accelerometer","8":"first","9":"instock","10":"shipping-taxable","11":"product-type-simple"},"_links":{"self":[{"href":"https:\/\/www.andelutech.com\/fr\/wp-json\/wp\/v2\/product\/2145","targetHints":{"allow":["GET"]}}],"collection":[{"href":"https:\/\/www.andelutech.com\/fr\/wp-json\/wp\/v2\/product"}],"about":[{"href":"https:\/\/www.andelutech.com\/fr\/wp-json\/wp\/v2\/types\/product"}],"replies":[{"embeddable":true,"href":"https:\/\/www.andelutech.com\/fr\/wp-json\/wp\/v2\/comments?post=2145"}],"wp:featuredmedia":[{"embeddable":true,"href":"https:\/\/www.andelutech.com\/fr\/wp-json\/wp\/v2\/media\/3563"}],"wp:attachment":[{"href":"https:\/\/www.andelutech.com\/fr\/wp-json\/wp\/v2\/media?parent=2145"}],"wp:term":[{"taxonomy":"product_brand","embeddable":true,"href":"https:\/\/www.andelutech.com\/fr\/wp-json\/wp\/v2\/product_brand?post=2145"},{"taxonomy":"product_cat","embeddable":true,"href":"https:\/\/www.andelutech.com\/fr\/wp-json\/wp\/v2\/product_cat?post=2145"},{"taxonomy":"product_tag","embeddable":true,"href":"https:\/\/www.andelutech.com\/fr\/wp-json\/wp\/v2\/product_tag?post=2145"}],"curies":[{"name":"wp","href":"https:\/\/api.w.org\/{rel}","templated":true}]}}