{"id":2144,"date":"2025-05-19T10:47:56","date_gmt":"2025-05-19T02:47:56","guid":{"rendered":"https:\/\/www.andelutech.com\/?post_type=product&#038;p=2144"},"modified":"2026-01-16T10:02:56","modified_gmt":"2026-01-16T02:02:56","slug":"and-qa-01c-low-cost-quartz-accelerometer","status":"publish","type":"product","link":"https:\/\/www.andelutech.com\/fr\/product\/and-qa-01c-low-cost-quartz-accelerometer\/","title":{"rendered":"Et -QA-01C Acc\u00e9l\u00e9rom\u00e8tre \u00e0 quartz \u00e0 faible co\u00fbt\u00a0"},"content":{"rendered":"<p>Si vous \u00eates int\u00e9ress\u00e9 par l'acc\u00e9l\u00e9rom\u00e8tre \u00e0 quartz haute performance, les pls nous contactent:<strong><b> info@andelutech.com<\/b><\/strong><\/p>","protected":false},"excerpt":{"rendered":"<p>L'acc\u00e9l\u00e9rom\u00e8tre \u00e0 quartz \u00e0 faible co\u00fbt peut \u00eatre largement utilis\u00e9 dans le syst\u00e8me de navigation inertielle qui a une large application dans les v\u00e9hicules a\u00e9rospatiaux, le syst\u00e8me de navigation inertielle et le syst\u00e8me de contr\u00f4le des navires.<\/p>\n<p><strong><b>Applications<\/b><\/strong><\/p>\n<p>Syst\u00e8me de navigation de r\u00e9servoir<\/p>\n<p>V\u00e9hicule militaire<\/p>","protected":false},"featured_media":3562,"comment_status":"open","ping_status":"closed","template":"","meta":[],"product_brand":[],"product_cat":[25],"product_tag":[],"class_list":{"0":"post-2144","1":"product","2":"type-product","3":"status-publish","4":"has-post-thumbnail","6":"product_cat-accelerometer","8":"first","9":"instock","10":"shipping-taxable","11":"product-type-simple"},"_links":{"self":[{"href":"https:\/\/www.andelutech.com\/fr\/wp-json\/wp\/v2\/product\/2144","targetHints":{"allow":["GET"]}}],"collection":[{"href":"https:\/\/www.andelutech.com\/fr\/wp-json\/wp\/v2\/product"}],"about":[{"href":"https:\/\/www.andelutech.com\/fr\/wp-json\/wp\/v2\/types\/product"}],"replies":[{"embeddable":true,"href":"https:\/\/www.andelutech.com\/fr\/wp-json\/wp\/v2\/comments?post=2144"}],"wp:featuredmedia":[{"embeddable":true,"href":"https:\/\/www.andelutech.com\/fr\/wp-json\/wp\/v2\/media\/3562"}],"wp:attachment":[{"href":"https:\/\/www.andelutech.com\/fr\/wp-json\/wp\/v2\/media?parent=2144"}],"wp:term":[{"taxonomy":"product_brand","embeddable":true,"href":"https:\/\/www.andelutech.com\/fr\/wp-json\/wp\/v2\/product_brand?post=2144"},{"taxonomy":"product_cat","embeddable":true,"href":"https:\/\/www.andelutech.com\/fr\/wp-json\/wp\/v2\/product_cat?post=2144"},{"taxonomy":"product_tag","embeddable":true,"href":"https:\/\/www.andelutech.com\/fr\/wp-json\/wp\/v2\/product_tag?post=2144"}],"curies":[{"name":"wp","href":"https:\/\/api.w.org\/{rel}","templated":true}]}}