{"id":2143,"date":"2025-05-19T10:37:25","date_gmt":"2025-05-19T02:37:25","guid":{"rendered":"https:\/\/www.andelutech.com\/?post_type=product&#038;p=2143"},"modified":"2026-01-16T10:02:26","modified_gmt":"2026-01-16T02:02:26","slug":"and-qa-01b-high-accuracy-quartz-accelerometer","status":"publish","type":"product","link":"https:\/\/www.andelutech.com\/fr\/product\/and-qa-01b-high-accuracy-quartz-accelerometer\/","title":{"rendered":"Et -qa-01b Acc\u00e9l\u00e9rom\u00e8tre de quartz haute pr\u00e9cision\u00a0"},"content":{"rendered":"<p>If interested in High Performance Quartz Accelerometer, pls contact us:info@andelutech.com<\/p>","protected":false},"excerpt":{"rendered":"<p><strong><b>Introduction<\/b><\/strong><\/p>\n<p>Et -qa-01b \u00e0 haute pr\u00e9cision\u00a0<a href=\"https:\/\/www.ericcointernational.com\/accelerometer\/quartz-accelerometer\/\">Acc\u00e9l\u00e9rom\u00e8tre de quartz<\/a>\u00a0car l'a\u00e9rospatiale est sp\u00e9cialement utilis\u00e9e dans le syst\u00e8me de navigation inertielle qui a une large application dans les v\u00e9hicules a\u00e9rospatiaux, le syst\u00e8me de navigation inertielle et le syst\u00e8me de contr\u00f4le des navires.<\/p>","protected":false},"featured_media":3563,"comment_status":"open","ping_status":"closed","template":"","meta":[],"product_brand":[],"product_cat":[25],"product_tag":[],"class_list":{"0":"post-2143","1":"product","2":"type-product","3":"status-publish","4":"has-post-thumbnail","6":"product_cat-accelerometer","8":"first","9":"instock","10":"shipping-taxable","11":"product-type-simple"},"_links":{"self":[{"href":"https:\/\/www.andelutech.com\/fr\/wp-json\/wp\/v2\/product\/2143","targetHints":{"allow":["GET"]}}],"collection":[{"href":"https:\/\/www.andelutech.com\/fr\/wp-json\/wp\/v2\/product"}],"about":[{"href":"https:\/\/www.andelutech.com\/fr\/wp-json\/wp\/v2\/types\/product"}],"replies":[{"embeddable":true,"href":"https:\/\/www.andelutech.com\/fr\/wp-json\/wp\/v2\/comments?post=2143"}],"wp:featuredmedia":[{"embeddable":true,"href":"https:\/\/www.andelutech.com\/fr\/wp-json\/wp\/v2\/media\/3563"}],"wp:attachment":[{"href":"https:\/\/www.andelutech.com\/fr\/wp-json\/wp\/v2\/media?parent=2143"}],"wp:term":[{"taxonomy":"product_brand","embeddable":true,"href":"https:\/\/www.andelutech.com\/fr\/wp-json\/wp\/v2\/product_brand?post=2143"},{"taxonomy":"product_cat","embeddable":true,"href":"https:\/\/www.andelutech.com\/fr\/wp-json\/wp\/v2\/product_cat?post=2143"},{"taxonomy":"product_tag","embeddable":true,"href":"https:\/\/www.andelutech.com\/fr\/wp-json\/wp\/v2\/product_tag?post=2143"}],"curies":[{"name":"wp","href":"https:\/\/api.w.org\/{rel}","templated":true}]}}