{"id":2140,"date":"2025-05-19T10:29:24","date_gmt":"2025-05-19T02:29:24","guid":{"rendered":"https:\/\/www.andelutech.com\/?post_type=product&#038;p=2140"},"modified":"2026-01-16T10:01:52","modified_gmt":"2026-01-16T02:01:52","slug":"and-qa-01a-aerospace-quartz-accelerometer","status":"publish","type":"product","link":"https:\/\/www.andelutech.com\/fr\/product\/and-qa-01a-aerospace-quartz-accelerometer\/","title":{"rendered":"Et -qa-01a acc\u00e9l\u00e9rom\u00e8tre au quartz a\u00e9rospatial"},"content":{"rendered":"<p>Si vous \u00eates int\u00e9ress\u00e9 par l'acc\u00e9l\u00e9rom\u00e8tre \u00e0 quartz haute performance, les pls nous contactent:<strong><b> info@andelutech.com<\/b><\/strong><\/p>","protected":false},"excerpt":{"rendered":"<p><strong><b>Application<\/b><\/strong><\/p>\n<p>Et -qa-01a a\u00e9rospatial\u00a0<a href=\"https:\/\/www.ericcointernational.com\/accelerometer\/quartz-accelerometer\/\">Acc\u00e9l\u00e9rom\u00e8tre de quartz<\/a>\u00a0avec une haute pr\u00e9cision est utilis\u00e9 dans le syst\u00e8me de mesure de la microgravit\u00e9 du support, le syst\u00e8me de navigation inertielle, le syst\u00e8me de mesure de l'angle statique.<\/p>\n<p><strong><b>Caract\u00e9ristiques<\/b><\/strong><\/p>\n<p>Haute pr\u00e9cision<\/p>\n<p>Haute performance<\/p>","protected":false},"featured_media":3564,"comment_status":"open","ping_status":"closed","template":"","meta":[],"product_brand":[],"product_cat":[25],"product_tag":[],"class_list":{"0":"post-2140","1":"product","2":"type-product","3":"status-publish","4":"has-post-thumbnail","6":"product_cat-accelerometer","8":"first","9":"instock","10":"shipping-taxable","11":"product-type-simple"},"_links":{"self":[{"href":"https:\/\/www.andelutech.com\/fr\/wp-json\/wp\/v2\/product\/2140","targetHints":{"allow":["GET"]}}],"collection":[{"href":"https:\/\/www.andelutech.com\/fr\/wp-json\/wp\/v2\/product"}],"about":[{"href":"https:\/\/www.andelutech.com\/fr\/wp-json\/wp\/v2\/types\/product"}],"replies":[{"embeddable":true,"href":"https:\/\/www.andelutech.com\/fr\/wp-json\/wp\/v2\/comments?post=2140"}],"wp:featuredmedia":[{"embeddable":true,"href":"https:\/\/www.andelutech.com\/fr\/wp-json\/wp\/v2\/media\/3564"}],"wp:attachment":[{"href":"https:\/\/www.andelutech.com\/fr\/wp-json\/wp\/v2\/media?parent=2140"}],"wp:term":[{"taxonomy":"product_brand","embeddable":true,"href":"https:\/\/www.andelutech.com\/fr\/wp-json\/wp\/v2\/product_brand?post=2140"},{"taxonomy":"product_cat","embeddable":true,"href":"https:\/\/www.andelutech.com\/fr\/wp-json\/wp\/v2\/product_cat?post=2140"},{"taxonomy":"product_tag","embeddable":true,"href":"https:\/\/www.andelutech.com\/fr\/wp-json\/wp\/v2\/product_tag?post=2140"}],"curies":[{"name":"wp","href":"https:\/\/api.w.org\/{rel}","templated":true}]}}