{"id":2128,"date":"2025-05-19T10:14:31","date_gmt":"2025-05-19T02:14:31","guid":{"rendered":"https:\/\/www.andelutech.com\/?post_type=product&#038;p=2128"},"modified":"2025-12-24T15:52:05","modified_gmt":"2025-12-24T07:52:05","slug":"and-qa-03d-anti-shock-and-high-temp-quartz-accelerometer-for-oil-and-gas","status":"publish","type":"product","link":"https:\/\/www.andelutech.com\/fr\/product\/and-qa-03d-anti-shock-and-high-temp-quartz-accelerometer-for-oil-and-gas\/","title":{"rendered":"Et -QA-03D Anti-shock et acc\u00e9l\u00e9rom\u00e8tre de quartz \u00e0 haut temp\u00eate pour le p\u00e9trole et le gaz\u00a0"},"content":{"rendered":"<p><strong><b>Applications\u00a0<\/b><\/strong><\/p>\n<p>Outils MWD<\/p>\n<p>Outils LWD<\/p>\n<p>Navigation inertielle<\/p>\n<p>B\u00fbcher de puits d'huile<\/p>\n<p>Gyro Inclinom\u00e8tre<\/p>\n<p>Conseils et contr\u00f4le<\/p>","protected":false},"excerpt":{"rendered":"<p><strong><b>Introduction<\/b><\/strong><\/p>\n<p>Et -QA-03D \u00e0 haute temp\u00e9rature\u00a0<a href=\"https:\/\/www.ericcointernational.com\/accelerometer\/quartz-accelerometer\/\">Acc\u00e9l\u00e9rom\u00e8tre de quartz<\/a>\u00a0pour le p\u00e9trole et le gaz avec des performances \u00e9lev\u00e9es, anti-socle et forte fiabilit\u00e9, elle peut non seulement \u00eatre utilis\u00e9e dans les tests d'inertiel de l'aviation et de l'a\u00e9rospatiale, mais aussi dans les mesures d'acc\u00e9l\u00e9ration statiques et dynamiques. De plus, l'acc\u00e9l\u00e9rom\u00e8tre utilise un capteur de temp\u00e9rature, que l'op\u00e9rateur peut utiliser pour compenser le biais et les param\u00e8tres du facteur d'\u00e9chelle pour r\u00e9duire l'influence des facteurs de temp\u00e9rature.<\/p>\n<p>Applications \uff1aThe products are widely used for aerospace inertial navigation, guidance and control, industrial measurement and for measurement-while-drilling (MWD) in oil and gas fields.<\/p>\n<p>&nbsp;<\/p>","protected":false},"featured_media":2130,"comment_status":"open","ping_status":"closed","template":"","meta":[],"product_brand":[],"product_cat":[25],"product_tag":[],"class_list":{"0":"post-2128","1":"product","2":"type-product","3":"status-publish","4":"has-post-thumbnail","6":"product_cat-accelerometer","8":"first","9":"instock","10":"shipping-taxable","11":"product-type-simple"},"_links":{"self":[{"href":"https:\/\/www.andelutech.com\/fr\/wp-json\/wp\/v2\/product\/2128","targetHints":{"allow":["GET"]}}],"collection":[{"href":"https:\/\/www.andelutech.com\/fr\/wp-json\/wp\/v2\/product"}],"about":[{"href":"https:\/\/www.andelutech.com\/fr\/wp-json\/wp\/v2\/types\/product"}],"replies":[{"embeddable":true,"href":"https:\/\/www.andelutech.com\/fr\/wp-json\/wp\/v2\/comments?post=2128"}],"wp:featuredmedia":[{"embeddable":true,"href":"https:\/\/www.andelutech.com\/fr\/wp-json\/wp\/v2\/media\/2130"}],"wp:attachment":[{"href":"https:\/\/www.andelutech.com\/fr\/wp-json\/wp\/v2\/media?parent=2128"}],"wp:term":[{"taxonomy":"product_brand","embeddable":true,"href":"https:\/\/www.andelutech.com\/fr\/wp-json\/wp\/v2\/product_brand?post=2128"},{"taxonomy":"product_cat","embeddable":true,"href":"https:\/\/www.andelutech.com\/fr\/wp-json\/wp\/v2\/product_cat?post=2128"},{"taxonomy":"product_tag","embeddable":true,"href":"https:\/\/www.andelutech.com\/fr\/wp-json\/wp\/v2\/product_tag?post=2128"}],"curies":[{"name":"wp","href":"https:\/\/api.w.org\/{rel}","templated":true}]}}