{"id":2123,"date":"2025-05-19T10:03:54","date_gmt":"2025-05-19T02:03:54","guid":{"rendered":"https:\/\/www.andelutech.com\/?post_type=product&#038;p=2123"},"modified":"2025-12-24T15:56:12","modified_gmt":"2025-12-24T07:56:12","slug":"and-qa-03b-wide-range-quartz-accelerometer","status":"publish","type":"product","link":"https:\/\/www.andelutech.com\/fr\/product\/and-qa-03b-wide-range-quartz-accelerometer\/","title":{"rendered":"Et -QA-03B Acc\u00e9l\u00e9rom\u00e8tre \u00e0 quartz \u00e0 grande \u00e9chelle\u00a0"},"content":{"rendered":"<p>&nbsp;<\/p>","protected":false},"excerpt":{"rendered":"<p><strong><b>Introduction<\/b><\/strong><\/p>\n<p>Et -qa-03b large\u00a0<a href=\"https:\/\/www.ericcointernational.com\/accelerometer\/quartz-accelerometer\/\">Acc\u00e9l\u00e9rom\u00e8tre de quartz<\/a>\u00a0pour l'a\u00e9rospatiale avec une grande plage, une grande pr\u00e9cision, une haute fiabilit\u00e9, non seulement peut \u00eatre utilis\u00e9e dans le test inertiel de l'aviation et de l'a\u00e9rospatiale, mais aussi dans la mesure d'acc\u00e9l\u00e9ration statique et dynamique. De plus, l'acc\u00e9l\u00e9rom\u00e8tre utilise un capteur de temp\u00e9rature, que l'op\u00e9rateur peut utiliser pour compenser le biais et les param\u00e8tres du facteur d'\u00e9chelle pour r\u00e9duire l'influence des facteurs de temp\u00e9rature.<\/p>\n<p><strong><b>Applications<\/b><\/strong><\/p>\n<p>Contr\u00f4le du vol<\/p>\n<p>Stabilisation<\/p>\n<p>Syst\u00e8mes de navigation d'avion<\/p>\n<p>Syst\u00e8mes de r\u00e9f\u00e9rence \u00e0 ruban d'attitude (AHR)<\/p>\n<p>Tests de vibration au sol (GVT) -Wind Testing Tests<\/p>","protected":false},"featured_media":2126,"comment_status":"closed","ping_status":"closed","template":"","meta":[],"product_brand":[],"product_cat":[25],"product_tag":[],"class_list":{"0":"post-2123","1":"product","2":"type-product","3":"status-publish","4":"has-post-thumbnail","6":"product_cat-accelerometer","8":"first","9":"instock","10":"shipping-taxable","11":"product-type-simple"},"_links":{"self":[{"href":"https:\/\/www.andelutech.com\/fr\/wp-json\/wp\/v2\/product\/2123","targetHints":{"allow":["GET"]}}],"collection":[{"href":"https:\/\/www.andelutech.com\/fr\/wp-json\/wp\/v2\/product"}],"about":[{"href":"https:\/\/www.andelutech.com\/fr\/wp-json\/wp\/v2\/types\/product"}],"replies":[{"embeddable":true,"href":"https:\/\/www.andelutech.com\/fr\/wp-json\/wp\/v2\/comments?post=2123"}],"wp:featuredmedia":[{"embeddable":true,"href":"https:\/\/www.andelutech.com\/fr\/wp-json\/wp\/v2\/media\/2126"}],"wp:attachment":[{"href":"https:\/\/www.andelutech.com\/fr\/wp-json\/wp\/v2\/media?parent=2123"}],"wp:term":[{"taxonomy":"product_brand","embeddable":true,"href":"https:\/\/www.andelutech.com\/fr\/wp-json\/wp\/v2\/product_brand?post=2123"},{"taxonomy":"product_cat","embeddable":true,"href":"https:\/\/www.andelutech.com\/fr\/wp-json\/wp\/v2\/product_cat?post=2123"},{"taxonomy":"product_tag","embeddable":true,"href":"https:\/\/www.andelutech.com\/fr\/wp-json\/wp\/v2\/product_tag?post=2123"}],"curies":[{"name":"wp","href":"https:\/\/api.w.org\/{rel}","templated":true}]}}