{"id":1855,"date":"2025-04-11T17:49:33","date_gmt":"2025-04-11T09:49:33","guid":{"rendered":"https:\/\/www.andelutech.com\/?post_type=product&#038;p=1855"},"modified":"2026-01-16T10:22:01","modified_gmt":"2026-01-16T02:22:01","slug":"and-fins-70-high-performance-low-cost-fog-ins","status":"publish","type":"product","link":"https:\/\/www.andelutech.com\/fr\/product\/and-fins-70-high-performance-low-cost-fog-ins\/","title":{"rendered":"Et fins-70 Haute performance et brouillard \u00e0 faible co\u00fbt"},"content":{"rendered":"<p><strong><b>Structure et fonctions du syst\u00e8me<\/b><\/strong><\/p>\n<p>Le syst\u00e8me se compose d'un ch\u00e2ssis, d'un corps IMU (avec un gyroscope \u00e0 fibre optique \u00e0 trois axes, un acc\u00e9l\u00e9rom\u00e8tre \u00e0 trois axes), une carte m\u00e8re gyroscopique, une carte m\u00e8re mesur\u00e9e, une alimentation secondaire, un ordinateur de navigation et des connecteurs.<\/p>\n<p>Il peut r\u00e9pondre aux exigences de la mesure d'attitude \u00e0 trois axes \u00e0 trois axes toutes les temps et a une fonction d'auto-alignement. Il peut r\u00e9aliser une navigation inertielle pure \u00e0 court terme et des fonctions de navigation combin\u00e9es et des donn\u00e9es d'attitude en temps r\u00e9el du transporteur de sortie.<\/p>\n<p><strong><b>Caract\u00e9ristiques<\/b><\/strong><\/p>\n<p><strong><b>3.1 Sp\u00e9cifications de performance<\/b><\/strong><\/p>\n<p>3.1.1 Param\u00e8tre de capteur de temp\u00e9rature complet<\/p>\n<p>Le gyro est meilleur que 0,05 \u00b0 \/ h, et l'acc\u00e9l\u00e9rom\u00e8tre est meilleur que 200UG (10S, 1\u03c3).<\/p>\n<p>3.1.2 Alignement initial (\u00e0 temp\u00e9rature normale 25 \u00b0 C)<\/p>\n<p>Mode d'alignement: auto-alignement;<\/p>\n<p>Temps d'alignement: moins de 5 minutes (base statique);<\/p>\n<p>Attitude horizontale (tangage, rouleau) pr\u00e9cision d'alignement (1\u03c3): \u22640,03 \u00b0;<\/p>\n<p>Pr\u00e9cision d'alignement de ruban (1\u03c3): \u22640,3 \u00b0.<\/p>\n<p>3.1.3 Attitude maintient la pr\u00e9cision<\/p>\n<p>1h \u00e9tat d'inertie pure;<\/p>\n<p>Attitude horizontale (tangage, rouleau) Gesure de la pr\u00e9cision (1\u03c3): \u22640,05 \u00b0;<\/p>\n<p>Pr\u00e9cision des cap (1\u03c3): \u22640,2 \u00b0;<\/p>\n<p>statut de combinaison de position 8h;<\/p>\n<p>Pr\u00e9cision de position (CEP): 10m;<\/p>\n<p><strong><b>3,2 volume, poids<\/b><\/strong><\/p>\n<p>3.2.1 ET FINS-70A<\/p>\n<p>Le volume du syst\u00e8me est: 237 mm \u00d7 157 mm \u00d7 122 mm;<\/p>\n<p>Poids du syst\u00e8me: moins de 5 kg.<\/p>\n<p>3.2.2 ET FINS-70B<\/p>\n<p>Le volume du syst\u00e8me est: 140 mm \u00d7 140 mm \u00d7 100 mm;<\/p>\n<p>Poids du syst\u00e8me: moins de 3 kg.<\/p>\n<p><strong><b>3.3 Conditions environnementales Exigences<\/b><\/strong><\/p>\n<p>Plage de temp\u00e9ratures de fonctionnement: -40 \u00b0 C ~ + 60 \u00b0 C.<\/p>\n<p><strong><b>3.4 Alimentation et consommation d'\u00e9nergie<\/b><\/strong><\/p>\n<p>La consommation d'\u00e9nergie moyenne est de 15 W, 10 W \u00e0 temp\u00e9rature normale;<\/p>\n<p>Alimentation 24V, tension de travail 16 ~ 32V.<\/p>\n<p><strong><b>3.5 Interface d'entr\u00e9e et de sortie<\/b><\/strong><\/p>\n<p>Interface d'entr\u00e9e et de sortie RS422: Envoyer des param\u00e8tres de navigation et des commandes de contr\u00f4le<\/p>\n<p>Si vous \u00eates int\u00e9ress\u00e9 par les performances \u00e9lev\u00e9es et les brouillards \u00e0 faible co\u00fbt, les pls nous contactent:<b> <\/b><a href=\"mailto:info@joinsunny.cn\"><span style=\"color: #0000ff;\"><strong><b>info@andelutech.com<\/b><\/strong><\/span><\/a><\/p>","protected":false},"excerpt":{"rendered":"<p><strong><b>Introduction<\/b><\/strong><\/p>\n<p>Et fins-70 haute performance et\u00a0<span style=\"color: #0000ff;\">Fog \u00e0 faible co\u00fbt<\/span>\u00a0is mainly composed of three solid fiber optic gyroscopes, three quartz flexible accelerometers, data packing plates, body structural parts and related software.<\/p>\n<p>It can measure the angular velocity and linear acceleration of the carrier motion; performs the error compensation of temperature, installation misalignment angle, non-linearity and zero position etc.; automatically searches and outputs true north heading; provides three-dimensional attitude; provides information for carrier attitude and navigation control and the measurement result is output through RS422 serial interface.<\/p>","protected":false},"featured_media":1863,"comment_status":"open","ping_status":"closed","template":"","meta":[],"product_brand":[],"product_cat":[22],"product_tag":[],"class_list":{"0":"post-1855","1":"product","2":"type-product","3":"status-publish","4":"has-post-thumbnail","6":"product_cat-gyro-sensor","8":"first","9":"instock","10":"shipping-taxable","11":"product-type-simple"},"_links":{"self":[{"href":"https:\/\/www.andelutech.com\/fr\/wp-json\/wp\/v2\/product\/1855","targetHints":{"allow":["GET"]}}],"collection":[{"href":"https:\/\/www.andelutech.com\/fr\/wp-json\/wp\/v2\/product"}],"about":[{"href":"https:\/\/www.andelutech.com\/fr\/wp-json\/wp\/v2\/types\/product"}],"replies":[{"embeddable":true,"href":"https:\/\/www.andelutech.com\/fr\/wp-json\/wp\/v2\/comments?post=1855"}],"wp:featuredmedia":[{"embeddable":true,"href":"https:\/\/www.andelutech.com\/fr\/wp-json\/wp\/v2\/media\/1863"}],"wp:attachment":[{"href":"https:\/\/www.andelutech.com\/fr\/wp-json\/wp\/v2\/media?parent=1855"}],"wp:term":[{"taxonomy":"product_brand","embeddable":true,"href":"https:\/\/www.andelutech.com\/fr\/wp-json\/wp\/v2\/product_brand?post=1855"},{"taxonomy":"product_cat","embeddable":true,"href":"https:\/\/www.andelutech.com\/fr\/wp-json\/wp\/v2\/product_cat?post=1855"},{"taxonomy":"product_tag","embeddable":true,"href":"https:\/\/www.andelutech.com\/fr\/wp-json\/wp\/v2\/product_tag?post=1855"}],"curies":[{"name":"wp","href":"https:\/\/api.w.org\/{rel}","templated":true}]}}