{"id":1851,"date":"2025-04-11T17:40:51","date_gmt":"2025-04-11T09:40:51","guid":{"rendered":"https:\/\/www.andelutech.com\/?post_type=product&#038;p=1851"},"modified":"2026-01-09T11:42:36","modified_gmt":"2026-01-09T03:42:36","slug":"electronic-compass","status":"publish","type":"product","link":"https:\/\/www.andelutech.com\/fr\/product\/electronic-compass\/","title":{"rendered":"AND-EC-220 Electronic Compass"},"content":{"rendered":"<p><strong><b>Caract\u00e9ristiques<\/b><\/strong><\/p>\n<p>Plage de mesure 0 \u00e0 360 \u00b0<\/p>\n<p>Pr\u00e9cision de cap 1 \u00b0, plage d'inclinaison \u00b1 5 \u00b0<\/p>\n<p>Conception de qualit\u00e9 industrielle<\/p>\n<p>Tension d'entr\u00e9e DC 5V<\/p>\n<p>Temp\u00e9rature large fonctionnant -40 ~ + 85 \u2103<\/p>\n<p>Avec une compensation magn\u00e9tique, magn\u00e9tique douce et inclinable douce<\/p>\n<p>Taux en bauds 2400 ~ 115200 (r\u00e9glable)<\/p>\n<p>Courant de travail: 40mA<\/p>\n<p>Niveau de protection IP67<\/p>\n<p>Sortie rs232 \/RS485\/TTL\/MODBUS (facultatif)<\/p>\n<p>Petit volume (33 * 27 * 8 mm) (personnalisable)<\/p>\n<p>Le produit est de petite taille et faible en consommation d'\u00e9nergie, et peut \u00eatre utilis\u00e9 dans de nombreux domaines tels que la stabilit\u00e9 de l'antenne, l'automobile et l'int\u00e9gration du syst\u00e8me. Une forte r\u00e9sistance aux chocs peut fonctionner normalement dans des environnements extr\u00eamement s\u00e9v\u00e8res, ce qui convient plus \u00e0 la mesure de haute pr\u00e9cision miniaturis\u00e9e d'aujourd'hui.<\/p>\n<p>Si vous \u00eates int\u00e9ress\u00e9 par la boussole \u00e9lectronique 2D de haute pr\u00e9cision-EC-220 - Type num\u00e9rique, PLS Contactez-nous:<strong><b>\u00a0<\/b><\/strong><a href=\"mailto:info@joinsunny.cn\"><span style=\"color: #0000ff;\"><strong><b>info@joinsunny.cn<\/b><\/strong><\/span><\/a><\/p>","protected":false},"excerpt":{"rendered":"<p><strong><b>Introduction<\/b><\/strong><\/p>\n<p>Il s'agit d'une boussole \u00e9lectronique bidimensionnelle de haute pr\u00e9cision, qui mesure l'azimut de 0 \u00e0 360 \u00b0, et a introduit la technologie des brevets am\u00e9ricains. Il est compos\u00e9 de microcontr\u00f4leur industriel avec une forte fiabilit\u00e9 et une forte capacit\u00e9 anti-interf\u00e9rence, magn\u00e9tique magn\u00e9tique \u00e0 haute pr\u00e9cision\u00a0<span style=\"color: #0000ff;\">capteur<\/span>\u00a0conduisez des puces et int\u00e8gre une interf\u00e9rence magn\u00e9tique dure et une technologie de compensation de l'interf\u00e9rence magn\u00e9tique douce. Il peut \u00eatre personnalis\u00e9 en fonction des besoins des clients, et il est tr\u00e8s pratique d'int\u00e9grer rapidement la fonction de boussole \u00e9lectronique dans divers produits.<\/p>\n<p><strong><b>Applications<\/b><\/strong><\/p>\n<p>\u00c9quipement de combat individuel<\/p>\n<p>Positionnement de l'antenne solaire satellite<\/p>\n<p>Voiture AGV faible<\/p>\n<p>Machinerie mini\u00e8re, \u00e9quipement d'exploitation d'huile<\/p>\n<p>\u00c9quipement m\u00e9dical<\/p>\n<p>Nivellement de GIMP<\/p>\n<p>Positionnement et navigation d'UAV<\/p>\n<p>Surveillance bas\u00e9e sur l'inclinaison<\/p>\n<p>Contr\u00f4le d'angle de machines de construction<\/p>\n<p>Inspection des ponts et des barrages<\/p>\n<p>&nbsp;<\/p>","protected":false},"featured_media":1853,"comment_status":"open","ping_status":"closed","template":"","meta":[],"product_brand":[],"product_cat":[41],"product_tag":[],"class_list":{"0":"post-1851","1":"product","2":"type-product","3":"status-publish","4":"has-post-thumbnail","6":"product_cat-compass","8":"first","9":"instock","10":"shipping-taxable","11":"product-type-simple"},"_links":{"self":[{"href":"https:\/\/www.andelutech.com\/fr\/wp-json\/wp\/v2\/product\/1851","targetHints":{"allow":["GET"]}}],"collection":[{"href":"https:\/\/www.andelutech.com\/fr\/wp-json\/wp\/v2\/product"}],"about":[{"href":"https:\/\/www.andelutech.com\/fr\/wp-json\/wp\/v2\/types\/product"}],"replies":[{"embeddable":true,"href":"https:\/\/www.andelutech.com\/fr\/wp-json\/wp\/v2\/comments?post=1851"}],"wp:featuredmedia":[{"embeddable":true,"href":"https:\/\/www.andelutech.com\/fr\/wp-json\/wp\/v2\/media\/1853"}],"wp:attachment":[{"href":"https:\/\/www.andelutech.com\/fr\/wp-json\/wp\/v2\/media?parent=1851"}],"wp:term":[{"taxonomy":"product_brand","embeddable":true,"href":"https:\/\/www.andelutech.com\/fr\/wp-json\/wp\/v2\/product_brand?post=1851"},{"taxonomy":"product_cat","embeddable":true,"href":"https:\/\/www.andelutech.com\/fr\/wp-json\/wp\/v2\/product_cat?post=1851"},{"taxonomy":"product_tag","embeddable":true,"href":"https:\/\/www.andelutech.com\/fr\/wp-json\/wp\/v2\/product_tag?post=1851"}],"curies":[{"name":"wp","href":"https:\/\/api.w.org\/{rel}","templated":true}]}}