{"id":1839,"date":"2025-04-11T17:31:08","date_gmt":"2025-04-11T09:31:08","guid":{"rendered":"https:\/\/www.andelutech.com\/?post_type=product&#038;p=1839"},"modified":"2026-01-09T13:50:23","modified_gmt":"2026-01-09T05:50:23","slug":"low-costfog-rate-gyroscope","status":"publish","type":"product","link":"https:\/\/www.andelutech.com\/fr\/product\/low-costfog-rate-gyroscope\/","title":{"rendered":"AND-FOG-25 Low Cost FOG Rate Gyroscope"},"content":{"rendered":"<p><strong><b>Caract\u00e9ristiques<\/b><\/strong><\/p>\n<p>Plage de mesure: 500 \u00b0 \/ s, r\u00e9glable;<br \/>\nStabilit\u00e9 du biais de (1\u03c3): 1-5 \u00b0 \/ h;<br \/>\nR\u00e9solution: 0,5 \u00b0 \/ h;<br \/>\nNON LIN\u00c9ARIT\u00c9 (1\u03c3): 300 ppm;<br \/>\nCoefficient de marche al\u00e9atoire: 0,1 (\u00b0 \/ \u221aH);<br \/>\nBande passante: pas moins de 400 Hz;<br \/>\nConsommation d'\u00e9nergie: moins de 3W;<br \/>\nTemp\u00e9rature de travail: M1A: -40 \u00b0 C \u00e0 + 60 \u00b0 C;<br \/>\nAlimentation \u00e9lectrique: \u00b1 5V DC (pr\u00e9cision de puissance \u00b1 5%, ondulation inf\u00e9rieure \u00e0 30 mV)<br \/>\nInterface: RS-422<br \/>\nDimensions: \u03c625 mm * 40 mm<br \/>\nPoids: 60 \u00b1 5G<\/p>","protected":false},"excerpt":{"rendered":"<p>Et FOG-25 Haute pr\u00e9cision et taux de brouillard \u00e0 faible co\u00fbt (substitut sp\u00e9cialement con\u00e7u du taux de gyroscope flottant liquide) est sp\u00e9cialement con\u00e7u pour la mesure d'attitude du v\u00e9hicule, et peut remplacer le gyroscope flottant liquide ou semi-liquide. Il est simple \u00e0 installer, facile \u00e0 utiliser, stable et fiable. Les utilisateurs n'ont qu'\u00e0 utiliser une fiche pour fournir une alimentation, une carte m\u00e8re externe et recevoir des donn\u00e9es de sortie gyroscopiques. Le produit peut \u00e9galement \u00eatre utilis\u00e9 pour la navigation, les conseils et autres champs.<\/p>","protected":false},"featured_media":1841,"comment_status":"closed","ping_status":"closed","template":"","meta":[],"product_brand":[],"product_cat":[22],"product_tag":[],"class_list":{"0":"post-1839","1":"product","2":"type-product","3":"status-publish","4":"has-post-thumbnail","6":"product_cat-gyro-sensor","8":"first","9":"instock","10":"shipping-taxable","11":"product-type-simple"},"_links":{"self":[{"href":"https:\/\/www.andelutech.com\/fr\/wp-json\/wp\/v2\/product\/1839","targetHints":{"allow":["GET"]}}],"collection":[{"href":"https:\/\/www.andelutech.com\/fr\/wp-json\/wp\/v2\/product"}],"about":[{"href":"https:\/\/www.andelutech.com\/fr\/wp-json\/wp\/v2\/types\/product"}],"replies":[{"embeddable":true,"href":"https:\/\/www.andelutech.com\/fr\/wp-json\/wp\/v2\/comments?post=1839"}],"wp:featuredmedia":[{"embeddable":true,"href":"https:\/\/www.andelutech.com\/fr\/wp-json\/wp\/v2\/media\/1841"}],"wp:attachment":[{"href":"https:\/\/www.andelutech.com\/fr\/wp-json\/wp\/v2\/media?parent=1839"}],"wp:term":[{"taxonomy":"product_brand","embeddable":true,"href":"https:\/\/www.andelutech.com\/fr\/wp-json\/wp\/v2\/product_brand?post=1839"},{"taxonomy":"product_cat","embeddable":true,"href":"https:\/\/www.andelutech.com\/fr\/wp-json\/wp\/v2\/product_cat?post=1839"},{"taxonomy":"product_tag","embeddable":true,"href":"https:\/\/www.andelutech.com\/fr\/wp-json\/wp\/v2\/product_tag?post=1839"}],"curies":[{"name":"wp","href":"https:\/\/api.w.org\/{rel}","templated":true}]}}