{"id":1837,"date":"2025-04-11T17:33:19","date_gmt":"2025-04-11T09:33:19","guid":{"rendered":"https:\/\/www.andelutech.com\/?post_type=product&#038;p=1837"},"modified":"2026-01-15T20:26:37","modified_gmt":"2026-01-15T12:26:37","slug":"high-accuracy-north-seeking-mems-imu","status":"publish","type":"product","link":"https:\/\/www.andelutech.com\/fr\/product\/high-accuracy-north-seeking-mems-imu\/","title":{"rendered":"AND-MIMU-01\u00a0 High Accuracy North-Seeking MEMS IMU"},"content":{"rendered":"<p><strong><b>Zones de candidature<\/b><\/strong><\/p>\n<p>Exploration du p\u00e9trole;<\/p>\n<p>Bridge, b\u00e2timent grand, tour, surveillance des barrages<\/p>\n<p>Surveillance des roches et des sols<\/p>\n<p>Exploitation mini\u00e8re<\/p>\n<p><strong><b>Caract\u00e9ristiques<\/b><\/strong><\/p>\n<p>Volume: 38,6 mm \u00d7 44,8 mm \u00d7 21,8 mm;<\/p>\n<p>Alimentation 5V, faible consommation d'\u00e9nergie 1,0 W;<\/p>\n<p>L\u00e9ger: \u226460g;<\/p>\n<p>Les produits comprennent des MEMS Gyro X, Y, Z, Z \u00e0 trois axes et acc\u00e9l\u00e9rom\u00e8tre MEMS \u00e0 trois axes Z, Z;<\/p>\n<p>La communication en bus RS422, le taux de bauds de 9600 ~ 921600 peut \u00eatre r\u00e9gl\u00e9.<\/p>\n<p>Si vous \u00eates int\u00e9ress\u00e9 par une grande pr\u00e9cision \u00e0 la recherche du nord MEMS IMU, PLS Contactez-nous:\u00a0<a href=\"mailto:info@joinsunny.cn\"><span style=\"color: #0000ff;\"><strong><b>info@andelutech.com<\/b><\/strong><\/span><\/a><\/p>","protected":false},"excerpt":{"rendered":"<p><strong><b>Introduction du produit<\/b><\/strong><\/p>\n<p>L'unit\u00e9 de mesure inertielle, appel\u00e9e IMU, est un dispositif pour mesurer l'angle d'attitude (ou la vitesse angulaire) et l'acc\u00e9l\u00e9ration des trois axes de l'objet. Le gyroscope et l'acc\u00e9l\u00e9rom\u00e8tre sont les principaux appareils du syst\u00e8me de navigation inertielle (IS). Avec le capteur acc\u00e9l\u00e9rom\u00e8tre et le gyroscope int\u00e9gr\u00e9s, l'IMU peut mesurer l'acc\u00e9l\u00e9ration lin\u00e9aire et la vitesse angulaire de rotation \u00e0 partir de trois directions et peut obtenir l'attitude, la vitesse et les informations de d\u00e9placement du porteur \u00e0 travers le r\u00e9solution.<\/p>\n<p>Et MIMU-01 utilise\u00a0<span style=\"color: #0000ff;\">Acc\u00e9l\u00e9rom\u00e8tre MEMS\u00a0<\/span>et\u00a0<span style=\"color: #0000ff;\">gyroscope<\/span>\u00a0Avec une qualit\u00e9 et une FIABILIT\u00c9 de haute qualit\u00e9, RS422 et la communication externe, le taux DE bauds peut \u00eatre r\u00e9gl\u00e9 de mani\u00e8re flexible entre 9600 ~ 921600, via le protocole de communication pour d\u00e9finir le taux de bauds de communication requis par l'utilisateur. Avec x, y, z acc\u00e9l\u00e9rom\u00e8tre \u00e0 trois axes \u00e0 trois axes, \u00e0 trois axes \u00e0 trois axes \u00e0 haute r\u00e9solution, peut \u00eatre sorti par Rs422 x, Y, Z trois axes de gyroscope et de compl\u00e9ment hexad\u00e9cimal de l'acc\u00e9l\u00e9rom\u00e8tre (Acc\u00e9l\u00e9ration de la temp\u00e9rature num\u00e9rique, de l'angle acc\u00e9l\u00e9rat<\/p>","protected":false},"featured_media":1845,"comment_status":"open","ping_status":"closed","template":"","meta":[],"product_brand":[],"product_cat":[26],"product_tag":[],"class_list":{"0":"post-1837","1":"product","2":"type-product","3":"status-publish","4":"has-post-thumbnail","6":"product_cat-imu-mems-ins","8":"first","9":"instock","10":"shipping-taxable","11":"product-type-simple"},"_links":{"self":[{"href":"https:\/\/www.andelutech.com\/fr\/wp-json\/wp\/v2\/product\/1837","targetHints":{"allow":["GET"]}}],"collection":[{"href":"https:\/\/www.andelutech.com\/fr\/wp-json\/wp\/v2\/product"}],"about":[{"href":"https:\/\/www.andelutech.com\/fr\/wp-json\/wp\/v2\/types\/product"}],"replies":[{"embeddable":true,"href":"https:\/\/www.andelutech.com\/fr\/wp-json\/wp\/v2\/comments?post=1837"}],"wp:featuredmedia":[{"embeddable":true,"href":"https:\/\/www.andelutech.com\/fr\/wp-json\/wp\/v2\/media\/1845"}],"wp:attachment":[{"href":"https:\/\/www.andelutech.com\/fr\/wp-json\/wp\/v2\/media?parent=1837"}],"wp:term":[{"taxonomy":"product_brand","embeddable":true,"href":"https:\/\/www.andelutech.com\/fr\/wp-json\/wp\/v2\/product_brand?post=1837"},{"taxonomy":"product_cat","embeddable":true,"href":"https:\/\/www.andelutech.com\/fr\/wp-json\/wp\/v2\/product_cat?post=1837"},{"taxonomy":"product_tag","embeddable":true,"href":"https:\/\/www.andelutech.com\/fr\/wp-json\/wp\/v2\/product_tag?post=1837"}],"curies":[{"name":"wp","href":"https:\/\/api.w.org\/{rel}","templated":true}]}}