{"id":1826,"date":"2025-04-11T17:07:55","date_gmt":"2025-04-11T09:07:55","guid":{"rendered":"https:\/\/www.andelutech.com\/?post_type=product&#038;p=1826"},"modified":"2026-01-16T10:20:45","modified_gmt":"2026-01-16T02:20:45","slug":"and-dtg-e6-high-temperature-dynamically-tuned-gyroscope","status":"publish","type":"product","link":"https:\/\/www.andelutech.com\/fr\/product\/and-dtg-e6-high-temperature-dynamically-tuned-gyroscope\/","title":{"rendered":"Et gyroscope r\u00e9gl\u00e9 \u00e0 haute temp\u00e9rature \u00e0 haute temp\u00e9rature"},"content":{"rendered":"<p><strong><b>Caract\u00e9ristiques<\/b><\/strong><\/p>\n<p>Poids l\u00e9ger;<\/p>\n<p>Petit volume;<\/p>\n<p>Heure de d\u00e9but courte;<\/p>\n<p>Temp\u00e9rature \u00e9lev\u00e9e.<\/p>\n<p>Si vous \u00eates int\u00e9ress\u00e9 par le DTG \u00e0 haute temp\u00e9rature, les pls nous contactent:<b> <\/b><a href=\"mailto:info@joinsunny.cn\"><span style=\"color: #0000ff;\"><strong><b>info@andelutech.com<\/b><\/strong><\/span><\/a><\/p>","protected":false},"excerpt":{"rendered":"<p><strong><b>Introduction<\/b><\/strong><\/p>\n<p>Et \u00e0 haute temp\u00e9rature \u00e0 haute temp\u00e9rature dynamiquement\u00a0<span style=\"color: #0000ff;\">Gyroscope<\/span>\u00a0avec une temp\u00e9rature \u00e0 haute temp\u00e9rature, une petite taille et une heure de d\u00e9marrage, non seulement peut \u00eatre utilis\u00e9 dans l'outil de forage \u00e0 temp\u00e9rature de fonctionnement plus \u00e9lev\u00e9e, mais \u00e9galement dans le syst\u00e8me d'attitude de bracelet de missile \u00e0 courte port\u00e9e et l'instrument de mesure inertielle.<\/p>","protected":false},"featured_media":1791,"comment_status":"open","ping_status":"closed","template":"","meta":[],"product_brand":[],"product_cat":[22],"product_tag":[],"class_list":{"0":"post-1826","1":"product","2":"type-product","3":"status-publish","4":"has-post-thumbnail","6":"product_cat-gyro-sensor","8":"first","9":"instock","10":"shipping-taxable","11":"product-type-simple"},"_links":{"self":[{"href":"https:\/\/www.andelutech.com\/fr\/wp-json\/wp\/v2\/product\/1826","targetHints":{"allow":["GET"]}}],"collection":[{"href":"https:\/\/www.andelutech.com\/fr\/wp-json\/wp\/v2\/product"}],"about":[{"href":"https:\/\/www.andelutech.com\/fr\/wp-json\/wp\/v2\/types\/product"}],"replies":[{"embeddable":true,"href":"https:\/\/www.andelutech.com\/fr\/wp-json\/wp\/v2\/comments?post=1826"}],"wp:featuredmedia":[{"embeddable":true,"href":"https:\/\/www.andelutech.com\/fr\/wp-json\/wp\/v2\/media\/1791"}],"wp:attachment":[{"href":"https:\/\/www.andelutech.com\/fr\/wp-json\/wp\/v2\/media?parent=1826"}],"wp:term":[{"taxonomy":"product_brand","embeddable":true,"href":"https:\/\/www.andelutech.com\/fr\/wp-json\/wp\/v2\/product_brand?post=1826"},{"taxonomy":"product_cat","embeddable":true,"href":"https:\/\/www.andelutech.com\/fr\/wp-json\/wp\/v2\/product_cat?post=1826"},{"taxonomy":"product_tag","embeddable":true,"href":"https:\/\/www.andelutech.com\/fr\/wp-json\/wp\/v2\/product_tag?post=1826"}],"curies":[{"name":"wp","href":"https:\/\/api.w.org\/{rel}","templated":true}]}}