{"id":1823,"date":"2025-04-11T17:05:29","date_gmt":"2025-04-11T09:05:29","guid":{"rendered":"https:\/\/www.andelutech.com\/?post_type=product&#038;p=1823"},"modified":"2026-01-16T10:19:53","modified_gmt":"2026-01-16T02:19:53","slug":"and-dtg-e5-flexible-gyroscope","status":"publish","type":"product","link":"https:\/\/www.andelutech.com\/fr\/product\/and-dtg-e5-flexible-gyroscope\/","title":{"rendered":"Et gyroscope flexible-DTG-E5\u00a0"},"content":{"rendered":"<p><strong><b>Caract\u00e9ristiques<\/b><\/strong><\/p>\n<p>Grande vitesse;<\/p>\n<p>Poids l\u00e9ger;<\/p>\n<p>Petit volume;<\/p>\n<p>Haute fiabilit\u00e9.<\/p>\n<p>Si vous \u00eates int\u00e9ress\u00e9 par le gyroscope flexible de la sangle, les pls nous contactent:<b> <\/b><a href=\"mailto:info@joinsunny.cn\"><span style=\"color: #0000ff;\"><strong><b>info@andelutech.com<\/b><\/strong><\/span><\/a><\/p>","protected":false},"excerpt":{"rendered":"<p><strong><b>Introduction<\/b><\/strong><\/p>\n<p>Sangle flexible\u00a0<span style=\"color: #0000ff;\">gyroscope<\/span>\u00a0avec une longue dur\u00e9e de vie, une large plage de mesure et une forte fiabilit\u00e9, qui a \u00e9t\u00e9 largement utilis\u00e9e dans l'unit\u00e9 de mesure inertielle de la sangle et le syst\u00e8me d'attitude de transporteur dynamique \u00e9lev\u00e9.<\/p>","protected":false},"featured_media":1825,"comment_status":"open","ping_status":"closed","template":"","meta":[],"product_brand":[],"product_cat":[22],"product_tag":[],"class_list":{"0":"post-1823","1":"product","2":"type-product","3":"status-publish","4":"has-post-thumbnail","6":"product_cat-gyro-sensor","8":"first","9":"instock","10":"shipping-taxable","11":"product-type-simple"},"_links":{"self":[{"href":"https:\/\/www.andelutech.com\/fr\/wp-json\/wp\/v2\/product\/1823","targetHints":{"allow":["GET"]}}],"collection":[{"href":"https:\/\/www.andelutech.com\/fr\/wp-json\/wp\/v2\/product"}],"about":[{"href":"https:\/\/www.andelutech.com\/fr\/wp-json\/wp\/v2\/types\/product"}],"replies":[{"embeddable":true,"href":"https:\/\/www.andelutech.com\/fr\/wp-json\/wp\/v2\/comments?post=1823"}],"wp:featuredmedia":[{"embeddable":true,"href":"https:\/\/www.andelutech.com\/fr\/wp-json\/wp\/v2\/media\/1825"}],"wp:attachment":[{"href":"https:\/\/www.andelutech.com\/fr\/wp-json\/wp\/v2\/media?parent=1823"}],"wp:term":[{"taxonomy":"product_brand","embeddable":true,"href":"https:\/\/www.andelutech.com\/fr\/wp-json\/wp\/v2\/product_brand?post=1823"},{"taxonomy":"product_cat","embeddable":true,"href":"https:\/\/www.andelutech.com\/fr\/wp-json\/wp\/v2\/product_cat?post=1823"},{"taxonomy":"product_tag","embeddable":true,"href":"https:\/\/www.andelutech.com\/fr\/wp-json\/wp\/v2\/product_tag?post=1823"}],"curies":[{"name":"wp","href":"https:\/\/api.w.org\/{rel}","templated":true}]}}