{"id":1820,"date":"2025-04-11T16:59:47","date_gmt":"2025-04-11T08:59:47","guid":{"rendered":"https:\/\/www.andelutech.com\/?post_type=product&#038;p=1820"},"modified":"2026-01-16T10:15:00","modified_gmt":"2026-01-16T02:15:00","slug":"and-dtg-e4-strapdown-dynamically-tuned-gyroscope","status":"publish","type":"product","link":"https:\/\/www.andelutech.com\/fr\/product\/and-dtg-e4-strapdown-dynamically-tuned-gyroscope\/","title":{"rendered":"Et gyroscope r\u00e9gl\u00e9 dynamiquement au gyroscope r\u00e9gl\u00e9 dynamiquement"},"content":{"rendered":"<p><strong><b>Caract\u00e9ristiques<\/b><\/strong><\/p>\n<p>Haute pr\u00e9cision;<\/p>\n<p>Poids l\u00e9ger;<\/p>\n<p>Petit volume;<\/p>\n<p>Haute fiabilit\u00e9<\/p>\n<p>Si vous \u00eates int\u00e9ress\u00e9 par le gyroscope r\u00e9gl\u00e9 dynamiquement, les pls nous contactent:<span style=\"color: #0000ff;\"><b> <\/b><a href=\"mailto:info@joinsunny.cn\"><strong><b>info@andelutech.com<\/b><\/strong><\/a><\/span><\/p>","protected":false},"excerpt":{"rendered":"<p><strong><b>Introduction<\/b><\/strong><\/p>\n<p>Sangle\u00a0<span style=\"color: #0000ff;\">Gyroscope \u00e0 r\u00e9glage dynamiquement\u00a0<\/span>avec des avantages de haute pr\u00e9cision, de longue dur\u00e9e de vie, d'une large gamme dynamique et d'une haute fiabilit\u00e9, et a maintenant \u00e9t\u00e9 largement utilis\u00e9 dans le syst\u00e8me de surface de l'eau et de la braceleter \u00e0 terre, un instrument de recherche rapide-nord, une plate-forme de guidage lumineuse d'h\u00e9licopt\u00e8re, un tracker d'antenne t\u00e9l\u00e9vis\u00e9, etc. Le gyroscope peut \u00e9galement \u00eatre utilis\u00e9 dans le syst\u00e8me inertiel de la sangle des vols spatiaux et le syst\u00e8me d'attitude de type terrestre, mer, aviation, transporteur de vols spatiaux et type d'attitude de type plate-forme.<\/p>","protected":false},"featured_media":1822,"comment_status":"open","ping_status":"closed","template":"","meta":[],"product_brand":[],"product_cat":[22],"product_tag":[],"class_list":{"0":"post-1820","1":"product","2":"type-product","3":"status-publish","4":"has-post-thumbnail","6":"product_cat-gyro-sensor","8":"first","9":"instock","10":"shipping-taxable","11":"product-type-simple"},"_links":{"self":[{"href":"https:\/\/www.andelutech.com\/fr\/wp-json\/wp\/v2\/product\/1820","targetHints":{"allow":["GET"]}}],"collection":[{"href":"https:\/\/www.andelutech.com\/fr\/wp-json\/wp\/v2\/product"}],"about":[{"href":"https:\/\/www.andelutech.com\/fr\/wp-json\/wp\/v2\/types\/product"}],"replies":[{"embeddable":true,"href":"https:\/\/www.andelutech.com\/fr\/wp-json\/wp\/v2\/comments?post=1820"}],"wp:featuredmedia":[{"embeddable":true,"href":"https:\/\/www.andelutech.com\/fr\/wp-json\/wp\/v2\/media\/1822"}],"wp:attachment":[{"href":"https:\/\/www.andelutech.com\/fr\/wp-json\/wp\/v2\/media?parent=1820"}],"wp:term":[{"taxonomy":"product_brand","embeddable":true,"href":"https:\/\/www.andelutech.com\/fr\/wp-json\/wp\/v2\/product_brand?post=1820"},{"taxonomy":"product_cat","embeddable":true,"href":"https:\/\/www.andelutech.com\/fr\/wp-json\/wp\/v2\/product_cat?post=1820"},{"taxonomy":"product_tag","embeddable":true,"href":"https:\/\/www.andelutech.com\/fr\/wp-json\/wp\/v2\/product_tag?post=1820"}],"curies":[{"name":"wp","href":"https:\/\/api.w.org\/{rel}","templated":true}]}}