{"id":1812,"date":"2025-04-11T16:57:45","date_gmt":"2025-04-11T08:57:45","guid":{"rendered":"https:\/\/www.andelutech.com\/?post_type=product&#038;p=1812"},"modified":"2026-01-16T10:09:54","modified_gmt":"2026-01-16T02:09:54","slug":"and-dtg-e3-high-accuracy-dynamically-tuned-gyroscope","status":"publish","type":"product","link":"https:\/\/www.andelutech.com\/fr\/product\/and-dtg-e3-high-accuracy-dynamically-tuned-gyroscope\/","title":{"rendered":"Et Gyroscope r\u00e9gl\u00e9 dynamiquement \u00e0 haute pr\u00e9cision E3"},"content":{"rendered":"<p><strong><b>Caract\u00e9ristiques<\/b><\/strong><\/p>\n<p>Gyroscope flexible de la sangle de haute pr\u00e9cision;<\/p>\n<p>L\u00e9ger, petite taille et haute pr\u00e9cision;<\/p>\n<p>Largement appliqu\u00e9 dans le syst\u00e8me d'attitude de la sangle dans l'a\u00e9rospatiale.<\/p>\n<p>Si vous \u00eates int\u00e9ress\u00e9 par le gyroscope \u00e0 r\u00e9glage dynamique de haute pr\u00e9cision, les pls nous contactent:<strong><b> info@andelutech.com<\/b><\/strong><\/p>\n<p>&nbsp;<\/p>","protected":false},"excerpt":{"rendered":"<p><strong><b>Introduction<\/b><\/strong><\/p>\n<p>Grande pr\u00e9cision\u00a0<span style=\"color: #0000ff;\">Gyroscope \u00e0 r\u00e9glage dynamiquement<\/span>\u00a0pour l'a\u00e9rospatiale avec des avantages sous forme de poids l\u00e9ger, de petite taille et de haute pr\u00e9cision, est d\u00e9sormais largement utilis\u00e9 dans le syst\u00e8me d'attitude de la sangle spatiale, et peut \u00e9galement \u00eatre utilis\u00e9 dans le sol, la maritime, l'aviation, l'a\u00e9rospatiale et d'autres transporteurs de transport.<\/p>","protected":false},"featured_media":1819,"comment_status":"open","ping_status":"closed","template":"","meta":[],"product_brand":[],"product_cat":[22],"product_tag":[],"class_list":{"0":"post-1812","1":"product","2":"type-product","3":"status-publish","4":"has-post-thumbnail","6":"product_cat-gyro-sensor","8":"first","9":"instock","10":"shipping-taxable","11":"product-type-simple"},"_links":{"self":[{"href":"https:\/\/www.andelutech.com\/fr\/wp-json\/wp\/v2\/product\/1812","targetHints":{"allow":["GET"]}}],"collection":[{"href":"https:\/\/www.andelutech.com\/fr\/wp-json\/wp\/v2\/product"}],"about":[{"href":"https:\/\/www.andelutech.com\/fr\/wp-json\/wp\/v2\/types\/product"}],"replies":[{"embeddable":true,"href":"https:\/\/www.andelutech.com\/fr\/wp-json\/wp\/v2\/comments?post=1812"}],"wp:featuredmedia":[{"embeddable":true,"href":"https:\/\/www.andelutech.com\/fr\/wp-json\/wp\/v2\/media\/1819"}],"wp:attachment":[{"href":"https:\/\/www.andelutech.com\/fr\/wp-json\/wp\/v2\/media?parent=1812"}],"wp:term":[{"taxonomy":"product_brand","embeddable":true,"href":"https:\/\/www.andelutech.com\/fr\/wp-json\/wp\/v2\/product_brand?post=1812"},{"taxonomy":"product_cat","embeddable":true,"href":"https:\/\/www.andelutech.com\/fr\/wp-json\/wp\/v2\/product_cat?post=1812"},{"taxonomy":"product_tag","embeddable":true,"href":"https:\/\/www.andelutech.com\/fr\/wp-json\/wp\/v2\/product_tag?post=1812"}],"curies":[{"name":"wp","href":"https:\/\/api.w.org\/{rel}","templated":true}]}}