{"id":1809,"date":"2025-04-11T16:39:21","date_gmt":"2025-04-11T08:39:21","guid":{"rendered":"https:\/\/www.andelutech.com\/?post_type=product&#038;p=1809"},"modified":"2026-01-13T14:00:11","modified_gmt":"2026-01-13T06:00:11","slug":"and-ma-5-high-accuracy-mems-accelerometer-alternative-of-ms1000","status":"publish","type":"product","link":"https:\/\/www.andelutech.com\/fr\/product\/and-ma-5-high-accuracy-mems-accelerometer-alternative-of-ms1000\/","title":{"rendered":"Et -MA-5 Acc\u00e9l\u00e9rom\u00e8tre MEMS \u00e0 haute pr\u00e9cision (alternative de MS1000)"},"content":{"rendered":"<p><strong><b>Applications<\/b><\/strong><\/p>\n<p>Et -MA-5 Acc\u00e9l\u00e9rom\u00e8tre MEMS \u00e0 haute pr\u00e9cision (alternative de MS1000)<br \/>\nMesure inertielle: guidage inertielle, mesure de surcharge, navigation combin\u00e9e<br \/>\nMesure d'inclinaison: attitude de l'antenne, mesure de la plate-forme, test de plongeon<br \/>\nMesure des vibrations: \u00e9quipement m\u00e9canique, barrage de pont, test de s\u00e9curit\u00e9<\/p>\n<p>Si vous \u00eates int\u00e9ress\u00e9 par l'acc\u00e9l\u00e9rom\u00e8tre MEMS \u00e0 haute pr\u00e9cision (substitut de MS1000), les pls contactent-nous:<strong><b>\u00a0<\/b><\/strong><a href=\"mailto:info@joinsunny.cn\"><span style=\"color: #0000ff;\"><strong><b>info@joinsunny.cn<\/b><\/strong><\/span><\/a><\/p>","protected":false},"excerpt":{"rendered":"<p>L'acc\u00e9l\u00e9rom\u00e8tre est un capteur inertiel, qui peut mesurer l'acc\u00e9l\u00e9ration lin\u00e9aire due \u00e0 la gravit\u00e9. L'acc\u00e9l\u00e9rom\u00e8tre MEMS a les caract\u00e9ristiques du petit volume, du l\u00e9ger poids et de la faible consommation d'\u00e9nergie qui peuvent \u00eatre largement utilis\u00e9s dans la d\u00e9tection des vibrations, le contr\u00f4le de l'attitude, l'alarme de s\u00e9curit\u00e9, les applications de consommation, la reconnaissance de mouvement et l'enregistrement d'\u00e9tat. Les acc\u00e9l\u00e9rom\u00e8tres sont combin\u00e9s avec des gyroscopes et des magn\u00e9tom\u00e8tres pour cr\u00e9er l'IMU (unit\u00e9s de mesure inertielle).<\/p>\n<p>Applications<br \/>\nEt -MA-5 Acc\u00e9l\u00e9rom\u00e8tre MEMS \u00e0 haute pr\u00e9cision (alternative de MS1000)<br \/>\nMesure inertielle: guidage inertielle, mesure de surcharge, navigation combin\u00e9e<br \/>\nMesure d'inclinaison: attitude de l'antenne, mesure de la plate-forme, test de plongeon<br \/>\nMesure des vibrations: \u00e9quipement m\u00e9canique, barrage de pont, test de s\u00e9curit\u00e9<\/p>","protected":false},"featured_media":1811,"comment_status":"open","ping_status":"closed","template":"","meta":[],"product_brand":[],"product_cat":[25],"product_tag":[],"class_list":{"0":"post-1809","1":"product","2":"type-product","3":"status-publish","4":"has-post-thumbnail","6":"product_cat-accelerometer","8":"first","9":"instock","10":"shipping-taxable","11":"product-type-simple"},"_links":{"self":[{"href":"https:\/\/www.andelutech.com\/fr\/wp-json\/wp\/v2\/product\/1809","targetHints":{"allow":["GET"]}}],"collection":[{"href":"https:\/\/www.andelutech.com\/fr\/wp-json\/wp\/v2\/product"}],"about":[{"href":"https:\/\/www.andelutech.com\/fr\/wp-json\/wp\/v2\/types\/product"}],"replies":[{"embeddable":true,"href":"https:\/\/www.andelutech.com\/fr\/wp-json\/wp\/v2\/comments?post=1809"}],"wp:featuredmedia":[{"embeddable":true,"href":"https:\/\/www.andelutech.com\/fr\/wp-json\/wp\/v2\/media\/1811"}],"wp:attachment":[{"href":"https:\/\/www.andelutech.com\/fr\/wp-json\/wp\/v2\/media?parent=1809"}],"wp:term":[{"taxonomy":"product_brand","embeddable":true,"href":"https:\/\/www.andelutech.com\/fr\/wp-json\/wp\/v2\/product_brand?post=1809"},{"taxonomy":"product_cat","embeddable":true,"href":"https:\/\/www.andelutech.com\/fr\/wp-json\/wp\/v2\/product_cat?post=1809"},{"taxonomy":"product_tag","embeddable":true,"href":"https:\/\/www.andelutech.com\/fr\/wp-json\/wp\/v2\/product_tag?post=1809"}],"curies":[{"name":"wp","href":"https:\/\/api.w.org\/{rel}","templated":true}]}}