{"id":1801,"date":"2025-04-11T16:33:38","date_gmt":"2025-04-11T08:33:38","guid":{"rendered":"https:\/\/www.andelutech.com\/?post_type=product&#038;p=1801"},"modified":"2026-01-13T13:58:45","modified_gmt":"2026-01-13T05:58:45","slug":"and-mns-05-cost-efficient-triaxial-mems-north-seeker","status":"publish","type":"product","link":"https:\/\/www.andelutech.com\/fr\/product\/and-mns-05-cost-efficient-triaxial-mems-north-seeker\/","title":{"rendered":"Et MNS-05 MEMS triaxiaux rentables."},"content":{"rendered":"<p><strong><b>1. Caract\u00e9ristiques techniques<\/b><\/strong><\/p>\n<p>MEMS triaxial Gyro et acc\u00e9l\u00e9rom\u00e8tre<\/p>\n<p>Compensation compl\u00e8te de temp\u00e9rature<\/p>\n<p>Hautes performances et mini-taille<\/p>\n<p>L\u00e9ger, faible consommation d'\u00e9nergie<\/p>\n<p>-45 \u2103 \u00e0 + 80 \u2103 compensation d'\u00e9chelle de temp\u00e9rature compl\u00e8te<\/p>\n<p>\u00c9chantillonnage \u00e0 grande vitesse 4KHz<\/p>\n<p>R\u00e9sistant \u00e0 un environnement m\u00e9canique s\u00e9v\u00e8re<\/p>\n<p>Avoir une fonction de mise \u00e0 niveau en ligne logicielle<\/p>\n<p><strong><b>2. avantages techniques<\/b><\/strong><\/p>\n<p><strong><b>1) La pr\u00e9cision peut \u00eatre personnalis\u00e9e, peut \u00e9galement \u00eatre largement utilis\u00e9e dans de nombreux domaines<\/b><\/strong><\/p>\n<p>Et MEMS North Seeker et MNS-05 MEMS North sont une combinaison tr\u00e8s fiable et rentable de capteurs d'inertie MEMS \u00e0 six axes, qui peuvent \u00eatre largement utilis\u00e9s dans les champs de navigation, de contr\u00f4le et de mesure repr\u00e9sent\u00e9s par la navigation inertielle et la stabilisation d'attitude. Et MEMS North Seeker et MNS-05 \u00e0 3 axes peuvent \u00eatre configur\u00e9s avec diff\u00e9rents mat\u00e9riels et logiciels en fonction des besoins des utilisateurs, afin de r\u00e9pondre aux besoins des diff\u00e9rents utilisateurs.<\/p>\n<p><strong><b>2)<\/b><\/strong>\u00a0<strong><b>Processus et technologie avanc\u00e9es<\/b><\/strong><\/p>\n<p>Le SEMS North Seeker And-MNS-05 \u00e0 3 axes int\u00e8gre le gyroscope MEMS \u00e0 haute performance et l'acc\u00e9l\u00e9rom\u00e8tre MEMS dans une structure ind\u00e9pendante. Le gyroscope et l'acc\u00e9l\u00e9rom\u00e8tre s\u00e9lectionn\u00e9s dans le module repr\u00e9sentent le niveau principal des dispositifs inertiels du processus MEMS. Le gyroscope MEMS \u00e0 trois axes est sensible au mouvement angulaire de la porteuse, et l'acc\u00e9l\u00e9rom\u00e8tre MEMS \u00e0 trois axes est sensible \u00e0 l'acc\u00e9l\u00e9ration lin\u00e9aire de la porteuse. La position z\u00e9ro, le facteur d'\u00e9chelle, l'erreur non orthogonale et les termes li\u00e9s \u00e0 l'acc\u00e9l\u00e9ration du param\u00e8tre de temp\u00e9rature entier sont compens\u00e9s \u00e0 l'int\u00e9rieur du module. Il peut \u00e9galement maintenir une pr\u00e9cision de mesure \u00e9lev\u00e9e pendant longtemps. Dans le m\u00eame temps, le module adopte la r\u00e9duction globale des vibrations, la conception d'\u00e9tanch\u00e9it\u00e9 et d'autres mesures pour garantir que le produit peut encore mesurer avec pr\u00e9cision les param\u00e8tres de mouvement angulaire et lin\u00e9aire du transporteur dans l'environnement dur, afin de fournir aux utilisateurs une solution de fiabilit\u00e9 faible et \u00e9lev\u00e9e.<\/p>\n<p><strong><b>3)<\/b><\/strong>\u00a0<strong><b>Technologie de fabrication de composants de haute pr\u00e9cision et de compensation d'\u00e9talonnage du syst\u00e8me.<\/b><\/strong><\/p>\n<p>Nous avons accumul\u00e9 une s\u00e9rie de technologies cl\u00e9s dans le processus de recherche et d\u00e9veloppement de ce projet pour assurer les performances \u00e9lev\u00e9es des produits. Dans le m\u00eame temps, le syst\u00e8me adopte un \u00e9chantillonnage \u00e0 grande vitesse, une compensation d'erreur statique (position z\u00e9ro, un facteur d'\u00e9chelle, une erreur d'installation et une autre compensation fine dans toute la zone de temp\u00e9rature), une compensation d'erreur dynamique et d'autres technologies, pour garantir que le produit pendant le processus d'utilisation pour atteindre les meilleures performances.<\/p>\n<p><strong><b>4)<\/b><\/strong>\u00a0<strong><b>Haute qualit\u00e9 et fiabilit\u00e9<\/b><\/strong><\/p>\n<p>Gr\u00e2ce au contr\u00f4le complet des processus et technologies en amont et en aval, l'entreprise peut am\u00e9liorer efficacement la qualit\u00e9 des produits et r\u00e9duire les co\u00fbts du syst\u00e8me. Dans le m\u00eame temps, la soci\u00e9t\u00e9 met en \u0153uvre les syst\u00e8mes ISO9001 et GJB Quality adopte des processus stricts pour garantir la fiabilit\u00e9 et la coh\u00e9rence des performances du produit.<\/p>\n<p>Surtout dans le d\u00e9sert et d'autres zones ext\u00e9rieures, la pr\u00e9cision des sch\u00e9mas de recherche g\u00e9omagn\u00e9tique traditionnelle du Nord n'est pas \u00e9lev\u00e9e. Et MEMS Triaxial MEMS North, MEMS-MNS-05, produits par notre entreprise, ont les caract\u00e9ristiques d'\u00eatre exempts d'ing\u00e9rence environnementale, de mesure de haute pr\u00e9cision, de petite taille et de faible consommation d'\u00e9nergie, qui peut bien r\u00e9pondre aux exigences ci-dessus.<\/p>\n<p><strong><b>3.Applications<\/b><\/strong><\/p>\n<p>Nord du nord<\/p>\n<p>Navigation et contr\u00f4le<\/p>\n<p>Syst\u00e8me de r\u00e9f\u00e9rence d'attitude<\/p>\n<p>Conseils<\/p>\n<p>Mesure de l'attitude des v\u00e9hicules et des navires<\/p>\n<p>Int\u00e9ritial int\u00e9gr\u00e9 \/satellite Syst\u00e8me de navigation<\/p>\n<p>Syst\u00e8mes de forage et de production<\/p>\n<p>Syst\u00e8me de cartographie mobile<\/p>\n<p>En d\u00e9placement<\/p>\n<p>Si vous \u00eates int\u00e9ress\u00e9 par des MEMS Triaxiaux rentables North Finder, PLS Contactez-nous:<strong><b>\u00a0<\/b><\/strong><a href=\"mailto:info@joinsunny.cn\"><span style=\"color: #0000ff;\"><strong><b>info@joinsunny.cn<\/b><\/strong><\/span><\/a><\/p>","protected":false},"excerpt":{"rendered":"<p><strong><b>Applications<br \/>\nNord du nord<br \/>\nNavigation et contr\u00f4le<br \/>\nSyst\u00e8me de r\u00e9f\u00e9rence d'attitude<br \/>\nConseils<br \/>\nMesure de l'attitude des v\u00e9hicules et des navires<br \/>\nInt\u00e9ritial int\u00e9gr\u00e9 \/satellite Syst\u00e8me de navigation<br \/>\nSyst\u00e8mes de forage et de production<br \/>\nSyst\u00e8me de cartographie mobile<br \/>\nEn d\u00e9placement<\/b><\/strong><\/p>","protected":false},"featured_media":1803,"comment_status":"open","ping_status":"closed","template":"","meta":[],"product_brand":[],"product_cat":[25],"product_tag":[],"class_list":{"0":"post-1801","1":"product","2":"type-product","3":"status-publish","4":"has-post-thumbnail","6":"product_cat-accelerometer","8":"first","9":"instock","10":"shipping-taxable","11":"product-type-simple"},"_links":{"self":[{"href":"https:\/\/www.andelutech.com\/fr\/wp-json\/wp\/v2\/product\/1801","targetHints":{"allow":["GET"]}}],"collection":[{"href":"https:\/\/www.andelutech.com\/fr\/wp-json\/wp\/v2\/product"}],"about":[{"href":"https:\/\/www.andelutech.com\/fr\/wp-json\/wp\/v2\/types\/product"}],"replies":[{"embeddable":true,"href":"https:\/\/www.andelutech.com\/fr\/wp-json\/wp\/v2\/comments?post=1801"}],"wp:featuredmedia":[{"embeddable":true,"href":"https:\/\/www.andelutech.com\/fr\/wp-json\/wp\/v2\/media\/1803"}],"wp:attachment":[{"href":"https:\/\/www.andelutech.com\/fr\/wp-json\/wp\/v2\/media?parent=1801"}],"wp:term":[{"taxonomy":"product_brand","embeddable":true,"href":"https:\/\/www.andelutech.com\/fr\/wp-json\/wp\/v2\/product_brand?post=1801"},{"taxonomy":"product_cat","embeddable":true,"href":"https:\/\/www.andelutech.com\/fr\/wp-json\/wp\/v2\/product_cat?post=1801"},{"taxonomy":"product_tag","embeddable":true,"href":"https:\/\/www.andelutech.com\/fr\/wp-json\/wp\/v2\/product_tag?post=1801"}],"curies":[{"name":"wp","href":"https:\/\/api.w.org\/{rel}","templated":true}]}}