{"id":1796,"date":"2025-04-11T16:16:31","date_gmt":"2025-04-11T08:16:31","guid":{"rendered":"https:\/\/www.andelutech.com\/?post_type=product&#038;p=1796"},"modified":"2026-01-09T11:25:05","modified_gmt":"2026-01-09T03:25:05","slug":"gsy-mns-04-economical-mems-north-seeker","status":"publish","type":"product","link":"https:\/\/www.andelutech.com\/fr\/product\/gsy-mns-04-economical-mems-north-seeker\/","title":{"rendered":"AND-MNS-04\u00a0Economical MEMS North Seeker"},"content":{"rendered":"<p><strong><b>Applications<\/b><\/strong><\/p>\n<p>Chercheur de nord<\/p>\n<p>Navigation et contr\u00f4le<\/p>\n<p>Syst\u00e8me de r\u00e9f\u00e9rence d'attitude<\/p>\n<p>Conseils<\/p>\n<p>Mesure de l'attitude des v\u00e9hicules et des navires<\/p>\n<p>Int\u00e9ritial int\u00e9gr\u00e9 \/satellite Syst\u00e8me de navigation<\/p>\n<p>Syst\u00e8me de forage et de production<\/p>\n<p>Syst\u00e8me de cartographie mobile<\/p>\n<p>En d\u00e9placement<\/p>\n<p>Si vous \u00eates int\u00e9ress\u00e9 par le chercheur MEMS North \u00e0 faible co\u00fbt (0,5 \u00b0 -1 \u00b0), les pls nous contactent:<strong><b>\u00a0<\/b><\/strong><a href=\"mailto:info@joinsunny.cn\"><span style=\"color: #0000ff;\"><strong><b>info@joinsunny.cn<\/b><\/strong><\/span><\/a><\/p>","protected":false},"excerpt":{"rendered":"<p><strong><b>Introduction<\/b><\/strong><\/p>\n<p>Et MNS-04 \u00c9conomique\u00a0<span style=\"color: #0000ff;\">Chercheur MEMS North<\/span>\u2002 Il a des caract\u00e9ristiques de la faible consommation d'\u00e9nergie miniature, de la dur\u00e9e de vie d'utilisation longue, une forte fiabilit\u00e9.<\/p>\n<p>Les produits sont largement utilis\u00e9s dans l'exploration de charbon, le forage p\u00e9trolier, la construction du tunnel et la g\u00e9od\u00e9sie, peuvent \u00e9galement \u00eatre utilis\u00e9s pour l'alignement initial statique et le contr\u00f4le de direction du radar, de l'antenne, du v\u00e9hicule et d'autres objets.<\/p>","protected":false},"featured_media":1800,"comment_status":"open","ping_status":"closed","template":"","meta":[],"product_brand":[],"product_cat":[25],"product_tag":[],"class_list":{"0":"post-1796","1":"product","2":"type-product","3":"status-publish","4":"has-post-thumbnail","6":"product_cat-accelerometer","8":"first","9":"instock","10":"shipping-taxable","11":"product-type-simple"},"_links":{"self":[{"href":"https:\/\/www.andelutech.com\/fr\/wp-json\/wp\/v2\/product\/1796","targetHints":{"allow":["GET"]}}],"collection":[{"href":"https:\/\/www.andelutech.com\/fr\/wp-json\/wp\/v2\/product"}],"about":[{"href":"https:\/\/www.andelutech.com\/fr\/wp-json\/wp\/v2\/types\/product"}],"replies":[{"embeddable":true,"href":"https:\/\/www.andelutech.com\/fr\/wp-json\/wp\/v2\/comments?post=1796"}],"wp:featuredmedia":[{"embeddable":true,"href":"https:\/\/www.andelutech.com\/fr\/wp-json\/wp\/v2\/media\/1800"}],"wp:attachment":[{"href":"https:\/\/www.andelutech.com\/fr\/wp-json\/wp\/v2\/media?parent=1796"}],"wp:term":[{"taxonomy":"product_brand","embeddable":true,"href":"https:\/\/www.andelutech.com\/fr\/wp-json\/wp\/v2\/product_brand?post=1796"},{"taxonomy":"product_cat","embeddable":true,"href":"https:\/\/www.andelutech.com\/fr\/wp-json\/wp\/v2\/product_cat?post=1796"},{"taxonomy":"product_tag","embeddable":true,"href":"https:\/\/www.andelutech.com\/fr\/wp-json\/wp\/v2\/product_tag?post=1796"}],"curies":[{"name":"wp","href":"https:\/\/api.w.org\/{rel}","templated":true}]}}