{"id":1792,"date":"2025-04-11T15:38:35","date_gmt":"2025-04-11T07:38:35","guid":{"rendered":"https:\/\/www.andelutech.com\/?post_type=product&#038;p=1792"},"modified":"2026-01-16T10:09:29","modified_gmt":"2026-01-16T02:09:29","slug":"and-dtg-e2-oil-and-gas-dtg-gyroscope","status":"publish","type":"product","link":"https:\/\/www.andelutech.com\/fr\/product\/and-dtg-e2-oil-and-gas-dtg-gyroscope\/","title":{"rendered":"Et gyroscope DTG \u00e0 l'huile et au gaz DTG-E2"},"content":{"rendered":"<p><strong><b>Caract\u00e9ristiques<\/b><\/strong><\/p>\n<p>Temp\u00e9rature de travail jusqu'\u00e0 100 degr\u00e9s Celsius<\/p>\n<p>Mieux appliqu\u00e9 aux champs de forage<\/p>\n<p>Adaptabilit\u00e9 forte<\/p>\n<p>Si vous \u00eates int\u00e9ress\u00e9 par le gyroscope DTG du p\u00e9trole et du gaz, les pls nous contactent:<strong><b> info@andelutech.com<\/b><\/strong><\/p>","protected":false},"excerpt":{"rendered":"<p><strong><b>Introduction<\/b><\/strong><\/p>\n<p>P\u00e9trole et gaz<span style=\"color: #0000ff;\">\u00a0Gyroscope DTG<\/span>\u00a0est con\u00e7u sp\u00e9cifiquement pour les champs de forage. Apr\u00e8s avoir r\u00e9solu de nombreux probl\u00e8mes techniques, sa temp\u00e9rature de travail peut d\u00e9sormais atteindre 100 degr\u00e9s Celsius.<\/p>\n<p>Dans les champs de forage, les dispositifs inertiels sont plus grands et plus adaptables que les champs de vol, en raison de ses conditions de travail difficiles, en particulier des temp\u00e9ratures environnementales plus \u00e9lev\u00e9es. Par cons\u00e9quent, la temp\u00e9rature de l'adaptation et les besoins en vie est tr\u00e8s grave.<\/p>","protected":false},"featured_media":1794,"comment_status":"open","ping_status":"closed","template":"","meta":[],"product_brand":[],"product_cat":[22],"product_tag":[],"class_list":{"0":"post-1792","1":"product","2":"type-product","3":"status-publish","4":"has-post-thumbnail","6":"product_cat-gyro-sensor","8":"first","9":"instock","10":"shipping-taxable","11":"product-type-simple"},"_links":{"self":[{"href":"https:\/\/www.andelutech.com\/fr\/wp-json\/wp\/v2\/product\/1792","targetHints":{"allow":["GET"]}}],"collection":[{"href":"https:\/\/www.andelutech.com\/fr\/wp-json\/wp\/v2\/product"}],"about":[{"href":"https:\/\/www.andelutech.com\/fr\/wp-json\/wp\/v2\/types\/product"}],"replies":[{"embeddable":true,"href":"https:\/\/www.andelutech.com\/fr\/wp-json\/wp\/v2\/comments?post=1792"}],"wp:featuredmedia":[{"embeddable":true,"href":"https:\/\/www.andelutech.com\/fr\/wp-json\/wp\/v2\/media\/1794"}],"wp:attachment":[{"href":"https:\/\/www.andelutech.com\/fr\/wp-json\/wp\/v2\/media?parent=1792"}],"wp:term":[{"taxonomy":"product_brand","embeddable":true,"href":"https:\/\/www.andelutech.com\/fr\/wp-json\/wp\/v2\/product_brand?post=1792"},{"taxonomy":"product_cat","embeddable":true,"href":"https:\/\/www.andelutech.com\/fr\/wp-json\/wp\/v2\/product_cat?post=1792"},{"taxonomy":"product_tag","embeddable":true,"href":"https:\/\/www.andelutech.com\/fr\/wp-json\/wp\/v2\/product_tag?post=1792"}],"curies":[{"name":"wp","href":"https:\/\/api.w.org\/{rel}","templated":true}]}}