{"id":1789,"date":"2025-04-11T15:22:32","date_gmt":"2025-04-11T07:22:32","guid":{"rendered":"https:\/\/www.andelutech.com\/?post_type=product&#038;p=1789"},"modified":"2026-01-16T10:09:02","modified_gmt":"2026-01-16T02:09:02","slug":"and-dtg-e1-small-size-21-4mm-dtg-gyroscope","status":"publish","type":"product","link":"https:\/\/www.andelutech.com\/fr\/product\/and-dtg-e1-small-size-21-4mm-dtg-gyroscope\/","title":{"rendered":"Et gyroscope DTG de petite taille (21,4 mm)"},"content":{"rendered":"<p><strong><b>Caract\u00e9ristiques<\/b><\/strong><\/p>\n<p>Forte r\u00e9sistance aux chocs<\/p>\n<p>Tr\u00e8s petite taille<\/p>\n<p>Largement utilis\u00e9 dans les outils d'enqu\u00eate de forage gyro et les outils de journalisation des puits<\/p>\n<p>Orientation et positionnement dynamiques<\/p>\n<p>Si vous \u00eates int\u00e9ress\u00e9 par le gyroscope DTG de petite taille (21,4 mm), PLS Contactez-nous:<strong><b> info@andelutech.com<\/b><\/strong><\/p>","protected":false},"excerpt":{"rendered":"<p><strong><b>Introduction<\/b><\/strong><\/p>\n<p>Et DTG-E1 de petite taille (21,4 mm)\u00a0<span style=\"color: #0000ff;\">DTG Gyro<\/span>\u00a0est con\u00e7u pour le positionnement et l'orientation dynamiques dans les champs de forage, avec une petite dimension, un poids l\u00e9ger et une temp\u00e9rature de travail \u00e9lev\u00e9e, qui est principalement utilis\u00e9 dans les outils d'enqu\u00eate gyro-trou de forage, les outils d'enregistrement des puits de forage et de nombreux autres syst\u00e8mes pour la recherche ou l'orientation du nord.<\/p>","protected":false},"featured_media":1791,"comment_status":"open","ping_status":"closed","template":"","meta":[],"product_brand":[],"product_cat":[22],"product_tag":[],"class_list":{"0":"post-1789","1":"product","2":"type-product","3":"status-publish","4":"has-post-thumbnail","6":"product_cat-gyro-sensor","8":"first","9":"instock","10":"shipping-taxable","11":"product-type-simple"},"_links":{"self":[{"href":"https:\/\/www.andelutech.com\/fr\/wp-json\/wp\/v2\/product\/1789","targetHints":{"allow":["GET"]}}],"collection":[{"href":"https:\/\/www.andelutech.com\/fr\/wp-json\/wp\/v2\/product"}],"about":[{"href":"https:\/\/www.andelutech.com\/fr\/wp-json\/wp\/v2\/types\/product"}],"replies":[{"embeddable":true,"href":"https:\/\/www.andelutech.com\/fr\/wp-json\/wp\/v2\/comments?post=1789"}],"wp:featuredmedia":[{"embeddable":true,"href":"https:\/\/www.andelutech.com\/fr\/wp-json\/wp\/v2\/media\/1791"}],"wp:attachment":[{"href":"https:\/\/www.andelutech.com\/fr\/wp-json\/wp\/v2\/media?parent=1789"}],"wp:term":[{"taxonomy":"product_brand","embeddable":true,"href":"https:\/\/www.andelutech.com\/fr\/wp-json\/wp\/v2\/product_brand?post=1789"},{"taxonomy":"product_cat","embeddable":true,"href":"https:\/\/www.andelutech.com\/fr\/wp-json\/wp\/v2\/product_cat?post=1789"},{"taxonomy":"product_tag","embeddable":true,"href":"https:\/\/www.andelutech.com\/fr\/wp-json\/wp\/v2\/product_tag?post=1789"}],"curies":[{"name":"wp","href":"https:\/\/api.w.org\/{rel}","templated":true}]}}