{"id":1782,"date":"2025-04-11T14:21:08","date_gmt":"2025-04-11T06:21:08","guid":{"rendered":"https:\/\/www.andelutech.com\/?post_type=product&#038;p=1782"},"modified":"2026-01-13T13:55:50","modified_gmt":"2026-01-13T05:55:50","slug":"and-fns-03-low-cost-3-axis-fog-north-seeker","status":"publish","type":"product","link":"https:\/\/www.andelutech.com\/fr\/product\/and-fns-03-low-cost-3-axis-fog-north-seeker\/","title":{"rendered":"Et chercheur de brouillard \u00e0 3 axes \u00e0 faible co\u00fbt \u00e0 faible co\u00fbt"},"content":{"rendered":"<p><strong><b>Introduction<\/b><\/strong><\/p>\n<p>Et FNS-03 \u00e0 faible co\u00fbt\u00a0<span style=\"color: #0000ff;\">Fog Gyro North Seeker<\/span>\u00a0adopte le gyroscope \u00e0 fibre optique en boucle ferm\u00e9e comme composant central. Il est principalement compos\u00e9 d'une unit\u00e9 de mesure inertielle (IMU), d'une unit\u00e9 de traitement du signal num\u00e9rique et des organisations des pi\u00e8ces m\u00e9caniques. Il peut fournir au transporteur un v\u00e9ritable angle d'azimut nord.<\/p>\n<p>Les produits sont largement utilis\u00e9s dans l'extraction de charbon, le forage p\u00e9trolier, la construction du tunnel et la g\u00e9od\u00e9sie, peuvent \u00e9galement \u00eatre utilis\u00e9s pour l'alignement initial statique du lancement de missiles, le ciblage des armes et le contr\u00f4le de direction du radar, de l'antenne, du v\u00e9hicule et d'autres objets.<\/p>\n<p>Si vous \u00eates int\u00e9ress\u00e9 par le Fog North Finder \u00e0 faible co\u00fbt \u00e0 3 axes, les pls nous contactent:<strong><b>\u00a0<\/b><\/strong><a href=\"mailto:info@joinsunny.cn\"><span style=\"color: #0000ff;\"><strong><b>info@joinsunny.cn<\/b><\/strong><\/span><\/a><\/p>","protected":false},"excerpt":{"rendered":"<p><strong><b>Applications<\/b><\/strong><\/p>\n<p>Chercheur de nord<\/p>\n<p>Navigation et contr\u00f4le<\/p>\n<p>Syst\u00e8me de r\u00e9f\u00e9rence d'attitude<\/p>\n<p>Conseils<\/p>\n<p>Mesure de l'attitude des v\u00e9hicules et des navires<\/p>\n<p>Int\u00e9ritial int\u00e9gr\u00e9 \/satellite Syst\u00e8me de navigation<\/p>\n<p>Syst\u00e8mes de forage et de production<\/p>\n<p>Syst\u00e8me de cartographie mobile<\/p>\n<p>En d\u00e9placement<\/p>","protected":false},"featured_media":1783,"comment_status":"open","ping_status":"closed","template":"","meta":[],"product_brand":[],"product_cat":[25],"product_tag":[],"class_list":{"0":"post-1782","1":"product","2":"type-product","3":"status-publish","4":"has-post-thumbnail","6":"product_cat-accelerometer","8":"first","9":"instock","10":"shipping-taxable","11":"product-type-simple"},"_links":{"self":[{"href":"https:\/\/www.andelutech.com\/fr\/wp-json\/wp\/v2\/product\/1782","targetHints":{"allow":["GET"]}}],"collection":[{"href":"https:\/\/www.andelutech.com\/fr\/wp-json\/wp\/v2\/product"}],"about":[{"href":"https:\/\/www.andelutech.com\/fr\/wp-json\/wp\/v2\/types\/product"}],"replies":[{"embeddable":true,"href":"https:\/\/www.andelutech.com\/fr\/wp-json\/wp\/v2\/comments?post=1782"}],"wp:featuredmedia":[{"embeddable":true,"href":"https:\/\/www.andelutech.com\/fr\/wp-json\/wp\/v2\/media\/1783"}],"wp:attachment":[{"href":"https:\/\/www.andelutech.com\/fr\/wp-json\/wp\/v2\/media?parent=1782"}],"wp:term":[{"taxonomy":"product_brand","embeddable":true,"href":"https:\/\/www.andelutech.com\/fr\/wp-json\/wp\/v2\/product_brand?post=1782"},{"taxonomy":"product_cat","embeddable":true,"href":"https:\/\/www.andelutech.com\/fr\/wp-json\/wp\/v2\/product_cat?post=1782"},{"taxonomy":"product_tag","embeddable":true,"href":"https:\/\/www.andelutech.com\/fr\/wp-json\/wp\/v2\/product_tag?post=1782"}],"curies":[{"name":"wp","href":"https:\/\/api.w.org\/{rel}","templated":true}]}}