{"id":1779,"date":"2025-04-11T14:09:32","date_gmt":"2025-04-11T06:09:32","guid":{"rendered":"https:\/\/www.andelutech.com\/?post_type=product&#038;p=1779"},"modified":"2026-01-13T13:54:10","modified_gmt":"2026-01-13T05:54:10","slug":"and-fns-02-high-precision-fog-north-seeker-0-02-0-1","status":"publish","type":"product","link":"https:\/\/www.andelutech.com\/fr\/product\/and-fns-02-high-precision-fog-north-seeker-0-02-0-1\/","title":{"rendered":"Et chercheur de brouillard de haute pr\u00e9cision de haute pr\u00e9cision (0,02 \u00b0 -0,1 \u00b0)"},"content":{"rendered":"<p><strong><b>Introduction<\/b><\/strong><\/p>\n<p>Et FNS-02 Haute pr\u00e9cision\u00a0<span style=\"color: #0000ff;\">Fog Seeker North\u00a0<\/span>(0,02 \u00b0 -0,1 \u00b0) est principalement compos\u00e9 de brouillard en boucle ferm\u00e9e, d'unit\u00e9 de mesure inertielle, d'unit\u00e9 de traitement du signal num\u00e9rique et de partie m\u00e9canique. Il fournit des informations sur la vraie pr\u00e9cision du nord de l'Azimut aux transporteurs.<\/p>\n<p>Les produits sont principalement utilis\u00e9s dans l'alignement initial statique du lancement de missiles, du ciblage des armes et du contr\u00f4le de direction du radar, de l'antenne et du v\u00e9hicule blind\u00e9, peuvent \u00e9galement \u00eatre utilis\u00e9s pour l'extraction de charbon, le forage p\u00e9trolier, la construction de tunnels et la g\u00e9od\u00e9sie.<\/p>\n<p>Si vous \u00eates int\u00e9ress\u00e9 par le Fog North Finder de haute pr\u00e9cision, les pls nous contactent:<strong><b>\u00a0<\/b><\/strong><a href=\"mailto:info@joinsunny.cn\"><span style=\"color: #0000ff;\"><strong><b>info@joinsunny.cn<\/b><\/strong><\/span><\/a><\/p>","protected":false},"excerpt":{"rendered":"<p>Applications<br \/>\nChercheur de nord<br \/>\nNavigation et contr\u00f4le<br \/>\nSyst\u00e8me de r\u00e9f\u00e9rence d'attitude<br \/>\nConseils<br \/>\nMesure de l'attitude des v\u00e9hicules et des navires<br \/>\nInt\u00e9ritial int\u00e9gr\u00e9 \/satellite Syst\u00e8me de navigation<br \/>\nSyst\u00e8me de forage et de production<br \/>\nSyst\u00e8me de cartographie mobile<br \/>\nEn d\u00e9placement<\/p>","protected":false},"featured_media":1781,"comment_status":"open","ping_status":"closed","template":"","meta":[],"product_brand":[],"product_cat":[25],"product_tag":[],"class_list":{"0":"post-1779","1":"product","2":"type-product","3":"status-publish","4":"has-post-thumbnail","6":"product_cat-accelerometer","8":"first","9":"instock","10":"shipping-taxable","11":"product-type-simple"},"_links":{"self":[{"href":"https:\/\/www.andelutech.com\/fr\/wp-json\/wp\/v2\/product\/1779","targetHints":{"allow":["GET"]}}],"collection":[{"href":"https:\/\/www.andelutech.com\/fr\/wp-json\/wp\/v2\/product"}],"about":[{"href":"https:\/\/www.andelutech.com\/fr\/wp-json\/wp\/v2\/types\/product"}],"replies":[{"embeddable":true,"href":"https:\/\/www.andelutech.com\/fr\/wp-json\/wp\/v2\/comments?post=1779"}],"wp:featuredmedia":[{"embeddable":true,"href":"https:\/\/www.andelutech.com\/fr\/wp-json\/wp\/v2\/media\/1781"}],"wp:attachment":[{"href":"https:\/\/www.andelutech.com\/fr\/wp-json\/wp\/v2\/media?parent=1779"}],"wp:term":[{"taxonomy":"product_brand","embeddable":true,"href":"https:\/\/www.andelutech.com\/fr\/wp-json\/wp\/v2\/product_brand?post=1779"},{"taxonomy":"product_cat","embeddable":true,"href":"https:\/\/www.andelutech.com\/fr\/wp-json\/wp\/v2\/product_cat?post=1779"},{"taxonomy":"product_tag","embeddable":true,"href":"https:\/\/www.andelutech.com\/fr\/wp-json\/wp\/v2\/product_tag?post=1779"}],"curies":[{"name":"wp","href":"https:\/\/api.w.org\/{rel}","templated":true}]}}