{"id":1775,"date":"2025-04-11T12:23:20","date_gmt":"2025-04-11T04:23:20","guid":{"rendered":"https:\/\/www.andelutech.com\/?post_type=product&#038;p=1775"},"modified":"2026-01-16T10:08:22","modified_gmt":"2026-01-16T02:08:22","slug":"and-fns-01-high-performance-dynamic-fog-north-seeker-0-02-0-5","status":"publish","type":"product","link":"https:\/\/www.andelutech.com\/fr\/product\/and-fns-01-high-performance-dynamic-fog-north-seeker-0-02-0-5\/","title":{"rendered":"Et FOG FOG North Seeker (0,02 \u00b0 -0,5 \u00b0)"},"content":{"rendered":"<p><strong><b>Applications<\/b><\/strong><\/p>\n<p>Chercheur de nord<\/p>\n<p>Navigation et contr\u00f4le<\/p>\n<p>Syst\u00e8me de r\u00e9f\u00e9rence d'attitude<\/p>\n<p>Conseils<\/p>\n<p>Mesure de l'attitude des v\u00e9hicules et des navires<\/p>\n<p>Int\u00e9ritial int\u00e9gr\u00e9 \/satellite Syst\u00e8me de navigation<\/p>\n<p>Syst\u00e8me de forage et de production<\/p>\n<p>Syst\u00e8me de cartographie mobile<\/p>\n<p>En d\u00e9placement<\/p>\n<p>If interested in High Performance Dynamic FOG North Finder, pls contact us: info@andelutech.com<\/p>","protected":false},"excerpt":{"rendered":"<p><strong><b>Introduction<\/b><\/strong><\/p>\n<p>Et dynamique haute performance FNS-01\u00a0<span style=\"color: #0000ff;\">Fog Seeker North<\/span>\u00a0(0.02\u00b0-0.5\u00b0) consists of high precision, rugged solid FOG, quartz accelerometer, data acquisition and processing unit. It can provide its true north position information when the carrier moves. At the same time, the information of motion attitude, velocity and position of the carrier can also be displayed.<\/p>\n<p>Application\uff1aThis dynamic north seeker is suitable for static and dynamic initial alignment of missile launch, weapon aiming, direction control of radar, antenna and land surveying and mapping.<\/p>","protected":false},"featured_media":1778,"comment_status":"open","ping_status":"closed","template":"","meta":[],"product_brand":[],"product_cat":[22],"product_tag":[],"class_list":{"0":"post-1775","1":"product","2":"type-product","3":"status-publish","4":"has-post-thumbnail","6":"product_cat-gyro-sensor","8":"first","9":"instock","10":"shipping-taxable","11":"product-type-simple"},"_links":{"self":[{"href":"https:\/\/www.andelutech.com\/fr\/wp-json\/wp\/v2\/product\/1775","targetHints":{"allow":["GET"]}}],"collection":[{"href":"https:\/\/www.andelutech.com\/fr\/wp-json\/wp\/v2\/product"}],"about":[{"href":"https:\/\/www.andelutech.com\/fr\/wp-json\/wp\/v2\/types\/product"}],"replies":[{"embeddable":true,"href":"https:\/\/www.andelutech.com\/fr\/wp-json\/wp\/v2\/comments?post=1775"}],"wp:featuredmedia":[{"embeddable":true,"href":"https:\/\/www.andelutech.com\/fr\/wp-json\/wp\/v2\/media\/1778"}],"wp:attachment":[{"href":"https:\/\/www.andelutech.com\/fr\/wp-json\/wp\/v2\/media?parent=1775"}],"wp:term":[{"taxonomy":"product_brand","embeddable":true,"href":"https:\/\/www.andelutech.com\/fr\/wp-json\/wp\/v2\/product_brand?post=1775"},{"taxonomy":"product_cat","embeddable":true,"href":"https:\/\/www.andelutech.com\/fr\/wp-json\/wp\/v2\/product_cat?post=1775"},{"taxonomy":"product_tag","embeddable":true,"href":"https:\/\/www.andelutech.com\/fr\/wp-json\/wp\/v2\/product_tag?post=1775"}],"curies":[{"name":"wp","href":"https:\/\/api.w.org\/{rel}","templated":true}]}}