{"id":3699,"date":"2026-03-26T16:27:45","date_gmt":"2026-03-26T08:27:45","guid":{"rendered":"https:\/\/www.andelutech.com\/?post_type=product&#038;p=3699"},"modified":"2026-03-26T16:28:32","modified_gmt":"2026-03-26T08:28:32","slug":"and209-photonics-integrated-dual-axis-fiber-optic-gyro","status":"publish","type":"product","link":"https:\/\/www.andelutech.com\/es\/product\/and209-photonics-integrated-dual-axis-fiber-optic-gyro\/","title":{"rendered":"AND209 Photonics integrated dual-axis fiber optic gyro"},"content":{"rendered":"","protected":false},"excerpt":{"rendered":"<p>Principales indicadores de rendimiento<\/p>\n<p>Estabilidad de sesgo cero: \u226410\u00b0\/h (10s, 1\u03c3)<\/p>\n<p>Repetibilidad de sesgo cero: \u226410\u00b0\/h<\/p>\n<p>Estabilidad de temperatura variable: \u226450\u00b0\/h<\/p>\n<p>Factor de escala no linealidad: \u22645000ppm<\/p>\n<p>Repetibilidad completa de la escala de temperatura: \u22645% (p-p)<\/p>\n<p>Rango din\u00e1mico: \u00b1600\u00b0\/s<\/p>\n<p>Vagando aleatorio: \u22640.002\u00b0\/\u221ah<\/p>\n<p>Caracter\u00edsticas f\u00edsicas<\/p>\n<p>Dimensiones: \u03a648mm \u00d7 53mm<\/p>\n<p>Peso: 165g\u00b110g<\/p>\n<p>Interfaz del producto<\/p>\n<p>Requisitos de alimentaci\u00f3n: + 5V<\/p>\n<p>Forma de salida: Voltaje anal\u00f3gico<\/p>\n<p>Adaptabilidad ambiental<\/p>\n<p>Temperatura de funcionamiento: -50 \u2103- 75 \u2103<\/p>\n<p>Temperatura de almacenamiento: -55 \u2103 - 85 \u2103<\/p>\n<p>Resistente al impacto: 500g<\/p>\n<p>Resistente a vibraciones aleatorias: 20g<\/p>\n<p>Resistencia a la aceleraci\u00f3n: 70g<\/p>\n<p>Caracter\u00edsticas del producto<\/p>\n<p>Tama\u00f1o peque\u00f1o, bajo consumo de energ\u00eda, bajo costo, alta fiabilidad Aplicaciones: buscador, control de actitud<\/p>","protected":false},"featured_media":3311,"comment_status":"closed","ping_status":"closed","template":"","meta":[],"product_brand":[],"product_cat":[22],"product_tag":[],"class_list":{"0":"post-3699","1":"product","2":"type-product","3":"status-publish","4":"has-post-thumbnail","6":"product_cat-gyro-sensor","8":"first","9":"instock","10":"shipping-taxable","11":"product-type-simple"},"_links":{"self":[{"href":"https:\/\/www.andelutech.com\/es\/wp-json\/wp\/v2\/product\/3699","targetHints":{"allow":["GET"]}}],"collection":[{"href":"https:\/\/www.andelutech.com\/es\/wp-json\/wp\/v2\/product"}],"about":[{"href":"https:\/\/www.andelutech.com\/es\/wp-json\/wp\/v2\/types\/product"}],"replies":[{"embeddable":true,"href":"https:\/\/www.andelutech.com\/es\/wp-json\/wp\/v2\/comments?post=3699"}],"wp:featuredmedia":[{"embeddable":true,"href":"https:\/\/www.andelutech.com\/es\/wp-json\/wp\/v2\/media\/3311"}],"wp:attachment":[{"href":"https:\/\/www.andelutech.com\/es\/wp-json\/wp\/v2\/media?parent=3699"}],"wp:term":[{"taxonomy":"product_brand","embeddable":true,"href":"https:\/\/www.andelutech.com\/es\/wp-json\/wp\/v2\/product_brand?post=3699"},{"taxonomy":"product_cat","embeddable":true,"href":"https:\/\/www.andelutech.com\/es\/wp-json\/wp\/v2\/product_cat?post=3699"},{"taxonomy":"product_tag","embeddable":true,"href":"https:\/\/www.andelutech.com\/es\/wp-json\/wp\/v2\/product_tag?post=3699"}],"curies":[{"name":"wp","href":"https:\/\/api.w.org\/{rel}","templated":true}]}}