{"id":3144,"date":"2025-08-14T16:50:08","date_gmt":"2025-08-14T08:50:08","guid":{"rendered":"https:\/\/www.andelutech.com\/?post_type=product&#038;p=3144"},"modified":"2026-03-26T15:05:21","modified_gmt":"2026-03-26T07:05:21","slug":"micro-photonic-integrated-fiber-optic-gyroscope-and109","status":"publish","type":"product","link":"https:\/\/www.andelutech.com\/es\/product\/micro-photonic-integrated-fiber-optic-gyroscope-and109\/","title":{"rendered":"AND109 Micro photonic integrated fiber optic gyroscope"},"content":{"rendered":"<p>Principales indicadores de rendimiento<\/p>\n<p>Estabilidad de sesgo cero: &lt;10\u00b0\/h (10s, 1\u03c3)<\/p>\n<p>Repetibilidad de sesgo cero: \u226410\u00b0\/h<\/p>\n<p>Estabilidad de temperatura variable: \u226450\u00b0\/h<\/p>\n<p>Factor de escala no linealidad: \u22645000ppm<\/p>\n<p>Repetibilidad completa de la escala de temperatura: \u22645% (p-p)<\/p>\n<p>Rango din\u00e1mico: \u00b1600\u00b0\/s<\/p>\n<p>Vagando aleatorio: \u00b1600\u00b0\/s<\/p>\n<p>Caracter\u00edsticas f\u00edsicas<\/p>\n<p>Dimensiones: \u03a624mm \u00d7 50mm<\/p>\n<p>Peso: 35g\u00b15g<\/p>\n<p>Adaptabilidad ambiental<\/p>\n<p>Temperatura de funcionamiento: -50\u2103- 75\u2103<\/p>\n<p>Temperatura de almacenamiento: -55\u2103- 85\u2103<\/p>\n<p>Resistente al impacto: 500g<\/p>\n<p>Resistente a las vibraciones aleatorias: 20g<\/p>\n<p>Resistencia a la aceleraci\u00f3n: 70g<\/p>\n<p>Interfaz del producto<\/p>\n<p>Requisitos de fuente de alimentaci\u00f3n: + 5V<\/p>\n<p>Formulario de salida: Voltaje anal\u00f3gico<\/p>","protected":false},"excerpt":{"rendered":"<p>Caracter\u00edsticas del producto<\/p>\n<p>Tama\u00f1o peque\u00f1o, bajo consumo de energ\u00eda, bajo costo, alta fiabilidad<\/p>\n<p>Aplicaciones: buscador, control de actitud<\/p>","protected":false},"featured_media":3145,"comment_status":"closed","ping_status":"closed","template":"","meta":[],"product_brand":[],"product_cat":[22],"product_tag":[],"class_list":{"0":"post-3144","1":"product","2":"type-product","3":"status-publish","4":"has-post-thumbnail","6":"product_cat-gyro-sensor","8":"first","9":"instock","10":"shipping-taxable","11":"product-type-simple"},"_links":{"self":[{"href":"https:\/\/www.andelutech.com\/es\/wp-json\/wp\/v2\/product\/3144","targetHints":{"allow":["GET"]}}],"collection":[{"href":"https:\/\/www.andelutech.com\/es\/wp-json\/wp\/v2\/product"}],"about":[{"href":"https:\/\/www.andelutech.com\/es\/wp-json\/wp\/v2\/types\/product"}],"replies":[{"embeddable":true,"href":"https:\/\/www.andelutech.com\/es\/wp-json\/wp\/v2\/comments?post=3144"}],"wp:featuredmedia":[{"embeddable":true,"href":"https:\/\/www.andelutech.com\/es\/wp-json\/wp\/v2\/media\/3145"}],"wp:attachment":[{"href":"https:\/\/www.andelutech.com\/es\/wp-json\/wp\/v2\/media?parent=3144"}],"wp:term":[{"taxonomy":"product_brand","embeddable":true,"href":"https:\/\/www.andelutech.com\/es\/wp-json\/wp\/v2\/product_brand?post=3144"},{"taxonomy":"product_cat","embeddable":true,"href":"https:\/\/www.andelutech.com\/es\/wp-json\/wp\/v2\/product_cat?post=3144"},{"taxonomy":"product_tag","embeddable":true,"href":"https:\/\/www.andelutech.com\/es\/wp-json\/wp\/v2\/product_tag?post=3144"}],"curies":[{"name":"wp","href":"https:\/\/api.w.org\/{rel}","templated":true}]}}