{"id":3110,"date":"2025-08-07T14:04:58","date_gmt":"2025-08-07T06:04:58","guid":{"rendered":"https:\/\/www.andelutech.com\/?post_type=product&#038;p=3110"},"modified":"2025-08-27T10:13:36","modified_gmt":"2025-08-27T02:13:36","slug":"ct-m-series-glass-sealed-socket-2","status":"publish","type":"product","link":"https:\/\/www.andelutech.com\/es\/product\/ct-m-series-glass-sealed-socket-2\/","title":{"rendered":"Ct-M Series Socket sellada de vidrio"},"content":{"rendered":"","protected":false},"excerpt":{"rendered":"<p>El producto cumple con los requisitos de la norma Q\/3E 58-89, y<\/p>\n<p>art\u00edculos parciales (como la inserci\u00f3n y separaci\u00f3n del par, l\u00edquido<\/p>\n<p>inmersi\u00f3n y otros adoptan MIL-C-26482G y MIL-C-83723D<\/p>\n<p>Conectores el\u00e9ctricos circulares resistentes al medio ambiente &#8211; Ej\u00e9rcito de los Estados Unidos<\/p>\n<p>Especificaci\u00f3n El producto se utiliza para la conexi\u00f3n el\u00e9ctrica de aeronaves<\/p>\n<p>cabina y otras unidades el\u00e9ctricas con requisitos de estanqueidad<\/p>","protected":false},"featured_media":3111,"comment_status":"closed","ping_status":"closed","template":"","meta":[],"product_brand":[],"product_cat":[36],"product_tag":[],"class_list":{"0":"post-3110","1":"product","2":"type-product","3":"status-publish","4":"has-post-thumbnail","6":"product_cat-electrical-connector","8":"first","9":"instock","10":"shipping-taxable","11":"product-type-simple"},"_links":{"self":[{"href":"https:\/\/www.andelutech.com\/es\/wp-json\/wp\/v2\/product\/3110","targetHints":{"allow":["GET"]}}],"collection":[{"href":"https:\/\/www.andelutech.com\/es\/wp-json\/wp\/v2\/product"}],"about":[{"href":"https:\/\/www.andelutech.com\/es\/wp-json\/wp\/v2\/types\/product"}],"replies":[{"embeddable":true,"href":"https:\/\/www.andelutech.com\/es\/wp-json\/wp\/v2\/comments?post=3110"}],"wp:featuredmedia":[{"embeddable":true,"href":"https:\/\/www.andelutech.com\/es\/wp-json\/wp\/v2\/media\/3111"}],"wp:attachment":[{"href":"https:\/\/www.andelutech.com\/es\/wp-json\/wp\/v2\/media?parent=3110"}],"wp:term":[{"taxonomy":"product_brand","embeddable":true,"href":"https:\/\/www.andelutech.com\/es\/wp-json\/wp\/v2\/product_brand?post=3110"},{"taxonomy":"product_cat","embeddable":true,"href":"https:\/\/www.andelutech.com\/es\/wp-json\/wp\/v2\/product_cat?post=3110"},{"taxonomy":"product_tag","embeddable":true,"href":"https:\/\/www.andelutech.com\/es\/wp-json\/wp\/v2\/product_tag?post=3110"}],"curies":[{"name":"wp","href":"https:\/\/api.w.org\/{rel}","templated":true}]}}