{"id":3103,"date":"2025-08-07T13:37:44","date_gmt":"2025-08-07T05:37:44","guid":{"rendered":"https:\/\/www.andelutech.com\/?post_type=product&#038;p=3103"},"modified":"2025-08-26T17:55:59","modified_gmt":"2025-08-26T09:55:59","slug":"pd-series-common-low-voltage-electrical-connector-2","status":"publish","type":"product","link":"https:\/\/www.andelutech.com\/es\/product\/pd-series-common-low-voltage-electrical-connector-2\/","title":{"rendered":"Serie PD Conector el\u00e9ctrico de bajo voltaje com\u00fan"},"content":{"rendered":"","protected":false},"excerpt":{"rendered":"<p>Los productos de la serie se utilizan para la aviaci\u00f3n y otros fines militares,<\/p>\n<p>y para la conexi\u00f3n el\u00e9ctrica de circuitos el\u00e9ctricos de baja tensi\u00f3n para uso civil.<\/p>\n<p>El producto cumple con los requisitos de la norma Q \/ 3E20025-2003,<\/p>\n<p>y corresponde al producto ruso con el c\u00f3digo de nombre de \u041d\u0429\u0420, \u041d\u0429\u0420\u0413<\/p>\n<p>y especificaci\u00f3n t\u00e9cnica de B\u043b0.364.003\u0422\u0423.<\/p>","protected":false},"featured_media":3104,"comment_status":"closed","ping_status":"closed","template":"","meta":[],"product_brand":[],"product_cat":[36],"product_tag":[],"class_list":{"0":"post-3103","1":"product","2":"type-product","3":"status-publish","4":"has-post-thumbnail","6":"product_cat-electrical-connector","8":"first","9":"instock","10":"shipping-taxable","11":"product-type-simple"},"_links":{"self":[{"href":"https:\/\/www.andelutech.com\/es\/wp-json\/wp\/v2\/product\/3103","targetHints":{"allow":["GET"]}}],"collection":[{"href":"https:\/\/www.andelutech.com\/es\/wp-json\/wp\/v2\/product"}],"about":[{"href":"https:\/\/www.andelutech.com\/es\/wp-json\/wp\/v2\/types\/product"}],"replies":[{"embeddable":true,"href":"https:\/\/www.andelutech.com\/es\/wp-json\/wp\/v2\/comments?post=3103"}],"wp:featuredmedia":[{"embeddable":true,"href":"https:\/\/www.andelutech.com\/es\/wp-json\/wp\/v2\/media\/3104"}],"wp:attachment":[{"href":"https:\/\/www.andelutech.com\/es\/wp-json\/wp\/v2\/media?parent=3103"}],"wp:term":[{"taxonomy":"product_brand","embeddable":true,"href":"https:\/\/www.andelutech.com\/es\/wp-json\/wp\/v2\/product_brand?post=3103"},{"taxonomy":"product_cat","embeddable":true,"href":"https:\/\/www.andelutech.com\/es\/wp-json\/wp\/v2\/product_cat?post=3103"},{"taxonomy":"product_tag","embeddable":true,"href":"https:\/\/www.andelutech.com\/es\/wp-json\/wp\/v2\/product_tag?post=3103"}],"curies":[{"name":"wp","href":"https:\/\/api.w.org\/{rel}","templated":true}]}}