{"id":3100,"date":"2025-08-07T13:33:56","date_gmt":"2025-08-07T05:33:56","guid":{"rendered":"https:\/\/www.andelutech.com\/?post_type=product&#038;p=3100"},"modified":"2025-08-26T17:35:17","modified_gmt":"2025-08-26T09:35:17","slug":"x-series-electrical-connector-2","status":"publish","type":"product","link":"https:\/\/www.andelutech.com\/es\/product\/x-series-electrical-connector-2\/","title":{"rendered":"Conector el\u00e9ctrico de la serie X"},"content":{"rendered":"","protected":false},"excerpt":{"rendered":"<p>El producto cumple con los requisitos de la norma Q \/ 3E 20006-2003 y<\/p>\n<p>corresponde a los conectores el\u00e9ctricos con el c\u00f3digo de nombre ruso de 2PM, 2PM\u0393<\/p>\n<p>y as\u00ed sucesivamente, y cumple con la especificaci\u00f3n t\u00e9cnica de G\u042fO. 364.020TY. Es&#8217; S ampliamente<\/p>\n<p>aplicado en la aviaci\u00f3n, las armas y otros campos militares y civiles, y utilizado para confiablemente<\/p>\n<p>conectar y desconectar equipos el\u00e9ctricos y circuitos de radio<\/p>","protected":false},"featured_media":3101,"comment_status":"closed","ping_status":"closed","template":"","meta":[],"product_brand":[],"product_cat":[36],"product_tag":[],"class_list":{"0":"post-3100","1":"product","2":"type-product","3":"status-publish","4":"has-post-thumbnail","6":"product_cat-electrical-connector","8":"first","9":"instock","10":"shipping-taxable","11":"product-type-simple"},"_links":{"self":[{"href":"https:\/\/www.andelutech.com\/es\/wp-json\/wp\/v2\/product\/3100","targetHints":{"allow":["GET"]}}],"collection":[{"href":"https:\/\/www.andelutech.com\/es\/wp-json\/wp\/v2\/product"}],"about":[{"href":"https:\/\/www.andelutech.com\/es\/wp-json\/wp\/v2\/types\/product"}],"replies":[{"embeddable":true,"href":"https:\/\/www.andelutech.com\/es\/wp-json\/wp\/v2\/comments?post=3100"}],"wp:featuredmedia":[{"embeddable":true,"href":"https:\/\/www.andelutech.com\/es\/wp-json\/wp\/v2\/media\/3101"}],"wp:attachment":[{"href":"https:\/\/www.andelutech.com\/es\/wp-json\/wp\/v2\/media?parent=3100"}],"wp:term":[{"taxonomy":"product_brand","embeddable":true,"href":"https:\/\/www.andelutech.com\/es\/wp-json\/wp\/v2\/product_brand?post=3100"},{"taxonomy":"product_cat","embeddable":true,"href":"https:\/\/www.andelutech.com\/es\/wp-json\/wp\/v2\/product_cat?post=3100"},{"taxonomy":"product_tag","embeddable":true,"href":"https:\/\/www.andelutech.com\/es\/wp-json\/wp\/v2\/product_tag?post=3100"}],"curies":[{"name":"wp","href":"https:\/\/api.w.org\/{rel}","templated":true}]}}