{"id":3062,"date":"2025-08-07T09:28:58","date_gmt":"2025-08-07T01:28:58","guid":{"rendered":"https:\/\/www.andelutech.com\/?post_type=product&#038;p=3062"},"modified":"2025-08-25T15:43:20","modified_gmt":"2025-08-25T07:43:20","slug":"k-series-hermetic-electrical-connector-2","status":"publish","type":"product","link":"https:\/\/www.andelutech.com\/es\/product\/k-series-hermetic-electrical-connector-2\/","title":{"rendered":"K Serie Hermetic Electrical Conector"},"content":{"rendered":"<p><img fetchpriority=\"high\" decoding=\"async\" class=\"alignnone  wp-image-3160\" src=\"https:\/\/www.andelutech.com\/wp-content\/uploads\/2025\/08\/K-Series.png\"  width=\"1984\" height=\"744\" srcset=\"https:\/\/www.andelutech.com\/wp-content\/uploads\/2025\/08\/K-Series.png 805w, https:\/\/www.andelutech.com\/wp-content\/uploads\/2025\/08\/K-Series-300x113.png 300w, https:\/\/www.andelutech.com\/wp-content\/uploads\/2025\/08\/K-Series-768x288.png 768w, https:\/\/www.andelutech.com\/wp-content\/uploads\/2025\/08\/K-Series-18x7.png 18w, https:\/\/www.andelutech.com\/wp-content\/uploads\/2025\/08\/K-Series-600x225.png 600w\" sizes=\"(max-width: 1984px) 100vw, 1984px\" title=\"K Series Hermetic Electrical Connector\u63d2\u56fe\" alt=\"K Series Hermetic Electrical Connector\u63d2\u56fe\" \/><\/p>","protected":false},"excerpt":{"rendered":"<p><strong>Introducci\u00f3n al producto <\/strong><\/p>\n<p>Los productos de la serie cumplen con los requisitos de<\/p>\n<p>GJB598A-1996 (est\u00e1ndar estadounidense MIL-C-26482G y la industria<\/p>\n<p>est\u00e1ndar HB6-77-83), y se puede emparejar y utilizar conjuntamente<\/p>\n<p>con enchufe con el mismo tama\u00f1o de la carcasa y n\u00famero de inserci\u00f3n de<\/p>\n<p>Serie ZH8525. El contacto K es envuelto mientras que el contacto K-F es<\/p>\n<p>soldado, que son adecuados para la conexi\u00f3n r\u00e1pida y fiable<\/p>\n<p>y desconectar el equipo el\u00e9ctrico de la aeronave y la radio<\/p>\n<p>circuitos del dispositivo.<\/p>","protected":false},"featured_media":3063,"comment_status":"closed","ping_status":"closed","template":"","meta":[],"product_brand":[],"product_cat":[36],"product_tag":[],"class_list":{"0":"post-3062","1":"product","2":"type-product","3":"status-publish","4":"has-post-thumbnail","6":"product_cat-electrical-connector","8":"first","9":"instock","10":"shipping-taxable","11":"product-type-simple"},"_links":{"self":[{"href":"https:\/\/www.andelutech.com\/es\/wp-json\/wp\/v2\/product\/3062","targetHints":{"allow":["GET"]}}],"collection":[{"href":"https:\/\/www.andelutech.com\/es\/wp-json\/wp\/v2\/product"}],"about":[{"href":"https:\/\/www.andelutech.com\/es\/wp-json\/wp\/v2\/types\/product"}],"replies":[{"embeddable":true,"href":"https:\/\/www.andelutech.com\/es\/wp-json\/wp\/v2\/comments?post=3062"}],"wp:featuredmedia":[{"embeddable":true,"href":"https:\/\/www.andelutech.com\/es\/wp-json\/wp\/v2\/media\/3063"}],"wp:attachment":[{"href":"https:\/\/www.andelutech.com\/es\/wp-json\/wp\/v2\/media?parent=3062"}],"wp:term":[{"taxonomy":"product_brand","embeddable":true,"href":"https:\/\/www.andelutech.com\/es\/wp-json\/wp\/v2\/product_brand?post=3062"},{"taxonomy":"product_cat","embeddable":true,"href":"https:\/\/www.andelutech.com\/es\/wp-json\/wp\/v2\/product_cat?post=3062"},{"taxonomy":"product_tag","embeddable":true,"href":"https:\/\/www.andelutech.com\/es\/wp-json\/wp\/v2\/product_tag?post=3062"}],"curies":[{"name":"wp","href":"https:\/\/api.w.org\/{rel}","templated":true}]}}