{"id":3048,"date":"2025-07-31T15:42:41","date_gmt":"2025-07-31T07:42:41","guid":{"rendered":"https:\/\/www.andelutech.com\/?post_type=product&#038;p=3048"},"modified":"2026-03-26T15:08:22","modified_gmt":"2026-03-26T07:08:22","slug":"dual-axis-closed-loop-fiber-optic-gyroscope-and230g","status":"publish","type":"product","link":"https:\/\/www.andelutech.com\/es\/product\/dual-axis-closed-loop-fiber-optic-gyroscope-and230g\/","title":{"rendered":"AND230G Dual-axis closed-loop fiber optic gyroscope"},"content":{"rendered":"<p>Principales indicadores de rendimiento<\/p>\n<p>Estabilidad de sesgo cero: \u22640.1 \u00b0 \/ h (10s, 1\u03c3)<\/p>\n<p>Repetibilidad de sesgo cero: \u22640.1\u00b0\/h<\/p>\n<p>Estabilidad de temperatura variable: \u22640.3 \u00b0 \/ h (10s, 1\u03c3)<\/p>\n<p>Factor de escala no linealidad: \u226450ppm<\/p>\n<p>Repetibilidad completa de la escala de temperatura: \u2264200ppm (1\u03c3)<\/p>\n<p>Rango din\u00e1mico: \u00b1400\u00b0\/s<\/p>\n<p>Caracter\u00edsticas f\u00edsicas<\/p>\n<p>Dimensiones: 90mm x 70mm x 65mm<\/p>\n<p>Peso: 710g\u00b115g<\/p>\n<p>Adaptabilidad ambiental<\/p>\n<p>Temperatura de funcionamiento: -45 \u2103- 75 \u2103<\/p>\n<p>Temperatura de almacenamiento: -55\u2103- 85\u2103<\/p>\n<p>Resistente al impacto: 100g<\/p>\n<p>Resistente a vibraciones aleatorias: 13g<\/p>\n<p>Resistencia a la aceleraci\u00f3n: 50g<\/p>\n<p>Interfaz del producto<\/p>\n<p>Requisitos de alimentaci\u00f3n: 28V<\/p>\n<p>Formulario de salida: RS422output<\/p>","protected":false},"excerpt":{"rendered":"<p>Caracter\u00edsticas del producto<\/p>\n<p>Caracter\u00edsticas: El producto adopta una estructura fotoel\u00e9ctrica integrada, todo-<\/p>\n<p>s\u00f3lido, con protecci\u00f3n de blindaje magn\u00e9tico, y est\u00e1 100% localizado<\/p>\n<p>Campo de aplicaci\u00f3n: Control de actitud<\/p>","protected":false},"featured_media":3297,"comment_status":"closed","ping_status":"closed","template":"","meta":[],"product_brand":[],"product_cat":[22],"product_tag":[],"class_list":{"0":"post-3048","1":"product","2":"type-product","3":"status-publish","4":"has-post-thumbnail","6":"product_cat-gyro-sensor","8":"first","9":"instock","10":"shipping-taxable","11":"product-type-simple"},"_links":{"self":[{"href":"https:\/\/www.andelutech.com\/es\/wp-json\/wp\/v2\/product\/3048","targetHints":{"allow":["GET"]}}],"collection":[{"href":"https:\/\/www.andelutech.com\/es\/wp-json\/wp\/v2\/product"}],"about":[{"href":"https:\/\/www.andelutech.com\/es\/wp-json\/wp\/v2\/types\/product"}],"replies":[{"embeddable":true,"href":"https:\/\/www.andelutech.com\/es\/wp-json\/wp\/v2\/comments?post=3048"}],"wp:featuredmedia":[{"embeddable":true,"href":"https:\/\/www.andelutech.com\/es\/wp-json\/wp\/v2\/media\/3297"}],"wp:attachment":[{"href":"https:\/\/www.andelutech.com\/es\/wp-json\/wp\/v2\/media?parent=3048"}],"wp:term":[{"taxonomy":"product_brand","embeddable":true,"href":"https:\/\/www.andelutech.com\/es\/wp-json\/wp\/v2\/product_brand?post=3048"},{"taxonomy":"product_cat","embeddable":true,"href":"https:\/\/www.andelutech.com\/es\/wp-json\/wp\/v2\/product_cat?post=3048"},{"taxonomy":"product_tag","embeddable":true,"href":"https:\/\/www.andelutech.com\/es\/wp-json\/wp\/v2\/product_tag?post=3048"}],"curies":[{"name":"wp","href":"https:\/\/api.w.org\/{rel}","templated":true}]}}