{"id":3042,"date":"2025-07-31T13:34:17","date_gmt":"2025-07-31T05:34:17","guid":{"rendered":"https:\/\/www.andelutech.com\/?post_type=product&#038;p=3042"},"modified":"2026-01-09T13:25:15","modified_gmt":"2026-01-09T05:25:15","slug":"three-axis-closed-loop-fiber-optic-gyroscope-and350s","status":"publish","type":"product","link":"https:\/\/www.andelutech.com\/es\/product\/three-axis-closed-loop-fiber-optic-gyroscope-and350s\/","title":{"rendered":"AND350SThree-axis closed-loop fiber optic gyroscope"},"content":{"rendered":"","protected":false},"excerpt":{"rendered":"<p>Principales indicadores de rendimiento<\/p>\n<p>Estabilidad de sesgo cero: \u22640.05 \u00b0 \/ h (10s, 1\u03c3)<\/p>\n<p>Repetibilidad de sesgo cero: \u22640.05\u00b0\/h<\/p>\n<p>Estabilidad de temperatura variable: \u22640.1 \u00b0 \/ h (10s, 1\u03c3, 1 \u2103 \/ min)<\/p>\n<p>Factor de escala no linealidad: \u22645ppm<\/p>\n<p>Repetibilidad completa de la escala de temperatura: \u226430ppm (1\u03c3)<\/p>\n<p>Rango din\u00e1mico: \u00b1600\u00b0\/s<\/p>\n<p>Vagando aleatorio: \u22640.0025\u00b0\/\u221ah<\/p>\n<p>Caracter\u00edsticas f\u00edsicas<\/p>\n<p>Dimensiones: 90mm \u00d7 85mm \u00d7 60mm<\/p>\n<p>Peso: 620g \u00b1 20g<\/p>\n<p>Adaptabilidad ambiental<\/p>\n<p>Temperatura de funcionamiento: -45 \u2103- 75 \u2103<\/p>\n<p>Temperatura de almacenamiento: -55\u2103- 85\u2103<\/p>\n<p>Resistente al impacto: 20g<\/p>\n<p>Resistente a vibraciones aleatorias: 6.3g<\/p>\n<p>Interfaz del producto<\/p>\n<p>Requisitos de fuente de alimentaci\u00f3n: \u00b15V<\/p>\n<p>Formulario de salida: RS422output<\/p>\n<p>Caracter\u00edsticas del producto<\/p>\n<p>Caracter\u00edsticas: El producto adopta una estructura integrada de tres ejes<\/p>\n<p>con protecci\u00f3n de blindaje magn\u00e9tico, y se produce en todo el pa\u00eds<\/p>\n<p>Campo de aplicaci\u00f3n: Micro super sistema de actitud<\/p>","protected":false},"featured_media":2970,"comment_status":"closed","ping_status":"closed","template":"","meta":[],"product_brand":[],"product_cat":[22],"product_tag":[],"class_list":{"0":"post-3042","1":"product","2":"type-product","3":"status-publish","4":"has-post-thumbnail","6":"product_cat-gyro-sensor","8":"first","9":"instock","10":"shipping-taxable","11":"product-type-simple"},"_links":{"self":[{"href":"https:\/\/www.andelutech.com\/es\/wp-json\/wp\/v2\/product\/3042","targetHints":{"allow":["GET"]}}],"collection":[{"href":"https:\/\/www.andelutech.com\/es\/wp-json\/wp\/v2\/product"}],"about":[{"href":"https:\/\/www.andelutech.com\/es\/wp-json\/wp\/v2\/types\/product"}],"replies":[{"embeddable":true,"href":"https:\/\/www.andelutech.com\/es\/wp-json\/wp\/v2\/comments?post=3042"}],"wp:featuredmedia":[{"embeddable":true,"href":"https:\/\/www.andelutech.com\/es\/wp-json\/wp\/v2\/media\/2970"}],"wp:attachment":[{"href":"https:\/\/www.andelutech.com\/es\/wp-json\/wp\/v2\/media?parent=3042"}],"wp:term":[{"taxonomy":"product_brand","embeddable":true,"href":"https:\/\/www.andelutech.com\/es\/wp-json\/wp\/v2\/product_brand?post=3042"},{"taxonomy":"product_cat","embeddable":true,"href":"https:\/\/www.andelutech.com\/es\/wp-json\/wp\/v2\/product_cat?post=3042"},{"taxonomy":"product_tag","embeddable":true,"href":"https:\/\/www.andelutech.com\/es\/wp-json\/wp\/v2\/product_tag?post=3042"}],"curies":[{"name":"wp","href":"https:\/\/api.w.org\/{rel}","templated":true}]}}