{"id":3036,"date":"2025-07-31T13:21:03","date_gmt":"2025-07-31T05:21:03","guid":{"rendered":"https:\/\/www.andelutech.com\/?post_type=product&#038;p=3036"},"modified":"2026-03-26T15:11:56","modified_gmt":"2026-03-26T07:11:56","slug":"three-axis-closed-loop-fiber-optic-gyro-combination-and-380a","status":"publish","type":"product","link":"https:\/\/www.andelutech.com\/es\/product\/three-axis-closed-loop-fiber-optic-gyro-combination-and-380a\/","title":{"rendered":"AND-380A Three-axis closed-loop fiber optic gyro combination"},"content":{"rendered":"","protected":false},"excerpt":{"rendered":"<p>Principales indicadores de rendimiento<\/p>\n<p>Estabilidad de sesgo cero: \u22640.007 \u00b0 \/ h (100s, 1\u03c3)<\/p>\n<p>Repetibilidad de sesgo cero: \u22640.05\u00b0\/h (3\u03c3)<\/p>\n<p>Estabilidad de temperatura variable: \u22640.05 \u00b0 \/ h (100s, 3\u03c3, 0.3 \u2103 \/ min)<\/p>\n<p>Factor de escala no linealidad: \u22645ppm<\/p>\n<p>Repetibilidad completa de la escala de temperatura: \u226430ppm (1\u03c3)<\/p>\n<p>Rango din\u00e1mico: \u00b1400\u00b0\/s<\/p>\n<p>Vagando aleatorio: \u22640.001\u00b0\/\u221ah<\/p>\n<p>Caracter\u00edsticas f\u00edsicas<\/p>\n<p>Dimensiones: 127mm \u00d7 121.3mm \u00d7 84mm<\/p>\n<p>Peso: 1346\u00b120g<\/p>\n<p>Interfaz del producto<\/p>\n<p>Requisitos de alimentaci\u00f3n: \u00b15V<\/p>\n<p>Formulario de salida: RS422output<\/p>\n<p>Adaptabilidad ambiental<\/p>\n<p>Temperatura de funcionamiento: -45 \u2103 - 75 \u2103<\/p>\n<p>Temperatura de almacenamiento: -55 \u2103 - 85 \u2103<\/p>\n<p>Resistente al impacto: 30g<\/p>\n<p>Resistente a vibraciones aleatorias: 5.6g<\/p>\n<p>Caracter\u00edsticas del producto<\/p>\n<p>Caracter\u00edsticas: Este producto cuenta con una estructura integrada de tres ejes con protecci\u00f3n de blindaje magn\u00e9tico y es un dise\u00f1o totalmente producido en el pa\u00eds.<\/p>\n<p>Campo de aplicaci\u00f3n: Orientaci\u00f3n de navegaci\u00f3n y posicionamiento de alta precisi\u00f3n producida a nivel nacional<\/p>","protected":false},"featured_media":2973,"comment_status":"closed","ping_status":"closed","template":"","meta":[],"product_brand":[],"product_cat":[22],"product_tag":[],"class_list":{"0":"post-3036","1":"product","2":"type-product","3":"status-publish","4":"has-post-thumbnail","6":"product_cat-gyro-sensor","8":"first","9":"instock","10":"shipping-taxable","11":"product-type-simple"},"_links":{"self":[{"href":"https:\/\/www.andelutech.com\/es\/wp-json\/wp\/v2\/product\/3036","targetHints":{"allow":["GET"]}}],"collection":[{"href":"https:\/\/www.andelutech.com\/es\/wp-json\/wp\/v2\/product"}],"about":[{"href":"https:\/\/www.andelutech.com\/es\/wp-json\/wp\/v2\/types\/product"}],"replies":[{"embeddable":true,"href":"https:\/\/www.andelutech.com\/es\/wp-json\/wp\/v2\/comments?post=3036"}],"wp:featuredmedia":[{"embeddable":true,"href":"https:\/\/www.andelutech.com\/es\/wp-json\/wp\/v2\/media\/2973"}],"wp:attachment":[{"href":"https:\/\/www.andelutech.com\/es\/wp-json\/wp\/v2\/media?parent=3036"}],"wp:term":[{"taxonomy":"product_brand","embeddable":true,"href":"https:\/\/www.andelutech.com\/es\/wp-json\/wp\/v2\/product_brand?post=3036"},{"taxonomy":"product_cat","embeddable":true,"href":"https:\/\/www.andelutech.com\/es\/wp-json\/wp\/v2\/product_cat?post=3036"},{"taxonomy":"product_tag","embeddable":true,"href":"https:\/\/www.andelutech.com\/es\/wp-json\/wp\/v2\/product_tag?post=3036"}],"curies":[{"name":"wp","href":"https:\/\/api.w.org\/{rel}","templated":true}]}}