{"id":3035,"date":"2025-07-31T13:18:22","date_gmt":"2025-07-31T05:18:22","guid":{"rendered":"https:\/\/www.andelutech.com\/?post_type=product&#038;p=3035"},"modified":"2026-03-26T15:28:06","modified_gmt":"2026-03-26T07:28:06","slug":"three-axis-closed-loop-fiber-optic-gyro-combination-and-380b","status":"publish","type":"product","link":"https:\/\/www.andelutech.com\/es\/product\/three-axis-closed-loop-fiber-optic-gyro-combination-and-380b\/","title":{"rendered":"AND-380B Three-axis closed-loop fiber optic gyro combination"},"content":{"rendered":"","protected":false},"excerpt":{"rendered":"<p>Principales indicadores de rendimiento<\/p>\n<p>Estabilidad de sesgo cero: anillos peque\u00f1os \u22640.007 \u00b0 \/ h (100s, 1\u03c3); Macro-bucle\u22640.0015\u00b0\/h (100s, 1\u03c3)<\/p>\n<p>Repetibilidad de sesgo cero: anillos peque\u00f1os \u22640.007 \u00b0 \/ h; Macro-bucle\u22640.0015\u00b0\/h<\/p>\n<p>Estabilidad de temperatura variable: anillos peque\u00f1os\u22640.02 \u00b0 \/ h (100s, 1\u03c3); Macro-bucle\u22640.015\u00b0\/h (100s, 1\u03c3)<\/p>\n<p>No linealidad del factor de escala: \u226410ppm<\/p>\n<p>Repetibilidad completa de la escala de temperatura: \u226450ppm (1\u03c3)<\/p>\n<p>Rango din\u00e1mico: \u00b1400\u00b0\/s<\/p>\n<p>Vagando aleatorio: anillos peque\u00f1os\u22640.0015\u00b0\/\u221ah; Macroloop\u22640.0004\u00b0\/\u221ah<\/p>\n<p>Caracter\u00edsticas f\u00edsicas<\/p>\n<p>Dimensiones: sobre \u03a6147mm<\/p>\n<p>Peso: \u22641800g<\/p>\n<p>Interfaz del producto<\/p>\n<p>Requisitos de alimentaci\u00f3n: \u00b15V<\/p>\n<p>Formulario de salida: RS422output<\/p>\n<p>Adaptabilidad ambiental<\/p>\n<p>Temperatura de funcionamiento: -45 \u2103 - 75 \u2103<\/p>\n<p>Temperatura de almacenamiento: -50 \u2103 - 80 \u2103<\/p>\n<p>Resistente al impacto: 15g<\/p>\n<p>Resistente a vibraciones aleatorias: 7.4g<\/p>\n<p>Caracter\u00edsticas del producto<\/p>\n<p>Caracter\u00edsticas: El producto adopta una estructura integrada de tres ejes, con protecci\u00f3n de blindaje magn\u00e9tico, anillos grandes y peque\u00f1os que coinciden con el dise\u00f1o<\/p>\n<p>Campo de aplicaci\u00f3n: navegaci\u00f3n de alto rendimiento y orientaci\u00f3n de posicionamiento<\/p>","protected":false},"featured_media":2974,"comment_status":"closed","ping_status":"closed","template":"","meta":[],"product_brand":[],"product_cat":[22],"product_tag":[],"class_list":{"0":"post-3035","1":"product","2":"type-product","3":"status-publish","4":"has-post-thumbnail","6":"product_cat-gyro-sensor","8":"first","9":"instock","10":"shipping-taxable","11":"product-type-simple"},"_links":{"self":[{"href":"https:\/\/www.andelutech.com\/es\/wp-json\/wp\/v2\/product\/3035","targetHints":{"allow":["GET"]}}],"collection":[{"href":"https:\/\/www.andelutech.com\/es\/wp-json\/wp\/v2\/product"}],"about":[{"href":"https:\/\/www.andelutech.com\/es\/wp-json\/wp\/v2\/types\/product"}],"replies":[{"embeddable":true,"href":"https:\/\/www.andelutech.com\/es\/wp-json\/wp\/v2\/comments?post=3035"}],"wp:featuredmedia":[{"embeddable":true,"href":"https:\/\/www.andelutech.com\/es\/wp-json\/wp\/v2\/media\/2974"}],"wp:attachment":[{"href":"https:\/\/www.andelutech.com\/es\/wp-json\/wp\/v2\/media?parent=3035"}],"wp:term":[{"taxonomy":"product_brand","embeddable":true,"href":"https:\/\/www.andelutech.com\/es\/wp-json\/wp\/v2\/product_brand?post=3035"},{"taxonomy":"product_cat","embeddable":true,"href":"https:\/\/www.andelutech.com\/es\/wp-json\/wp\/v2\/product_cat?post=3035"},{"taxonomy":"product_tag","embeddable":true,"href":"https:\/\/www.andelutech.com\/es\/wp-json\/wp\/v2\/product_tag?post=3035"}],"curies":[{"name":"wp","href":"https:\/\/api.w.org\/{rel}","templated":true}]}}