{"id":3032,"date":"2025-07-31T13:16:08","date_gmt":"2025-07-31T05:16:08","guid":{"rendered":"https:\/\/www.andelutech.com\/?post_type=product&#038;p=3032"},"modified":"2026-03-26T15:31:42","modified_gmt":"2026-03-26T07:31:42","slug":"three-axis-closed-loop-fiber-optic-gyro-combination-and-380l","status":"publish","type":"product","link":"https:\/\/www.andelutech.com\/es\/product\/three-axis-closed-loop-fiber-optic-gyro-combination-and-380l\/","title":{"rendered":"AND-380L Three-axis closed-loop fiber optic gyro combination"},"content":{"rendered":"","protected":false},"excerpt":{"rendered":"<p>Principales indicadores de rendimiento<\/p>\n<p>Estabilidad de sesgo cero \u2264 0,05\u00b0\/h (10s, 1\u03c3)<\/p>\n<p>Repetibilidad de sesgo cero \u22640.05 \u00b0 \/ h<\/p>\n<p>Temperatura variable \u22640.1 \u00b0 \/ h (10s, 1\u03c3, 0.3 \u2103 \/ min) Factor de escala no linealidad \u226420ppm<\/p>\n<p>Repetibilidad completa de la escala de temperatura \u226450ppm (1\u03c3) Rango din\u00e1mico: \u00b1400\u00b0\/s<\/p>\n<p>Vagando aleatorio: \u22640.002\u00b0\/\u221ah<\/p>\n<p>Caracter\u00edsticas f\u00edsicas<\/p>\n<p>Dimensiones:<\/p>\n<p>Cabecera: \u03a676mm \u00d7 15.8mm<\/p>\n<p>Caja electr\u00f3nica 121mm \u00d7 105mm \u00d7 21mm<\/p>\n<p>Peso: 1022\u00b120g (Entregado con herramientas que pesan 1278g\u00b120g)<\/p>\n<p>Interfaz del producto<\/p>\n<p>Requisitos de alimentaci\u00f3n: \u00b15V<\/p>\n<p>Formulario de salida: RS422output<\/p>\n<p>Adaptabilidad ambiental<\/p>\n<p>Temperatura de funcionamiento: -45 \u2103 - 75 \u2103<\/p>\n<p>Temperatura de almacenamiento: -55\u2103- 85\u2103<\/p>\n<p>Resistente al impacto: 20g<\/p>\n<p>Resistente a vibraciones aleatorias: 5.3g<\/p>\n<p>Caracter\u00edsticas del producto<\/p>\n<p>Caracter\u00edsticas: El producto adopta la estructura de una sola pieza de eje athree con protecci\u00f3n de blindaje magn\u00e9tico, producci\u00f3n nacional y dise\u00f1o qu\u00edmico<\/p>\n<p>Campo de aplicaci\u00f3n: producci\u00f3n nacional de navegaci\u00f3n de alta precisi\u00f3n y orientaci\u00f3n de posicionamiento<\/p>","protected":false},"featured_media":2975,"comment_status":"closed","ping_status":"closed","template":"","meta":[],"product_brand":[],"product_cat":[22],"product_tag":[],"class_list":{"0":"post-3032","1":"product","2":"type-product","3":"status-publish","4":"has-post-thumbnail","6":"product_cat-gyro-sensor","8":"first","9":"instock","10":"shipping-taxable","11":"product-type-simple"},"_links":{"self":[{"href":"https:\/\/www.andelutech.com\/es\/wp-json\/wp\/v2\/product\/3032","targetHints":{"allow":["GET"]}}],"collection":[{"href":"https:\/\/www.andelutech.com\/es\/wp-json\/wp\/v2\/product"}],"about":[{"href":"https:\/\/www.andelutech.com\/es\/wp-json\/wp\/v2\/types\/product"}],"replies":[{"embeddable":true,"href":"https:\/\/www.andelutech.com\/es\/wp-json\/wp\/v2\/comments?post=3032"}],"wp:featuredmedia":[{"embeddable":true,"href":"https:\/\/www.andelutech.com\/es\/wp-json\/wp\/v2\/media\/2975"}],"wp:attachment":[{"href":"https:\/\/www.andelutech.com\/es\/wp-json\/wp\/v2\/media?parent=3032"}],"wp:term":[{"taxonomy":"product_brand","embeddable":true,"href":"https:\/\/www.andelutech.com\/es\/wp-json\/wp\/v2\/product_brand?post=3032"},{"taxonomy":"product_cat","embeddable":true,"href":"https:\/\/www.andelutech.com\/es\/wp-json\/wp\/v2\/product_cat?post=3032"},{"taxonomy":"product_tag","embeddable":true,"href":"https:\/\/www.andelutech.com\/es\/wp-json\/wp\/v2\/product_tag?post=3032"}],"curies":[{"name":"wp","href":"https:\/\/api.w.org\/{rel}","templated":true}]}}